{"id":958,"date":"2025-12-29T18:49:19","date_gmt":"2025-12-29T17:49:19","guid":{"rendered":"https:\/\/progression-verticale.com\/?page_id=958"},"modified":"2025-12-31T14:07:04","modified_gmt":"2025-12-31T13:07:04","slug":"qui-sommes-nous","status":"publish","type":"page","link":"https:\/\/progression-verticale.com\/index.php\/qui-sommes-nous\/","title":{"rendered":"Qui sommes-nous ?"},"content":{"rendered":"\n<div class=\"wp-block-media-text is-stacked-on-mobile\" style=\"grid-template-columns:35% auto\"><figure class=\"wp-block-media-text__media\"><img fetchpriority=\"high\" decoding=\"async\" width=\"317\" height=\"338\" src=\"https:\/\/progression-verticale.com\/wp-content\/uploads\/2025\/12\/Photo-fred.png\" alt=\"\" class=\"wp-image-959 size-full\" srcset=\"https:\/\/progression-verticale.com\/wp-content\/uploads\/2025\/12\/Photo-fred.png 317w, https:\/\/progression-verticale.com\/wp-content\/uploads\/2025\/12\/Photo-fred-281x300.png 281w, https:\/\/progression-verticale.com\/wp-content\/uploads\/2025\/12\/Photo-fred-100x107.png 100w, https:\/\/progression-verticale.com\/wp-content\/uploads\/2025\/12\/Photo-fred-150x160.png 150w, https:\/\/progression-verticale.com\/wp-content\/uploads\/2025\/12\/Photo-fred-200x213.png 200w, https:\/\/progression-verticale.com\/wp-content\/uploads\/2025\/12\/Photo-fred-300x320.png 300w\" sizes=\"(max-width: 317px) 100vw, 317px\" \/><\/figure><div class=\"wp-block-media-text__content\">\n<p><strong>Fred<\/strong><\/p>\n\n\n\n<p>D.E. Escalade en milieux naturels et D.E. Canyon, j&rsquo;ai d\u00e9couvert l&rsquo;escalade \u00e0 Fontainebleau \u00e0 23 ans. Cette d\u00e9couverte a orient\u00e9 toute ma vie: mes \u00e9tudes (\u00e9cole d&rsquo;ing\u00e9nieur \u00e0 Fontainebleau), mon lieu de r\u00e9sidence (Annecy), mes multiples activit\u00e9s en montage (alpinisme, ski de rando, parapente, etc.), et ma vie sentimentale.    <\/p>\n<\/div><\/div>\n\n\n\n<div class=\"wp-block-media-text is-stacked-on-mobile\" style=\"grid-template-columns:35% auto\"><figure class=\"wp-block-media-text__media\"><img decoding=\"async\" width=\"507\" height=\"539\" src=\"https:\/\/progression-verticale.com\/wp-content\/uploads\/2025\/12\/Lorraine-potrait.png\" alt=\"\" class=\"wp-image-962 size-full\" srcset=\"https:\/\/progression-verticale.com\/wp-content\/uploads\/2025\/12\/Lorraine-potrait.png 507w, https:\/\/progression-verticale.com\/wp-content\/uploads\/2025\/12\/Lorraine-potrait-282x300.png 282w, https:\/\/progression-verticale.com\/wp-content\/uploads\/2025\/12\/Lorraine-potrait-100x106.png 100w, https:\/\/progression-verticale.com\/wp-content\/uploads\/2025\/12\/Lorraine-potrait-150x159.png 150w, https:\/\/progression-verticale.com\/wp-content\/uploads\/2025\/12\/Lorraine-potrait-200x213.png 200w, https:\/\/progression-verticale.com\/wp-content\/uploads\/2025\/12\/Lorraine-potrait-300x319.png 300w, https:\/\/progression-verticale.com\/wp-content\/uploads\/2025\/12\/Lorraine-potrait-450x478.png 450w\" sizes=\"(max-width: 507px) 100vw, 507px\" \/><\/figure><div class=\"wp-block-media-text__content\">\n<p><strong>Lorraine<\/strong><\/p>\n\n\n\n<p>C.Q.P. Escalade et initiatrice escalade FFME, j&rsquo;ai grandi dans un environment o\u00f9 la pratique de l&rsquo;escalade et de la montage \u00e9tait au c\u0153ur de mes valeurs familiales. Apr\u00e8s des \u00e9tudes d&rsquo;infirmi\u00e8re et une vie professionnelle et familiale bien remplie, aujourd&rsquo;hui, je vis enti\u00e8rement de ma passion.<\/p>\n<\/div><\/div>\n\n\n\n<p><\/p>\n","protected":false},"excerpt":{"rendered":"<p>Fred D.E. Escalade en milieux naturels et D.E. Canyon, j&rsquo;ai d\u00e9couvert l&rsquo;escalade \u00e0 Fontainebleau \u00e0 23 ans. Cette d\u00e9couverte a orient\u00e9 toute ma vie: mes \u00e9tudes (\u00e9cole d&rsquo;ing\u00e9nieur \u00e0 Fontainebleau), mon lieu de r\u00e9sidence (Annecy), mes multiples activit\u00e9s en montage &hellip;<\/p>\n<p class=\"read-more\"> <a class=\"more-link\" href=\"https:\/\/progression-verticale.com\/index.php\/qui-sommes-nous\/\"> <span class=\"screen-reader-text\">Qui sommes-nous ?<\/span> Read More &raquo;<\/a><\/p>\n","protected":false},"author":1,"featured_media":0,"parent":0,"menu_order":0,"comment_status":"closed","ping_status":"closed","template":"","meta":{"footnotes":""},"class_list":["post-958","page","type-page","status-publish","hentry"],"yoast_head":"<!-- This site is optimized with the Yoast SEO plugin v26.9 - https:\/\/yoast.com\/product\/yoast-seo-wordpress\/ -->\n<title>Qui sommes-nous ? - \u00a0Progression Verticale<\/title>\n<meta name=\"robots\" content=\"index, follow, max-snippet:-1, max-image-preview:large, max-video-preview:-1\" \/>\n<link rel=\"canonical\" href=\"https:\/\/progression-verticale.com\/index.php\/qui-sommes-nous\/\" \/>\n<meta property=\"og:locale\" content=\"fr_FR\" \/>\n<meta property=\"og:type\" content=\"article\" \/>\n<meta property=\"og:title\" content=\"Qui sommes-nous ? - \u00a0Progression Verticale\" \/>\n<meta property=\"og:description\" content=\"Fred D.E. Escalade en milieux naturels et D.E. Canyon, j&rsquo;ai d\u00e9couvert l&rsquo;escalade \u00e0 Fontainebleau \u00e0 23 ans. Cette d\u00e9couverte a orient\u00e9 toute ma vie: mes \u00e9tudes (\u00e9cole d&rsquo;ing\u00e9nieur \u00e0 Fontainebleau), mon lieu de r\u00e9sidence (Annecy), mes multiples activit\u00e9s en montage &hellip; Qui sommes-nous ? Read More &raquo;\" \/>\n<meta property=\"og:url\" content=\"https:\/\/progression-verticale.com\/index.php\/qui-sommes-nous\/\" \/>\n<meta property=\"og:site_name\" content=\"\u00a0Progression Verticale\" \/>\n<meta property=\"article:modified_time\" content=\"2025-12-31T13:07:04+00:00\" \/>\n<meta property=\"og:image\" content=\"https:\/\/progression-verticale.com\/wp-content\/uploads\/2025\/12\/Photo-fred.png\" \/>\n<meta name=\"twitter:card\" content=\"summary_large_image\" \/>\n<meta name=\"twitter:label1\" content=\"Dur\u00e9e de lecture estim\u00e9e\" \/>\n\t<meta name=\"twitter:data1\" content=\"1 minute\" \/>\n<script type=\"application\/ld+json\" class=\"yoast-schema-graph\">{\"@context\":\"https:\/\/schema.org\",\"@graph\":[{\"@type\":\"WebPage\",\"@id\":\"https:\/\/progression-verticale.com\/index.php\/qui-sommes-nous\/\",\"url\":\"https:\/\/progression-verticale.com\/index.php\/qui-sommes-nous\/\",\"name\":\"Qui sommes-nous ? - \u00a0Progression Verticale\",\"isPartOf\":{\"@id\":\"https:\/\/progression-verticale.com\/#website\"},\"primaryImageOfPage\":{\"@id\":\"https:\/\/progression-verticale.com\/index.php\/qui-sommes-nous\/#primaryimage\"},\"image\":{\"@id\":\"https:\/\/progression-verticale.com\/index.php\/qui-sommes-nous\/#primaryimage\"},\"thumbnailUrl\":\"https:\/\/progression-verticale.com\/wp-content\/uploads\/2025\/12\/Photo-fred.png\",\"datePublished\":\"2025-12-29T17:49:19+00:00\",\"dateModified\":\"2025-12-31T13:07:04+00:00\",\"breadcrumb\":{\"@id\":\"https:\/\/progression-verticale.com\/index.php\/qui-sommes-nous\/#breadcrumb\"},\"inLanguage\":\"fr-FR\",\"potentialAction\":[{\"@type\":\"ReadAction\",\"target\":[\"https:\/\/progression-verticale.com\/index.php\/qui-sommes-nous\/\"]}]},{\"@type\":\"ImageObject\",\"inLanguage\":\"fr-FR\",\"@id\":\"https:\/\/progression-verticale.com\/index.php\/qui-sommes-nous\/#primaryimage\",\"url\":\"https:\/\/progression-verticale.com\/wp-content\/uploads\/2025\/12\/Photo-fred.png\",\"contentUrl\":\"https:\/\/progression-verticale.com\/wp-content\/uploads\/2025\/12\/Photo-fred.png\",\"width\":317,\"height\":338},{\"@type\":\"BreadcrumbList\",\"@id\":\"https:\/\/progression-verticale.com\/index.php\/qui-sommes-nous\/#breadcrumb\",\"itemListElement\":[{\"@type\":\"ListItem\",\"position\":1,\"name\":\"Accueil\",\"item\":\"https:\/\/progression-verticale.com\/\"},{\"@type\":\"ListItem\",\"position\":2,\"name\":\"Qui sommes-nous ?\"}]},{\"@type\":\"WebSite\",\"@id\":\"https:\/\/progression-verticale.com\/#website\",\"url\":\"https:\/\/progression-verticale.com\/\",\"name\":\"\u00a0Progression Verticale\",\"description\":\"Pr\u00e9parez votre aventure en escalade, canyoning, terrain d&#039;aventure et autres activit\u00e9s verticales\",\"publisher\":{\"@id\":\"https:\/\/progression-verticale.com\/#organization\"},\"potentialAction\":[{\"@type\":\"SearchAction\",\"target\":{\"@type\":\"EntryPoint\",\"urlTemplate\":\"https:\/\/progression-verticale.com\/?s={search_term_string}\"},\"query-input\":{\"@type\":\"PropertyValueSpecification\",\"valueRequired\":true,\"valueName\":\"search_term_string\"}}],\"inLanguage\":\"fr-FR\"},{\"@type\":\"Organization\",\"@id\":\"https:\/\/progression-verticale.com\/#organization\",\"name\":\"\u00a0Progression Verticale\",\"url\":\"https:\/\/progression-verticale.com\/\",\"logo\":{\"@type\":\"ImageObject\",\"inLanguage\":\"fr-FR\",\"@id\":\"https:\/\/progression-verticale.com\/#\/schema\/logo\/image\/\",\"url\":\"https:\/\/progression-verticale.com\/wp-content\/uploads\/2025\/12\/LogoPV-v2-50.png\",\"contentUrl\":\"https:\/\/progression-verticale.com\/wp-content\/uploads\/2025\/12\/LogoPV-v2-50.png\",\"width\":224,\"height\":221,\"caption\":\"\u00a0Progression Verticale\"},\"image\":{\"@id\":\"https:\/\/progression-verticale.com\/#\/schema\/logo\/image\/\"}}]}<\/script>\n<!-- \/ Yoast SEO plugin. -->","yoast_head_json":{"title":"Qui sommes-nous ? - \u00a0Progression Verticale","robots":{"index":"index","follow":"follow","max-snippet":"max-snippet:-1","max-image-preview":"max-image-preview:large","max-video-preview":"max-video-preview:-1"},"canonical":"https:\/\/progression-verticale.com\/index.php\/qui-sommes-nous\/","og_locale":"fr_FR","og_type":"article","og_title":"Qui sommes-nous ? - \u00a0Progression Verticale","og_description":"Fred D.E. Escalade en milieux naturels et D.E. Canyon, j&rsquo;ai d\u00e9couvert l&rsquo;escalade \u00e0 Fontainebleau \u00e0 23 ans. Cette d\u00e9couverte a orient\u00e9 toute ma vie: mes \u00e9tudes (\u00e9cole d&rsquo;ing\u00e9nieur \u00e0 Fontainebleau), mon lieu de r\u00e9sidence (Annecy), mes multiples activit\u00e9s en montage &hellip; Qui sommes-nous ? Read More &raquo;","og_url":"https:\/\/progression-verticale.com\/index.php\/qui-sommes-nous\/","og_site_name":"\u00a0Progression Verticale","article_modified_time":"2025-12-31T13:07:04+00:00","og_image":[{"url":"https:\/\/progression-verticale.com\/wp-content\/uploads\/2025\/12\/Photo-fred.png","type":"","width":"","height":""}],"twitter_card":"summary_large_image","twitter_misc":{"Dur\u00e9e de lecture estim\u00e9e":"1 minute"},"schema":{"@context":"https:\/\/schema.org","@graph":[{"@type":"WebPage","@id":"https:\/\/progression-verticale.com\/index.php\/qui-sommes-nous\/","url":"https:\/\/progression-verticale.com\/index.php\/qui-sommes-nous\/","name":"Qui sommes-nous ? - \u00a0Progression Verticale","isPartOf":{"@id":"https:\/\/progression-verticale.com\/#website"},"primaryImageOfPage":{"@id":"https:\/\/progression-verticale.com\/index.php\/qui-sommes-nous\/#primaryimage"},"image":{"@id":"https:\/\/progression-verticale.com\/index.php\/qui-sommes-nous\/#primaryimage"},"thumbnailUrl":"https:\/\/progression-verticale.com\/wp-content\/uploads\/2025\/12\/Photo-fred.png","datePublished":"2025-12-29T17:49:19+00:00","dateModified":"2025-12-31T13:07:04+00:00","breadcrumb":{"@id":"https:\/\/progression-verticale.com\/index.php\/qui-sommes-nous\/#breadcrumb"},"inLanguage":"fr-FR","potentialAction":[{"@type":"ReadAction","target":["https:\/\/progression-verticale.com\/index.php\/qui-sommes-nous\/"]}]},{"@type":"ImageObject","inLanguage":"fr-FR","@id":"https:\/\/progression-verticale.com\/index.php\/qui-sommes-nous\/#primaryimage","url":"https:\/\/progression-verticale.com\/wp-content\/uploads\/2025\/12\/Photo-fred.png","contentUrl":"https:\/\/progression-verticale.com\/wp-content\/uploads\/2025\/12\/Photo-fred.png","width":317,"height":338},{"@type":"BreadcrumbList","@id":"https:\/\/progression-verticale.com\/index.php\/qui-sommes-nous\/#breadcrumb","itemListElement":[{"@type":"ListItem","position":1,"name":"Accueil","item":"https:\/\/progression-verticale.com\/"},{"@type":"ListItem","position":2,"name":"Qui sommes-nous ?"}]},{"@type":"WebSite","@id":"https:\/\/progression-verticale.com\/#website","url":"https:\/\/progression-verticale.com\/","name":"\u00a0Progression Verticale","description":"Pr\u00e9parez votre aventure en escalade, canyoning, terrain d&#039;aventure et autres activit\u00e9s verticales","publisher":{"@id":"https:\/\/progression-verticale.com\/#organization"},"potentialAction":[{"@type":"SearchAction","target":{"@type":"EntryPoint","urlTemplate":"https:\/\/progression-verticale.com\/?s={search_term_string}"},"query-input":{"@type":"PropertyValueSpecification","valueRequired":true,"valueName":"search_term_string"}}],"inLanguage":"fr-FR"},{"@type":"Organization","@id":"https:\/\/progression-verticale.com\/#organization","name":"\u00a0Progression Verticale","url":"https:\/\/progression-verticale.com\/","logo":{"@type":"ImageObject","inLanguage":"fr-FR","@id":"https:\/\/progression-verticale.com\/#\/schema\/logo\/image\/","url":"https:\/\/progression-verticale.com\/wp-content\/uploads\/2025\/12\/LogoPV-v2-50.png","contentUrl":"https:\/\/progression-verticale.com\/wp-content\/uploads\/2025\/12\/LogoPV-v2-50.png","width":224,"height":221,"caption":"\u00a0Progression Verticale"},"image":{"@id":"https:\/\/progression-verticale.com\/#\/schema\/logo\/image\/"}}]}},"featured_image_src":"","featured_image_src_square":false,"rbea_author_info":{"display_name":"admin1219","author_link":"https:\/\/progression-verticale.com\/index.php\/author\/admin1219\/"},"rbea_excerpt_info":"Fred D.E. Escalade en milieux naturels et D.E. Canyon, j&rsquo;ai d\u00e9couvert l&rsquo;escalade \u00e0 Fontainebleau \u00e0 23 ans. Cette d\u00e9couverte a orient\u00e9 toute ma vie: mes \u00e9tudes (\u00e9cole d&rsquo;ing\u00e9nieur \u00e0 Fontainebleau), mon lieu de r\u00e9sidence (Annecy), mes multiples activit\u00e9s en montage &hellip;<p class=\"read-more\"> <a class=\"more-link\" href=\"https:\/\/progression-verticale.com\/index.php\/qui-sommes-nous\/\"> <span class=\"screen-reader-text\">Qui sommes-nous ?<\/span> Read More &raquo;<\/a><\/p>","jetpack_sharing_enabled":true,"_links":{"self":[{"href":"https:\/\/progression-verticale.com\/index.php\/wp-json\/wp\/v2\/pages\/958","targetHints":{"allow":["GET"]}}],"collection":[{"href":"https:\/\/progression-verticale.com\/index.php\/wp-json\/wp\/v2\/pages"}],"about":[{"href":"https:\/\/progression-verticale.com\/index.php\/wp-json\/wp\/v2\/types\/page"}],"author":[{"embeddable":true,"href":"https:\/\/progression-verticale.com\/index.php\/wp-json\/wp\/v2\/users\/1"}],"replies":[{"embeddable":true,"href":"https:\/\/progression-verticale.com\/index.php\/wp-json\/wp\/v2\/comments?post=958"}],"version-history":[{"count":4,"href":"https:\/\/progression-verticale.com\/index.php\/wp-json\/wp\/v2\/pages\/958\/revisions"}],"predecessor-version":[{"id":990,"href":"https:\/\/progression-verticale.com\/index.php\/wp-json\/wp\/v2\/pages\/958\/revisions\/990"}],"wp:attachment":[{"href":"https:\/\/progression-verticale.com\/index.php\/wp-json\/wp\/v2\/media?parent=958"}],"curies":[{"name":"wp","href":"https:\/\/api.w.org\/{rel}","templated":true}]}}