{"id":844,"date":"2025-12-30T11:43:37","date_gmt":"2025-12-30T10:43:37","guid":{"rendered":"https:\/\/progression-verticale.com\/?page_id=844"},"modified":"2026-02-12T19:17:10","modified_gmt":"2026-02-12T18:17:10","slug":"accueil","status":"publish","type":"page","link":"https:\/\/progression-verticale.com\/","title":{"rendered":"Accueil"},"content":{"rendered":"\n<p class=\"has-text-align-center has-large-font-size\">Bienvenue sur Progression Verticale!<\/p>\n\n\n\n<p>Vous avez envie d\u2019aventure et voulez devenir autonome en escalade, canyon ou via ferrata\u00a0? Alors, vous \u00eates au bon endroit.<\/p>\n\n\n\n<figure class=\"wp-block-video\"><video height=\"720\" style=\"aspect-ratio: 1280 \/ 720;\" width=\"1280\" autoplay controls loop muted src=\"https:\/\/progression-verticale.com\/wp-content\/uploads\/2025\/12\/ProgressionVerticale2.mp4\" playsinline><\/video><\/figure>\n\n\n\n<p class=\"has-normal-font-size\">Vous trouverez sur ce site des formations et stages dont l&rsquo;objectif principal est de vous transmettre un maximum de connaissances et de techniques pour que vous puissiez ensuite organiser vos propres aventures.<\/p>\n\n\n\n<p class=\"has-normal-font-size\">Les formations ont lieu principalement sur la <a href=\"https:\/\/www.lac-annecy.com\/\">r\u00e9gion annecienne<\/a> (en salle ou en ext\u00e9rieur). Les stages sont \u00e9galement organis\u00e9s sur les sites embl\u00e9matiques fran\u00e7ais (<a href=\"https:\/\/www.parcduverdon.fr\/\">Verdon<\/a>, <a href=\"http:\/\/www.calanques-parcnational.fr\/fr\">Calanques de Marseille<\/a>, <a href=\"https:\/\/www.sisteron-buech.fr\/fr\/j-aime-provence\/visite-6-merveilles\/orpierre-village-grimpe\">Orpierre<\/a>, <a href=\"http:\/\/www.buoux-village.com\/\">Buoux<\/a>, <a href=\"https:\/\/www.aixenprovencetourism.com\/nature\/montagne-sainte-victoire\/\">Montagne Sainte-Victoire<\/a>, etc.) ou m\u00eame \u00e0 l\u2019\u00e9tranger.<\/p>\n\n\n\n<p class=\"has-normal-font-size\">Tout est fait sur mesure selon vos besoins et envies. N\u2019h\u00e9sitez pas \u00e0 vous <a href=\"https:\/\/progression-verticale.com\/index.php\/contact\/\" data-type=\"URL\" data-id=\"https:\/\/progression-verticale.com\/index.php\/contact\/\">renseigner<\/a>.<\/p>\n\n\n\n<h2 class=\"wp-block-heading\"><\/h2>\n","protected":false},"excerpt":{"rendered":"<p>Bienvenue sur Progression Verticale! Vous avez envie d\u2019aventure et voulez devenir autonome en escalade, canyon ou via ferrata\u00a0? Alors, vous \u00eates au bon endroit. Vous trouverez sur ce site des formations et stages dont l&rsquo;objectif principal est de vous transmettre &hellip;<\/p>\n<p class=\"read-more\"> <a class=\"more-link\" href=\"https:\/\/progression-verticale.com\/\"> <span class=\"screen-reader-text\">Accueil<\/span> Read More &raquo;<\/a><\/p>\n","protected":false},"author":1,"featured_media":0,"parent":0,"menu_order":0,"comment_status":"closed","ping_status":"closed","template":"","meta":{"footnotes":""},"class_list":["post-844","page","type-page","status-publish","hentry"],"yoast_head":"<!-- This site is optimized with the Yoast SEO plugin v26.9 - https:\/\/yoast.com\/product\/yoast-seo-wordpress\/ -->\n<title>Accueil - \u00a0Progression Verticale<\/title>\n<meta name=\"description\" content=\"Devenir autonome en escalade en grandes voies sportives, en terrain d&#039;aventure, en via ferrata ou canyoning.\" \/>\n<meta name=\"robots\" content=\"index, follow, max-snippet:-1, max-image-preview:large, max-video-preview:-1\" \/>\n<link rel=\"canonical\" href=\"https:\/\/progression-verticale.com\/\" \/>\n<meta property=\"og:locale\" content=\"fr_FR\" \/>\n<meta property=\"og:type\" content=\"article\" \/>\n<meta property=\"og:title\" content=\"Accueil - \u00a0Progression Verticale\" \/>\n<meta property=\"og:description\" content=\"Devenir autonome en escalade en grandes voies sportives, en terrain d&#039;aventure, en via ferrata ou canyoning.\" \/>\n<meta property=\"og:url\" content=\"https:\/\/progression-verticale.com\/\" \/>\n<meta property=\"og:site_name\" content=\"\u00a0Progression Verticale\" \/>\n<meta property=\"article:modified_time\" content=\"2026-02-12T18:17:10+00:00\" \/>\n<meta name=\"twitter:card\" content=\"summary_large_image\" \/>\n<meta name=\"twitter:label1\" content=\"Dur\u00e9e de lecture estim\u00e9e\" \/>\n\t<meta name=\"twitter:data1\" content=\"1 minute\" \/>\n<script type=\"application\/ld+json\" class=\"yoast-schema-graph\">{\"@context\":\"https:\/\/schema.org\",\"@graph\":[{\"@type\":\"WebPage\",\"@id\":\"https:\/\/progression-verticale.com\/\",\"url\":\"https:\/\/progression-verticale.com\/\",\"name\":\"Accueil - \u00a0Progression Verticale\",\"isPartOf\":{\"@id\":\"https:\/\/progression-verticale.com\/#website\"},\"datePublished\":\"2025-12-30T10:43:37+00:00\",\"dateModified\":\"2026-02-12T18:17:10+00:00\",\"description\":\"Devenir autonome en escalade en grandes voies sportives, en terrain d'aventure, en via ferrata ou canyoning.\",\"breadcrumb\":{\"@id\":\"https:\/\/progression-verticale.com\/#breadcrumb\"},\"inLanguage\":\"fr-FR\",\"potentialAction\":[{\"@type\":\"ReadAction\",\"target\":[\"https:\/\/progression-verticale.com\/\"]}]},{\"@type\":\"BreadcrumbList\",\"@id\":\"https:\/\/progression-verticale.com\/#breadcrumb\",\"itemListElement\":[{\"@type\":\"ListItem\",\"position\":1,\"name\":\"Accueil\",\"item\":\"https:\/\/progression-verticale.com\/\"},{\"@type\":\"ListItem\",\"position\":2,\"name\":\"Accueil\"}]},{\"@type\":\"WebSite\",\"@id\":\"https:\/\/progression-verticale.com\/#website\",\"url\":\"https:\/\/progression-verticale.com\/\",\"name\":\"\u00a0Progression Verticale\",\"description\":\"Pr\u00e9parez votre aventure en escalade, canyoning, terrain d&#039;aventure et autres activit\u00e9s verticales\",\"publisher\":{\"@id\":\"https:\/\/progression-verticale.com\/#organization\"},\"potentialAction\":[{\"@type\":\"SearchAction\",\"target\":{\"@type\":\"EntryPoint\",\"urlTemplate\":\"https:\/\/progression-verticale.com\/?s={search_term_string}\"},\"query-input\":{\"@type\":\"PropertyValueSpecification\",\"valueRequired\":true,\"valueName\":\"search_term_string\"}}],\"inLanguage\":\"fr-FR\"},{\"@type\":\"Organization\",\"@id\":\"https:\/\/progression-verticale.com\/#organization\",\"name\":\"\u00a0Progression Verticale\",\"url\":\"https:\/\/progression-verticale.com\/\",\"logo\":{\"@type\":\"ImageObject\",\"inLanguage\":\"fr-FR\",\"@id\":\"https:\/\/progression-verticale.com\/#\/schema\/logo\/image\/\",\"url\":\"https:\/\/progression-verticale.com\/wp-content\/uploads\/2025\/12\/LogoPV-v2-50.png\",\"contentUrl\":\"https:\/\/progression-verticale.com\/wp-content\/uploads\/2025\/12\/LogoPV-v2-50.png\",\"width\":224,\"height\":221,\"caption\":\"\u00a0Progression Verticale\"},\"image\":{\"@id\":\"https:\/\/progression-verticale.com\/#\/schema\/logo\/image\/\"}}]}<\/script>\n<!-- \/ Yoast SEO plugin. -->","yoast_head_json":{"title":"Accueil - \u00a0Progression Verticale","description":"Devenir autonome en escalade en grandes voies sportives, en terrain d'aventure, en via ferrata ou canyoning.","robots":{"index":"index","follow":"follow","max-snippet":"max-snippet:-1","max-image-preview":"max-image-preview:large","max-video-preview":"max-video-preview:-1"},"canonical":"https:\/\/progression-verticale.com\/","og_locale":"fr_FR","og_type":"article","og_title":"Accueil - \u00a0Progression Verticale","og_description":"Devenir autonome en escalade en grandes voies sportives, en terrain d'aventure, en via ferrata ou canyoning.","og_url":"https:\/\/progression-verticale.com\/","og_site_name":"\u00a0Progression Verticale","article_modified_time":"2026-02-12T18:17:10+00:00","twitter_card":"summary_large_image","twitter_misc":{"Dur\u00e9e de lecture estim\u00e9e":"1 minute"},"schema":{"@context":"https:\/\/schema.org","@graph":[{"@type":"WebPage","@id":"https:\/\/progression-verticale.com\/","url":"https:\/\/progression-verticale.com\/","name":"Accueil - \u00a0Progression Verticale","isPartOf":{"@id":"https:\/\/progression-verticale.com\/#website"},"datePublished":"2025-12-30T10:43:37+00:00","dateModified":"2026-02-12T18:17:10+00:00","description":"Devenir autonome en escalade en grandes voies sportives, en terrain d'aventure, en via ferrata ou canyoning.","breadcrumb":{"@id":"https:\/\/progression-verticale.com\/#breadcrumb"},"inLanguage":"fr-FR","potentialAction":[{"@type":"ReadAction","target":["https:\/\/progression-verticale.com\/"]}]},{"@type":"BreadcrumbList","@id":"https:\/\/progression-verticale.com\/#breadcrumb","itemListElement":[{"@type":"ListItem","position":1,"name":"Accueil","item":"https:\/\/progression-verticale.com\/"},{"@type":"ListItem","position":2,"name":"Accueil"}]},{"@type":"WebSite","@id":"https:\/\/progression-verticale.com\/#website","url":"https:\/\/progression-verticale.com\/","name":"\u00a0Progression Verticale","description":"Pr\u00e9parez votre aventure en escalade, canyoning, terrain d&#039;aventure et autres activit\u00e9s verticales","publisher":{"@id":"https:\/\/progression-verticale.com\/#organization"},"potentialAction":[{"@type":"SearchAction","target":{"@type":"EntryPoint","urlTemplate":"https:\/\/progression-verticale.com\/?s={search_term_string}"},"query-input":{"@type":"PropertyValueSpecification","valueRequired":true,"valueName":"search_term_string"}}],"inLanguage":"fr-FR"},{"@type":"Organization","@id":"https:\/\/progression-verticale.com\/#organization","name":"\u00a0Progression Verticale","url":"https:\/\/progression-verticale.com\/","logo":{"@type":"ImageObject","inLanguage":"fr-FR","@id":"https:\/\/progression-verticale.com\/#\/schema\/logo\/image\/","url":"https:\/\/progression-verticale.com\/wp-content\/uploads\/2025\/12\/LogoPV-v2-50.png","contentUrl":"https:\/\/progression-verticale.com\/wp-content\/uploads\/2025\/12\/LogoPV-v2-50.png","width":224,"height":221,"caption":"\u00a0Progression Verticale"},"image":{"@id":"https:\/\/progression-verticale.com\/#\/schema\/logo\/image\/"}}]}},"featured_image_src":"","featured_image_src_square":false,"rbea_author_info":{"display_name":"admin1219","author_link":"https:\/\/progression-verticale.com\/index.php\/author\/admin1219\/"},"rbea_excerpt_info":"Bienvenue sur Progression Verticale! Vous avez envie d\u2019aventure et voulez devenir autonome en escalade, canyon ou via ferrata\u00a0? Alors, vous \u00eates au bon endroit. Vous trouverez sur ce site des formations et stages dont l&rsquo;objectif principal est de vous transmettre &hellip;<p class=\"read-more\"> <a class=\"more-link\" href=\"https:\/\/progression-verticale.com\/\"> <span class=\"screen-reader-text\">Accueil<\/span> Read More &raquo;<\/a><\/p>","jetpack_sharing_enabled":true,"_links":{"self":[{"href":"https:\/\/progression-verticale.com\/index.php\/wp-json\/wp\/v2\/pages\/844","targetHints":{"allow":["GET"]}}],"collection":[{"href":"https:\/\/progression-verticale.com\/index.php\/wp-json\/wp\/v2\/pages"}],"about":[{"href":"https:\/\/progression-verticale.com\/index.php\/wp-json\/wp\/v2\/types\/page"}],"author":[{"embeddable":true,"href":"https:\/\/progression-verticale.com\/index.php\/wp-json\/wp\/v2\/users\/1"}],"replies":[{"embeddable":true,"href":"https:\/\/progression-verticale.com\/index.php\/wp-json\/wp\/v2\/comments?post=844"}],"version-history":[{"count":12,"href":"https:\/\/progression-verticale.com\/index.php\/wp-json\/wp\/v2\/pages\/844\/revisions"}],"predecessor-version":[{"id":988,"href":"https:\/\/progression-verticale.com\/index.php\/wp-json\/wp\/v2\/pages\/844\/revisions\/988"}],"wp:attachment":[{"href":"https:\/\/progression-verticale.com\/index.php\/wp-json\/wp\/v2\/media?parent=844"}],"curies":[{"name":"wp","href":"https:\/\/api.w.org\/{rel}","templated":true}]}}