{"id":81,"date":"2021-08-09T17:08:26","date_gmt":"2021-08-09T15:08:26","guid":{"rendered":"http:\/\/progrew.cluster024.hosting.ovh.net\/?page_id=81"},"modified":"2026-02-12T15:25:25","modified_gmt":"2026-02-12T14:25:25","slug":"canyon","status":"publish","type":"page","link":"https:\/\/progression-verticale.com\/index.php\/canyon\/","title":{"rendered":"Canyon"},"content":{"rendered":"\n<div class=\"wp-block-media-text alignwide is-stacked-on-mobile\" style=\"grid-template-columns:28% auto\"><figure class=\"wp-block-media-text__media\"><img fetchpriority=\"high\" decoding=\"async\" width=\"768\" height=\"1024\" src=\"https:\/\/progression-verticale.com\/wp-content\/uploads\/2022\/03\/20200913_110639-768x1024.jpg\" alt=\"\" class=\"wp-image-188 size-full\" srcset=\"https:\/\/progression-verticale.com\/wp-content\/uploads\/2022\/03\/20200913_110639-768x1024.jpg 768w, https:\/\/progression-verticale.com\/wp-content\/uploads\/2022\/03\/20200913_110639-225x300.jpg 225w, https:\/\/progression-verticale.com\/wp-content\/uploads\/2022\/03\/20200913_110639-1152x1536.jpg 1152w, https:\/\/progression-verticale.com\/wp-content\/uploads\/2022\/03\/20200913_110639-1536x2048.jpg 1536w, https:\/\/progression-verticale.com\/wp-content\/uploads\/2022\/03\/20200913_110639-scaled.jpg 1920w\" sizes=\"(max-width: 768px) 100vw, 768px\" \/><\/figure><div class=\"wp-block-media-text__content\">\n<p class=\"has-normal-font-size\">Vous avez d\u00e9j\u00e0 fait une sortie d\u00e9couverte en canyon et aimeriez en apprendre plus sur les techniques de progression. Cette initiation vous permettra de d\u00e9couvrir les rudiments du canyoning afin d\u2019\u00eatre capable de parcourir des canyons simples. Au programme&nbsp;: techniques d\u2019\u00e9volution en canyon, apprentissage des sauts, des descentes sur toboggan et clef de blocage pour rappels simples.  &nbsp;&nbsp;&nbsp;<\/p>\n\n\n\n<p class=\"has-normal-font-size\">Niveau minimum requis&nbsp;: savoir nager<\/p>\n\n\n\n<p class=\"has-normal-font-size\">Tarif&nbsp;: \u00e0 partir de 80 euros par personne et par s\u00e9ance pour un minimum de 3 personnes. &nbsp;&nbsp;<\/p>\n\n\n\n<p class=\"has-normal-font-size\">Le prix comprend le mat\u00e9riel (except\u00e9 les chaussures). Le transport sur les sites est \u00e0 la charge des participants.<\/p>\n<\/div><\/div>\n\n\n\n<figure class=\"wp-block-gallery has-nested-images columns-default is-cropped wp-block-gallery-1 is-layout-flex wp-block-gallery-is-layout-flex\">\n<figure class=\"wp-block-image size-large\"><img decoding=\"async\" width=\"1024\" height=\"768\" data-id=\"270\" src=\"https:\/\/progression-verticale.com\/wp-content\/uploads\/2022\/04\/20201018_094623-1024x768.jpg\" alt=\"Infernet\" class=\"wp-image-270\" srcset=\"https:\/\/progression-verticale.com\/wp-content\/uploads\/2022\/04\/20201018_094623-1024x768.jpg 1024w, https:\/\/progression-verticale.com\/wp-content\/uploads\/2022\/04\/20201018_094623-300x225.jpg 300w, https:\/\/progression-verticale.com\/wp-content\/uploads\/2022\/04\/20201018_094623-768x576.jpg 768w, https:\/\/progression-verticale.com\/wp-content\/uploads\/2022\/04\/20201018_094623-1536x1152.jpg 1536w, https:\/\/progression-verticale.com\/wp-content\/uploads\/2022\/04\/20201018_094623-2048x1536.jpg 2048w\" sizes=\"(max-width: 1024px) 100vw, 1024px\" \/><\/figure>\n\n\n\n<figure class=\"wp-block-image size-large\"><img decoding=\"async\" width=\"1024\" height=\"768\" data-id=\"271\" src=\"https:\/\/progression-verticale.com\/wp-content\/uploads\/2022\/04\/20201206_145735-1024x768.jpg\" alt=\"Rots de Balme\" class=\"wp-image-271\" srcset=\"https:\/\/progression-verticale.com\/wp-content\/uploads\/2022\/04\/20201206_145735-1024x768.jpg 1024w, https:\/\/progression-verticale.com\/wp-content\/uploads\/2022\/04\/20201206_145735-300x225.jpg 300w, https:\/\/progression-verticale.com\/wp-content\/uploads\/2022\/04\/20201206_145735-768x576.jpg 768w, https:\/\/progression-verticale.com\/wp-content\/uploads\/2022\/04\/20201206_145735-1536x1152.jpg 1536w, https:\/\/progression-verticale.com\/wp-content\/uploads\/2022\/04\/20201206_145735-2048x1536.jpg 2048w\" sizes=\"(max-width: 1024px) 100vw, 1024px\" \/><\/figure>\n\n\n\n<figure class=\"wp-block-image size-large\"><img loading=\"lazy\" decoding=\"async\" width=\"1024\" height=\"768\" data-id=\"272\" src=\"https:\/\/progression-verticale.com\/wp-content\/uploads\/2022\/04\/G0890539-1024x768.jpg\" alt=\"Tobogan Grand Galet \" class=\"wp-image-272\" srcset=\"https:\/\/progression-verticale.com\/wp-content\/uploads\/2022\/04\/G0890539-1024x768.jpg 1024w, https:\/\/progression-verticale.com\/wp-content\/uploads\/2022\/04\/G0890539-300x225.jpg 300w, https:\/\/progression-verticale.com\/wp-content\/uploads\/2022\/04\/G0890539-768x576.jpg 768w, https:\/\/progression-verticale.com\/wp-content\/uploads\/2022\/04\/G0890539-1536x1152.jpg 1536w, https:\/\/progression-verticale.com\/wp-content\/uploads\/2022\/04\/G0890539-2048x1536.jpg 2048w\" sizes=\"(max-width: 1024px) 100vw, 1024px\" \/><\/figure>\n\n\n\n<figure class=\"wp-block-image size-large\"><img loading=\"lazy\" decoding=\"async\" width=\"1024\" height=\"768\" data-id=\"273\" src=\"https:\/\/progression-verticale.com\/wp-content\/uploads\/2022\/04\/G0680387-1024x768.jpg\" alt=\"Rappel Grand Galet \" class=\"wp-image-273\" srcset=\"https:\/\/progression-verticale.com\/wp-content\/uploads\/2022\/04\/G0680387-1024x768.jpg 1024w, https:\/\/progression-verticale.com\/wp-content\/uploads\/2022\/04\/G0680387-300x225.jpg 300w, https:\/\/progression-verticale.com\/wp-content\/uploads\/2022\/04\/G0680387-768x576.jpg 768w, https:\/\/progression-verticale.com\/wp-content\/uploads\/2022\/04\/G0680387-1536x1152.jpg 1536w, https:\/\/progression-verticale.com\/wp-content\/uploads\/2022\/04\/G0680387-2048x1536.jpg 2048w\" sizes=\"(max-width: 1024px) 100vw, 1024px\" \/><\/figure>\n<\/figure>\n","protected":false},"excerpt":{"rendered":"<p>Vous avez d\u00e9j\u00e0 fait une sortie d\u00e9couverte en canyon et aimeriez en apprendre plus sur les techniques de progression. Cette initiation vous permettra de d\u00e9couvrir les rudiments du canyoning afin d\u2019\u00eatre capable de parcourir des canyons simples. Au programme&nbsp;: techniques &hellip;<\/p>\n<p class=\"read-more\"> <a class=\"more-link\" href=\"https:\/\/progression-verticale.com\/index.php\/canyon\/\"> <span class=\"screen-reader-text\">Canyon<\/span> Read More &raquo;<\/a><\/p>\n","protected":false},"author":1,"featured_media":0,"parent":0,"menu_order":0,"comment_status":"closed","ping_status":"closed","template":"","meta":{"footnotes":""},"class_list":["post-81","page","type-page","status-publish","hentry"],"yoast_head":"<!-- This site is optimized with the Yoast SEO plugin v26.9 - https:\/\/yoast.com\/product\/yoast-seo-wordpress\/ -->\n<title>Canyon - \u00a0Progression Verticale<\/title>\n<meta name=\"description\" content=\"Initiation et perfectionnement canyon en Haute-Savoie, Savoie ou Is\u00e8re. Stage sur mesure en fonction du niveau des participants.\" \/>\n<meta name=\"robots\" content=\"index, follow, max-snippet:-1, max-image-preview:large, max-video-preview:-1\" \/>\n<link rel=\"canonical\" href=\"https:\/\/progression-verticale.com\/index.php\/canyon\/\" \/>\n<meta property=\"og:locale\" content=\"fr_FR\" \/>\n<meta property=\"og:type\" content=\"article\" \/>\n<meta property=\"og:title\" content=\"Canyon - \u00a0Progression Verticale\" \/>\n<meta property=\"og:description\" content=\"Initiation et perfectionnement canyon en Haute-Savoie, Savoie ou Is\u00e8re. Stage sur mesure en fonction du niveau des participants.\" \/>\n<meta property=\"og:url\" content=\"https:\/\/progression-verticale.com\/index.php\/canyon\/\" \/>\n<meta property=\"og:site_name\" content=\"\u00a0Progression Verticale\" \/>\n<meta property=\"article:modified_time\" content=\"2026-02-12T14:25:25+00:00\" \/>\n<meta property=\"og:image\" content=\"https:\/\/progression-verticale.com\/wp-content\/uploads\/2022\/03\/20200913_110639-768x1024.jpg\" \/>\n<meta name=\"twitter:card\" content=\"summary_large_image\" \/>\n<meta name=\"twitter:label1\" content=\"Dur\u00e9e de lecture estim\u00e9e\" \/>\n\t<meta name=\"twitter:data1\" content=\"2 minutes\" \/>\n<script type=\"application\/ld+json\" class=\"yoast-schema-graph\">{\"@context\":\"https:\/\/schema.org\",\"@graph\":[{\"@type\":\"WebPage\",\"@id\":\"https:\/\/progression-verticale.com\/index.php\/canyon\/\",\"url\":\"https:\/\/progression-verticale.com\/index.php\/canyon\/\",\"name\":\"Canyon - \u00a0Progression Verticale\",\"isPartOf\":{\"@id\":\"https:\/\/progression-verticale.com\/#website\"},\"primaryImageOfPage\":{\"@id\":\"https:\/\/progression-verticale.com\/index.php\/canyon\/#primaryimage\"},\"image\":{\"@id\":\"https:\/\/progression-verticale.com\/index.php\/canyon\/#primaryimage\"},\"thumbnailUrl\":\"https:\/\/progression-verticale.com\/wp-content\/uploads\/2022\/03\/20200913_110639-768x1024.jpg\",\"datePublished\":\"2021-08-09T15:08:26+00:00\",\"dateModified\":\"2026-02-12T14:25:25+00:00\",\"description\":\"Initiation et perfectionnement canyon en Haute-Savoie, Savoie ou Is\u00e8re. Stage sur mesure en fonction du niveau des participants.\",\"breadcrumb\":{\"@id\":\"https:\/\/progression-verticale.com\/index.php\/canyon\/#breadcrumb\"},\"inLanguage\":\"fr-FR\",\"potentialAction\":[{\"@type\":\"ReadAction\",\"target\":[\"https:\/\/progression-verticale.com\/index.php\/canyon\/\"]}]},{\"@type\":\"ImageObject\",\"inLanguage\":\"fr-FR\",\"@id\":\"https:\/\/progression-verticale.com\/index.php\/canyon\/#primaryimage\",\"url\":\"https:\/\/progression-verticale.com\/wp-content\/uploads\/2022\/03\/20200913_110639-scaled.jpg\",\"contentUrl\":\"https:\/\/progression-verticale.com\/wp-content\/uploads\/2022\/03\/20200913_110639-scaled.jpg\",\"width\":1920,\"height\":2560},{\"@type\":\"BreadcrumbList\",\"@id\":\"https:\/\/progression-verticale.com\/index.php\/canyon\/#breadcrumb\",\"itemListElement\":[{\"@type\":\"ListItem\",\"position\":1,\"name\":\"Accueil\",\"item\":\"https:\/\/progression-verticale.com\/\"},{\"@type\":\"ListItem\",\"position\":2,\"name\":\"Canyon\"}]},{\"@type\":\"WebSite\",\"@id\":\"https:\/\/progression-verticale.com\/#website\",\"url\":\"https:\/\/progression-verticale.com\/\",\"name\":\"\u00a0Progression Verticale\",\"description\":\"Pr\u00e9parez votre aventure en escalade, canyoning, terrain d&#039;aventure et autres activit\u00e9s verticales\",\"publisher\":{\"@id\":\"https:\/\/progression-verticale.com\/#organization\"},\"potentialAction\":[{\"@type\":\"SearchAction\",\"target\":{\"@type\":\"EntryPoint\",\"urlTemplate\":\"https:\/\/progression-verticale.com\/?s={search_term_string}\"},\"query-input\":{\"@type\":\"PropertyValueSpecification\",\"valueRequired\":true,\"valueName\":\"search_term_string\"}}],\"inLanguage\":\"fr-FR\"},{\"@type\":\"Organization\",\"@id\":\"https:\/\/progression-verticale.com\/#organization\",\"name\":\"\u00a0Progression Verticale\",\"url\":\"https:\/\/progression-verticale.com\/\",\"logo\":{\"@type\":\"ImageObject\",\"inLanguage\":\"fr-FR\",\"@id\":\"https:\/\/progression-verticale.com\/#\/schema\/logo\/image\/\",\"url\":\"https:\/\/progression-verticale.com\/wp-content\/uploads\/2025\/12\/LogoPV-v2-50.png\",\"contentUrl\":\"https:\/\/progression-verticale.com\/wp-content\/uploads\/2025\/12\/LogoPV-v2-50.png\",\"width\":224,\"height\":221,\"caption\":\"\u00a0Progression Verticale\"},\"image\":{\"@id\":\"https:\/\/progression-verticale.com\/#\/schema\/logo\/image\/\"}}]}<\/script>\n<!-- \/ Yoast SEO plugin. -->","yoast_head_json":{"title":"Canyon - \u00a0Progression Verticale","description":"Initiation et perfectionnement canyon en Haute-Savoie, Savoie ou Is\u00e8re. Stage sur mesure en fonction du niveau des participants.","robots":{"index":"index","follow":"follow","max-snippet":"max-snippet:-1","max-image-preview":"max-image-preview:large","max-video-preview":"max-video-preview:-1"},"canonical":"https:\/\/progression-verticale.com\/index.php\/canyon\/","og_locale":"fr_FR","og_type":"article","og_title":"Canyon - \u00a0Progression Verticale","og_description":"Initiation et perfectionnement canyon en Haute-Savoie, Savoie ou Is\u00e8re. Stage sur mesure en fonction du niveau des participants.","og_url":"https:\/\/progression-verticale.com\/index.php\/canyon\/","og_site_name":"\u00a0Progression Verticale","article_modified_time":"2026-02-12T14:25:25+00:00","og_image":[{"url":"https:\/\/progression-verticale.com\/wp-content\/uploads\/2022\/03\/20200913_110639-768x1024.jpg","type":"","width":"","height":""}],"twitter_card":"summary_large_image","twitter_misc":{"Dur\u00e9e de lecture estim\u00e9e":"2 minutes"},"schema":{"@context":"https:\/\/schema.org","@graph":[{"@type":"WebPage","@id":"https:\/\/progression-verticale.com\/index.php\/canyon\/","url":"https:\/\/progression-verticale.com\/index.php\/canyon\/","name":"Canyon - \u00a0Progression Verticale","isPartOf":{"@id":"https:\/\/progression-verticale.com\/#website"},"primaryImageOfPage":{"@id":"https:\/\/progression-verticale.com\/index.php\/canyon\/#primaryimage"},"image":{"@id":"https:\/\/progression-verticale.com\/index.php\/canyon\/#primaryimage"},"thumbnailUrl":"https:\/\/progression-verticale.com\/wp-content\/uploads\/2022\/03\/20200913_110639-768x1024.jpg","datePublished":"2021-08-09T15:08:26+00:00","dateModified":"2026-02-12T14:25:25+00:00","description":"Initiation et perfectionnement canyon en Haute-Savoie, Savoie ou Is\u00e8re. Stage sur mesure en fonction du niveau des participants.","breadcrumb":{"@id":"https:\/\/progression-verticale.com\/index.php\/canyon\/#breadcrumb"},"inLanguage":"fr-FR","potentialAction":[{"@type":"ReadAction","target":["https:\/\/progression-verticale.com\/index.php\/canyon\/"]}]},{"@type":"ImageObject","inLanguage":"fr-FR","@id":"https:\/\/progression-verticale.com\/index.php\/canyon\/#primaryimage","url":"https:\/\/progression-verticale.com\/wp-content\/uploads\/2022\/03\/20200913_110639-scaled.jpg","contentUrl":"https:\/\/progression-verticale.com\/wp-content\/uploads\/2022\/03\/20200913_110639-scaled.jpg","width":1920,"height":2560},{"@type":"BreadcrumbList","@id":"https:\/\/progression-verticale.com\/index.php\/canyon\/#breadcrumb","itemListElement":[{"@type":"ListItem","position":1,"name":"Accueil","item":"https:\/\/progression-verticale.com\/"},{"@type":"ListItem","position":2,"name":"Canyon"}]},{"@type":"WebSite","@id":"https:\/\/progression-verticale.com\/#website","url":"https:\/\/progression-verticale.com\/","name":"\u00a0Progression Verticale","description":"Pr\u00e9parez votre aventure en escalade, canyoning, terrain d&#039;aventure et autres activit\u00e9s verticales","publisher":{"@id":"https:\/\/progression-verticale.com\/#organization"},"potentialAction":[{"@type":"SearchAction","target":{"@type":"EntryPoint","urlTemplate":"https:\/\/progression-verticale.com\/?s={search_term_string}"},"query-input":{"@type":"PropertyValueSpecification","valueRequired":true,"valueName":"search_term_string"}}],"inLanguage":"fr-FR"},{"@type":"Organization","@id":"https:\/\/progression-verticale.com\/#organization","name":"\u00a0Progression Verticale","url":"https:\/\/progression-verticale.com\/","logo":{"@type":"ImageObject","inLanguage":"fr-FR","@id":"https:\/\/progression-verticale.com\/#\/schema\/logo\/image\/","url":"https:\/\/progression-verticale.com\/wp-content\/uploads\/2025\/12\/LogoPV-v2-50.png","contentUrl":"https:\/\/progression-verticale.com\/wp-content\/uploads\/2025\/12\/LogoPV-v2-50.png","width":224,"height":221,"caption":"\u00a0Progression Verticale"},"image":{"@id":"https:\/\/progression-verticale.com\/#\/schema\/logo\/image\/"}}]}},"featured_image_src":"","featured_image_src_square":false,"rbea_author_info":{"display_name":"admin1219","author_link":"https:\/\/progression-verticale.com\/index.php\/author\/admin1219\/"},"rbea_excerpt_info":"Vous avez d\u00e9j\u00e0 fait une sortie d\u00e9couverte en canyon et aimeriez en apprendre plus sur les techniques de progression. Cette initiation vous permettra de d\u00e9couvrir les rudiments du canyoning afin d\u2019\u00eatre capable de parcourir des canyons simples. Au programme&nbsp;: techniques &hellip;<p class=\"read-more\"> <a class=\"more-link\" href=\"https:\/\/progression-verticale.com\/index.php\/canyon\/\"> <span class=\"screen-reader-text\">Canyon<\/span> Read More &raquo;<\/a><\/p>","jetpack_sharing_enabled":true,"_links":{"self":[{"href":"https:\/\/progression-verticale.com\/index.php\/wp-json\/wp\/v2\/pages\/81","targetHints":{"allow":["GET"]}}],"collection":[{"href":"https:\/\/progression-verticale.com\/index.php\/wp-json\/wp\/v2\/pages"}],"about":[{"href":"https:\/\/progression-verticale.com\/index.php\/wp-json\/wp\/v2\/types\/page"}],"author":[{"embeddable":true,"href":"https:\/\/progression-verticale.com\/index.php\/wp-json\/wp\/v2\/users\/1"}],"replies":[{"embeddable":true,"href":"https:\/\/progression-verticale.com\/index.php\/wp-json\/wp\/v2\/comments?post=81"}],"version-history":[{"count":10,"href":"https:\/\/progression-verticale.com\/index.php\/wp-json\/wp\/v2\/pages\/81\/revisions"}],"predecessor-version":[{"id":1030,"href":"https:\/\/progression-verticale.com\/index.php\/wp-json\/wp\/v2\/pages\/81\/revisions\/1030"}],"wp:attachment":[{"href":"https:\/\/progression-verticale.com\/index.php\/wp-json\/wp\/v2\/media?parent=81"}],"curies":[{"name":"wp","href":"https:\/\/api.w.org\/{rel}","templated":true}]}}