{"id":786,"date":"2025-09-26T09:42:28","date_gmt":"2025-09-26T07:42:28","guid":{"rendered":"https:\/\/progression-verticale.com\/?page_id=786"},"modified":"2026-02-12T13:45:43","modified_gmt":"2026-02-12T12:45:43","slug":"initiation-grande-voie-du-8-au-10-mai","status":"publish","type":"page","link":"https:\/\/progression-verticale.com\/index.php\/initiation-grande-voie-du-8-au-10-mai\/","title":{"rendered":"Initiation grande voie du 8 au 10 mai"},"content":{"rendered":"\n<p><\/p>\n\n\n\n<p>Vous grimpez d\u00e9j\u00e0 un peu en couenne, et vous craignez de vous lancer dans des itin\u00e9raires de plusieurs longueurs&nbsp;? Alors ce stage intensif est fait pour vous&nbsp;! L\u2019objectif de ces trois jours est de d\u00e9couvrir les manips essentielles de la grimpe sur plusieurs longueurs (assurage, descente en rappel, r\u00e9chappe, etc.), d\u2019apprendre \u00e0 pr\u00e9parer une sortie, et de mettre tout ceci en pratique en grimpant une grande voie tout en \u00e9tant accompagn\u00e9. Les sorties auront lieu en Haute-Savoie.<\/p>\n\n\n\n<p>Voici typiquement l\u2019agenda (qui sera ajust\u00e9 en fonction du niveau des participants et des conditions) :<\/p>\n\n\n\n<ul class=\"wp-block-list\">\n<li>Jour 1&nbsp;: Apprentissage des techniques de progression en grande voie sur le <a href=\"https:\/\/www.camptocamp.org\/waypoints\/102316\/fr\/grande-jeanne\" data-type=\"link\" data-id=\"https:\/\/www.camptocamp.org\/waypoints\/102316\/fr\/grande-jeanne\" target=\"_blank\" rel=\"noreferrer noopener\">site \u00e9cole de la Grande Jeanne<\/a>.<\/li>\n\n\n\n<li>Jour 2&nbsp;: Premi\u00e8re \u00ab&nbsp;petite grande voie&nbsp;\u00bb <a href=\"https:\/\/www.camptocamp.org\/waypoints\/102326\/fr\/gaillands\" target=\"_blank\" rel=\"noreferrer noopener\">aux Gaillands<\/a> ou<a href=\"https:\/\/www.camptocamp.org\/waypoints\/102394\/fr\/la-duchere\" target=\"_blank\" rel=\"noreferrer noopener\"> la Duch\u00e8re<\/a><\/li>\n\n\n\n<li>Jour 3&nbsp;: En avant pour l\u2019aventure avec une grande voie \u00e0 <a href=\"https:\/\/www.camptocamp.org\/waypoints\/42194\/fr\/pierre-taillee\">Pierre Taill\u00e9e<\/a><\/li>\n<\/ul>\n\n\n\n<p>&nbsp;Le prix du stage est le suivant&nbsp;:<\/p>\n\n\n\n<ul class=\"wp-block-list\">\n<li>300 euros par personne pour un groupe de 3<\/li>\n\n\n\n<li>280 euros par personne pour un groupe de 4<\/li>\n\n\n\n<li>260 euros par personne pour un groupe de 5<\/li>\n<\/ul>\n\n\n\n<p>Si vous n\u2019\u00eates pas \u00e9quip\u00e9s, pas de souci, tout le mat\u00e9riel d\u2019escalade n\u00e9cessaire sera mis \u00e0 disposition (sauf les chaussons et le sac \u00e0 magn\u00e9sie). Le prix n\u2019inclus pas le transport vers les sites d\u2019escalade.<\/p>\n\n\n\n<p>Pour profiter pleinement de ce stage, il est recommand\u00e9 d\u2019avoir d\u2019un niveau passeport orange.<\/p>\n\n\n\n<figure class=\"wp-block-gallery has-nested-images columns-default is-cropped wp-block-gallery-1 is-layout-flex wp-block-gallery-is-layout-flex\">\n<figure class=\"wp-block-image size-large\"><img fetchpriority=\"high\" decoding=\"async\" width=\"768\" height=\"1024\" data-id=\"789\" src=\"https:\/\/progression-verticale.com\/wp-content\/uploads\/2025\/09\/20200905_165855-768x1024.jpg\" alt=\"\" class=\"wp-image-789\" srcset=\"https:\/\/progression-verticale.com\/wp-content\/uploads\/2025\/09\/20200905_165855-768x1024.jpg 768w, https:\/\/progression-verticale.com\/wp-content\/uploads\/2025\/09\/20200905_165855-225x300.jpg 225w, https:\/\/progression-verticale.com\/wp-content\/uploads\/2025\/09\/20200905_165855-1152x1536.jpg 1152w, https:\/\/progression-verticale.com\/wp-content\/uploads\/2025\/09\/20200905_165855-100x133.jpg 100w, https:\/\/progression-verticale.com\/wp-content\/uploads\/2025\/09\/20200905_165855-150x200.jpg 150w, https:\/\/progression-verticale.com\/wp-content\/uploads\/2025\/09\/20200905_165855-200x267.jpg 200w, https:\/\/progression-verticale.com\/wp-content\/uploads\/2025\/09\/20200905_165855-300x400.jpg 300w, https:\/\/progression-verticale.com\/wp-content\/uploads\/2025\/09\/20200905_165855-450x600.jpg 450w, https:\/\/progression-verticale.com\/wp-content\/uploads\/2025\/09\/20200905_165855-600x800.jpg 600w, https:\/\/progression-verticale.com\/wp-content\/uploads\/2025\/09\/20200905_165855-900x1200.jpg 900w, https:\/\/progression-verticale.com\/wp-content\/uploads\/2025\/09\/20200905_165855-rotated.jpg 1224w\" sizes=\"(max-width: 768px) 100vw, 768px\" \/><\/figure>\n\n\n\n<figure class=\"wp-block-image size-large\"><img decoding=\"async\" width=\"768\" height=\"1024\" data-id=\"791\" src=\"https:\/\/progression-verticale.com\/wp-content\/uploads\/2025\/09\/20200919_164121-768x1024.jpg\" alt=\"\" class=\"wp-image-791\" srcset=\"https:\/\/progression-verticale.com\/wp-content\/uploads\/2025\/09\/20200919_164121-768x1024.jpg 768w, https:\/\/progression-verticale.com\/wp-content\/uploads\/2025\/09\/20200919_164121-225x300.jpg 225w, https:\/\/progression-verticale.com\/wp-content\/uploads\/2025\/09\/20200919_164121-1152x1536.jpg 1152w, https:\/\/progression-verticale.com\/wp-content\/uploads\/2025\/09\/20200919_164121-100x133.jpg 100w, https:\/\/progression-verticale.com\/wp-content\/uploads\/2025\/09\/20200919_164121-150x200.jpg 150w, https:\/\/progression-verticale.com\/wp-content\/uploads\/2025\/09\/20200919_164121-200x267.jpg 200w, https:\/\/progression-verticale.com\/wp-content\/uploads\/2025\/09\/20200919_164121-300x400.jpg 300w, https:\/\/progression-verticale.com\/wp-content\/uploads\/2025\/09\/20200919_164121-450x600.jpg 450w, https:\/\/progression-verticale.com\/wp-content\/uploads\/2025\/09\/20200919_164121-600x800.jpg 600w, https:\/\/progression-verticale.com\/wp-content\/uploads\/2025\/09\/20200919_164121-900x1200.jpg 900w, https:\/\/progression-verticale.com\/wp-content\/uploads\/2025\/09\/20200919_164121-rotated.jpg 1224w\" sizes=\"(max-width: 768px) 100vw, 768px\" \/><\/figure>\n\n\n\n<figure class=\"wp-block-image size-large\"><img decoding=\"async\" width=\"768\" height=\"1024\" data-id=\"790\" src=\"https:\/\/progression-verticale.com\/wp-content\/uploads\/2025\/09\/20200919_174206-768x1024.jpg\" alt=\"\" class=\"wp-image-790\" srcset=\"https:\/\/progression-verticale.com\/wp-content\/uploads\/2025\/09\/20200919_174206-768x1024.jpg 768w, https:\/\/progression-verticale.com\/wp-content\/uploads\/2025\/09\/20200919_174206-225x300.jpg 225w, https:\/\/progression-verticale.com\/wp-content\/uploads\/2025\/09\/20200919_174206-1152x1536.jpg 1152w, https:\/\/progression-verticale.com\/wp-content\/uploads\/2025\/09\/20200919_174206-100x133.jpg 100w, https:\/\/progression-verticale.com\/wp-content\/uploads\/2025\/09\/20200919_174206-150x200.jpg 150w, https:\/\/progression-verticale.com\/wp-content\/uploads\/2025\/09\/20200919_174206-200x267.jpg 200w, https:\/\/progression-verticale.com\/wp-content\/uploads\/2025\/09\/20200919_174206-300x400.jpg 300w, https:\/\/progression-verticale.com\/wp-content\/uploads\/2025\/09\/20200919_174206-450x600.jpg 450w, https:\/\/progression-verticale.com\/wp-content\/uploads\/2025\/09\/20200919_174206-600x800.jpg 600w, https:\/\/progression-verticale.com\/wp-content\/uploads\/2025\/09\/20200919_174206-900x1200.jpg 900w, https:\/\/progression-verticale.com\/wp-content\/uploads\/2025\/09\/20200919_174206-rotated.jpg 1224w\" sizes=\"(max-width: 768px) 100vw, 768px\" \/><\/figure>\n<\/figure>\n\n\n\n<p><a href=\"http:\/\/www.progression-verticale.com\/index.php\/contact\">Renseignements<\/a><\/p>\n\n\n\n<p><\/p>\n","protected":false},"excerpt":{"rendered":"<p>Vous grimpez d\u00e9j\u00e0 un peu en couenne, et vous craignez de vous lancer dans des itin\u00e9raires de plusieurs longueurs&nbsp;? Alors ce stage intensif est fait pour vous&nbsp;! L\u2019objectif de ces trois jours est de d\u00e9couvrir les manips essentielles de la &hellip;<\/p>\n<p class=\"read-more\"> <a class=\"more-link\" href=\"https:\/\/progression-verticale.com\/index.php\/initiation-grande-voie-du-8-au-10-mai\/\"> <span class=\"screen-reader-text\">Initiation grande voie du 8 au 10 mai<\/span> Read More &raquo;<\/a><\/p>\n","protected":false},"author":1,"featured_media":0,"parent":0,"menu_order":0,"comment_status":"closed","ping_status":"closed","template":"","meta":{"footnotes":""},"class_list":["post-786","page","type-page","status-publish","hentry"],"yoast_head":"<!-- This site is optimized with the Yoast SEO plugin v26.9 - https:\/\/yoast.com\/product\/yoast-seo-wordpress\/ -->\n<title>Initiation grande voie du 8 au 10 mai - \u00a0Progression Verticale<\/title>\n<meta name=\"description\" content=\"Stage d&#039;initiation escalade en grandes voies du 8 au 10 mai 2026. Le stage se d\u00e9roule dans la r\u00e9gion annecienne.\" \/>\n<meta name=\"robots\" content=\"index, follow, max-snippet:-1, max-image-preview:large, max-video-preview:-1\" \/>\n<link rel=\"canonical\" href=\"https:\/\/progression-verticale.com\/index.php\/initiation-grande-voie-du-8-au-10-mai\/\" \/>\n<meta property=\"og:locale\" content=\"fr_FR\" \/>\n<meta property=\"og:type\" content=\"article\" \/>\n<meta property=\"og:title\" content=\"Initiation grande voie du 8 au 10 mai - \u00a0Progression Verticale\" \/>\n<meta property=\"og:description\" content=\"Stage d&#039;initiation escalade en grandes voies du 8 au 10 mai 2026. Le stage se d\u00e9roule dans la r\u00e9gion annecienne.\" \/>\n<meta property=\"og:url\" content=\"https:\/\/progression-verticale.com\/index.php\/initiation-grande-voie-du-8-au-10-mai\/\" \/>\n<meta property=\"og:site_name\" content=\"\u00a0Progression Verticale\" \/>\n<meta property=\"article:modified_time\" content=\"2026-02-12T12:45:43+00:00\" \/>\n<meta property=\"og:image\" content=\"https:\/\/progression-verticale.com\/wp-content\/uploads\/2025\/09\/20200905_165855-768x1024.jpg\" \/>\n<meta name=\"twitter:card\" content=\"summary_large_image\" \/>\n<meta name=\"twitter:label1\" content=\"Dur\u00e9e de lecture estim\u00e9e\" \/>\n\t<meta name=\"twitter:data1\" content=\"2 minutes\" \/>\n<script type=\"application\/ld+json\" class=\"yoast-schema-graph\">{\"@context\":\"https:\/\/schema.org\",\"@graph\":[{\"@type\":\"WebPage\",\"@id\":\"https:\/\/progression-verticale.com\/index.php\/initiation-grande-voie-du-8-au-10-mai\/\",\"url\":\"https:\/\/progression-verticale.com\/index.php\/initiation-grande-voie-du-8-au-10-mai\/\",\"name\":\"Initiation grande voie du 8 au 10 mai - \u00a0Progression Verticale\",\"isPartOf\":{\"@id\":\"https:\/\/progression-verticale.com\/#website\"},\"primaryImageOfPage\":{\"@id\":\"https:\/\/progression-verticale.com\/index.php\/initiation-grande-voie-du-8-au-10-mai\/#primaryimage\"},\"image\":{\"@id\":\"https:\/\/progression-verticale.com\/index.php\/initiation-grande-voie-du-8-au-10-mai\/#primaryimage\"},\"thumbnailUrl\":\"https:\/\/progression-verticale.com\/wp-content\/uploads\/2025\/09\/20200905_165855-768x1024.jpg\",\"datePublished\":\"2025-09-26T07:42:28+00:00\",\"dateModified\":\"2026-02-12T12:45:43+00:00\",\"description\":\"Stage d'initiation escalade en grandes voies du 8 au 10 mai 2026. Le stage se d\u00e9roule dans la r\u00e9gion annecienne.\",\"breadcrumb\":{\"@id\":\"https:\/\/progression-verticale.com\/index.php\/initiation-grande-voie-du-8-au-10-mai\/#breadcrumb\"},\"inLanguage\":\"fr-FR\",\"potentialAction\":[{\"@type\":\"ReadAction\",\"target\":[\"https:\/\/progression-verticale.com\/index.php\/initiation-grande-voie-du-8-au-10-mai\/\"]}]},{\"@type\":\"ImageObject\",\"inLanguage\":\"fr-FR\",\"@id\":\"https:\/\/progression-verticale.com\/index.php\/initiation-grande-voie-du-8-au-10-mai\/#primaryimage\",\"url\":\"https:\/\/progression-verticale.com\/wp-content\/uploads\/2025\/09\/20200905_165855-rotated.jpg\",\"contentUrl\":\"https:\/\/progression-verticale.com\/wp-content\/uploads\/2025\/09\/20200905_165855-rotated.jpg\",\"width\":1224,\"height\":1632},{\"@type\":\"BreadcrumbList\",\"@id\":\"https:\/\/progression-verticale.com\/index.php\/initiation-grande-voie-du-8-au-10-mai\/#breadcrumb\",\"itemListElement\":[{\"@type\":\"ListItem\",\"position\":1,\"name\":\"Accueil\",\"item\":\"https:\/\/progression-verticale.com\/\"},{\"@type\":\"ListItem\",\"position\":2,\"name\":\"Initiation grande voie du 8 au 10 mai\"}]},{\"@type\":\"WebSite\",\"@id\":\"https:\/\/progression-verticale.com\/#website\",\"url\":\"https:\/\/progression-verticale.com\/\",\"name\":\"\u00a0Progression Verticale\",\"description\":\"Pr\u00e9parez votre aventure en escalade, canyoning, terrain d&#039;aventure et autres activit\u00e9s verticales\",\"publisher\":{\"@id\":\"https:\/\/progression-verticale.com\/#organization\"},\"potentialAction\":[{\"@type\":\"SearchAction\",\"target\":{\"@type\":\"EntryPoint\",\"urlTemplate\":\"https:\/\/progression-verticale.com\/?s={search_term_string}\"},\"query-input\":{\"@type\":\"PropertyValueSpecification\",\"valueRequired\":true,\"valueName\":\"search_term_string\"}}],\"inLanguage\":\"fr-FR\"},{\"@type\":\"Organization\",\"@id\":\"https:\/\/progression-verticale.com\/#organization\",\"name\":\"\u00a0Progression Verticale\",\"url\":\"https:\/\/progression-verticale.com\/\",\"logo\":{\"@type\":\"ImageObject\",\"inLanguage\":\"fr-FR\",\"@id\":\"https:\/\/progression-verticale.com\/#\/schema\/logo\/image\/\",\"url\":\"https:\/\/progression-verticale.com\/wp-content\/uploads\/2025\/12\/LogoPV-v2-50.png\",\"contentUrl\":\"https:\/\/progression-verticale.com\/wp-content\/uploads\/2025\/12\/LogoPV-v2-50.png\",\"width\":224,\"height\":221,\"caption\":\"\u00a0Progression Verticale\"},\"image\":{\"@id\":\"https:\/\/progression-verticale.com\/#\/schema\/logo\/image\/\"}}]}<\/script>\n<!-- \/ Yoast SEO plugin. -->","yoast_head_json":{"title":"Initiation grande voie du 8 au 10 mai - \u00a0Progression Verticale","description":"Stage d'initiation escalade en grandes voies du 8 au 10 mai 2026. Le stage se d\u00e9roule dans la r\u00e9gion annecienne.","robots":{"index":"index","follow":"follow","max-snippet":"max-snippet:-1","max-image-preview":"max-image-preview:large","max-video-preview":"max-video-preview:-1"},"canonical":"https:\/\/progression-verticale.com\/index.php\/initiation-grande-voie-du-8-au-10-mai\/","og_locale":"fr_FR","og_type":"article","og_title":"Initiation grande voie du 8 au 10 mai - \u00a0Progression Verticale","og_description":"Stage d'initiation escalade en grandes voies du 8 au 10 mai 2026. Le stage se d\u00e9roule dans la r\u00e9gion annecienne.","og_url":"https:\/\/progression-verticale.com\/index.php\/initiation-grande-voie-du-8-au-10-mai\/","og_site_name":"\u00a0Progression Verticale","article_modified_time":"2026-02-12T12:45:43+00:00","og_image":[{"url":"https:\/\/progression-verticale.com\/wp-content\/uploads\/2025\/09\/20200905_165855-768x1024.jpg","type":"","width":"","height":""}],"twitter_card":"summary_large_image","twitter_misc":{"Dur\u00e9e de lecture estim\u00e9e":"2 minutes"},"schema":{"@context":"https:\/\/schema.org","@graph":[{"@type":"WebPage","@id":"https:\/\/progression-verticale.com\/index.php\/initiation-grande-voie-du-8-au-10-mai\/","url":"https:\/\/progression-verticale.com\/index.php\/initiation-grande-voie-du-8-au-10-mai\/","name":"Initiation grande voie du 8 au 10 mai - \u00a0Progression Verticale","isPartOf":{"@id":"https:\/\/progression-verticale.com\/#website"},"primaryImageOfPage":{"@id":"https:\/\/progression-verticale.com\/index.php\/initiation-grande-voie-du-8-au-10-mai\/#primaryimage"},"image":{"@id":"https:\/\/progression-verticale.com\/index.php\/initiation-grande-voie-du-8-au-10-mai\/#primaryimage"},"thumbnailUrl":"https:\/\/progression-verticale.com\/wp-content\/uploads\/2025\/09\/20200905_165855-768x1024.jpg","datePublished":"2025-09-26T07:42:28+00:00","dateModified":"2026-02-12T12:45:43+00:00","description":"Stage d'initiation escalade en grandes voies du 8 au 10 mai 2026. Le stage se d\u00e9roule dans la r\u00e9gion annecienne.","breadcrumb":{"@id":"https:\/\/progression-verticale.com\/index.php\/initiation-grande-voie-du-8-au-10-mai\/#breadcrumb"},"inLanguage":"fr-FR","potentialAction":[{"@type":"ReadAction","target":["https:\/\/progression-verticale.com\/index.php\/initiation-grande-voie-du-8-au-10-mai\/"]}]},{"@type":"ImageObject","inLanguage":"fr-FR","@id":"https:\/\/progression-verticale.com\/index.php\/initiation-grande-voie-du-8-au-10-mai\/#primaryimage","url":"https:\/\/progression-verticale.com\/wp-content\/uploads\/2025\/09\/20200905_165855-rotated.jpg","contentUrl":"https:\/\/progression-verticale.com\/wp-content\/uploads\/2025\/09\/20200905_165855-rotated.jpg","width":1224,"height":1632},{"@type":"BreadcrumbList","@id":"https:\/\/progression-verticale.com\/index.php\/initiation-grande-voie-du-8-au-10-mai\/#breadcrumb","itemListElement":[{"@type":"ListItem","position":1,"name":"Accueil","item":"https:\/\/progression-verticale.com\/"},{"@type":"ListItem","position":2,"name":"Initiation grande voie du 8 au 10 mai"}]},{"@type":"WebSite","@id":"https:\/\/progression-verticale.com\/#website","url":"https:\/\/progression-verticale.com\/","name":"\u00a0Progression Verticale","description":"Pr\u00e9parez votre aventure en escalade, canyoning, terrain d&#039;aventure et autres activit\u00e9s verticales","publisher":{"@id":"https:\/\/progression-verticale.com\/#organization"},"potentialAction":[{"@type":"SearchAction","target":{"@type":"EntryPoint","urlTemplate":"https:\/\/progression-verticale.com\/?s={search_term_string}"},"query-input":{"@type":"PropertyValueSpecification","valueRequired":true,"valueName":"search_term_string"}}],"inLanguage":"fr-FR"},{"@type":"Organization","@id":"https:\/\/progression-verticale.com\/#organization","name":"\u00a0Progression Verticale","url":"https:\/\/progression-verticale.com\/","logo":{"@type":"ImageObject","inLanguage":"fr-FR","@id":"https:\/\/progression-verticale.com\/#\/schema\/logo\/image\/","url":"https:\/\/progression-verticale.com\/wp-content\/uploads\/2025\/12\/LogoPV-v2-50.png","contentUrl":"https:\/\/progression-verticale.com\/wp-content\/uploads\/2025\/12\/LogoPV-v2-50.png","width":224,"height":221,"caption":"\u00a0Progression Verticale"},"image":{"@id":"https:\/\/progression-verticale.com\/#\/schema\/logo\/image\/"}}]}},"featured_image_src":"","featured_image_src_square":false,"rbea_author_info":{"display_name":"admin1219","author_link":"https:\/\/progression-verticale.com\/index.php\/author\/admin1219\/"},"rbea_excerpt_info":"Vous grimpez d\u00e9j\u00e0 un peu en couenne, et vous craignez de vous lancer dans des itin\u00e9raires de plusieurs longueurs&nbsp;? Alors ce stage intensif est fait pour vous&nbsp;! L\u2019objectif de ces trois jours est de d\u00e9couvrir les manips essentielles de la &hellip;<p class=\"read-more\"> <a class=\"more-link\" href=\"https:\/\/progression-verticale.com\/index.php\/initiation-grande-voie-du-8-au-10-mai\/\"> <span class=\"screen-reader-text\">Initiation grande voie du 8 au 10 mai<\/span> Read More &raquo;<\/a><\/p>","jetpack_sharing_enabled":true,"_links":{"self":[{"href":"https:\/\/progression-verticale.com\/index.php\/wp-json\/wp\/v2\/pages\/786","targetHints":{"allow":["GET"]}}],"collection":[{"href":"https:\/\/progression-verticale.com\/index.php\/wp-json\/wp\/v2\/pages"}],"about":[{"href":"https:\/\/progression-verticale.com\/index.php\/wp-json\/wp\/v2\/types\/page"}],"author":[{"embeddable":true,"href":"https:\/\/progression-verticale.com\/index.php\/wp-json\/wp\/v2\/users\/1"}],"replies":[{"embeddable":true,"href":"https:\/\/progression-verticale.com\/index.php\/wp-json\/wp\/v2\/comments?post=786"}],"version-history":[{"count":7,"href":"https:\/\/progression-verticale.com\/index.php\/wp-json\/wp\/v2\/pages\/786\/revisions"}],"predecessor-version":[{"id":1006,"href":"https:\/\/progression-verticale.com\/index.php\/wp-json\/wp\/v2\/pages\/786\/revisions\/1006"}],"wp:attachment":[{"href":"https:\/\/progression-verticale.com\/index.php\/wp-json\/wp\/v2\/media?parent=786"}],"curies":[{"name":"wp","href":"https:\/\/api.w.org\/{rel}","templated":true}]}}