{"id":77,"date":"2021-08-09T17:08:26","date_gmt":"2021-08-09T15:08:26","guid":{"rendered":"http:\/\/progrew.cluster024.hosting.ovh.net\/?page_id=77"},"modified":"2026-02-11T08:07:48","modified_gmt":"2026-02-11T07:07:48","slug":"stages","status":"publish","type":"page","link":"https:\/\/progression-verticale.com\/index.php\/stages\/","title":{"rendered":"Stages"},"content":{"rendered":"\n<div class=\"wp-block-media-text alignwide is-stacked-on-mobile\" style=\"grid-template-columns:28% auto\"><figure class=\"wp-block-media-text__media\"><img fetchpriority=\"high\" decoding=\"async\" width=\"1024\" height=\"768\" src=\"https:\/\/progression-verticale.com\/wp-content\/uploads\/2025\/07\/Monasteres-1024x768.jpg\" alt=\"Les m\u00e9t\u00e9ores\" class=\"wp-image-772 size-full\" srcset=\"https:\/\/progression-verticale.com\/wp-content\/uploads\/2025\/07\/Monasteres-1024x768.jpg 1024w, https:\/\/progression-verticale.com\/wp-content\/uploads\/2025\/07\/Monasteres-300x225.jpg 300w, https:\/\/progression-verticale.com\/wp-content\/uploads\/2025\/07\/Monasteres-768x576.jpg 768w, https:\/\/progression-verticale.com\/wp-content\/uploads\/2025\/07\/Monasteres-1536x1152.jpg 1536w, https:\/\/progression-verticale.com\/wp-content\/uploads\/2025\/07\/Monasteres-2048x1536.jpg 2048w, https:\/\/progression-verticale.com\/wp-content\/uploads\/2025\/07\/Monasteres-100x75.jpg 100w, https:\/\/progression-verticale.com\/wp-content\/uploads\/2025\/07\/Monasteres-150x113.jpg 150w, https:\/\/progression-verticale.com\/wp-content\/uploads\/2025\/07\/Monasteres-200x150.jpg 200w, https:\/\/progression-verticale.com\/wp-content\/uploads\/2025\/07\/Monasteres-450x338.jpg 450w, https:\/\/progression-verticale.com\/wp-content\/uploads\/2025\/07\/Monasteres-600x450.jpg 600w, https:\/\/progression-verticale.com\/wp-content\/uploads\/2025\/07\/Monasteres-900x675.jpg 900w\" sizes=\"(max-width: 1024px) 100vw, 1024px\" \/><\/figure><div class=\"wp-block-media-text__content\">\n<p class=\"has-medium-font-size\"><a href=\"https:\/\/progression-verticale.com\/index.php\/les-meteores-grece-2026\/\">Gr\u00e8ce 2026 (M\u00e9t\u00e9ores)<\/a><\/p>\n\n\n\n<p><strong>Dates <\/strong>: du 4 au 11 avril 2026<\/p>\n\n\n\n<p>Les&nbsp;<a href=\"https:\/\/fr.wikipedia.org\/wiki\/M%C3%A9t%C3%A9ores\">m\u00e9t\u00e9ores<\/a>, situ\u00e9es dans le nord de la Gr\u00e8ce, sont constitu\u00e9es d\u2019un ensemble de pitons rocheux atypiques. D\u2019apr\u00e8s la mythologie locale, ces roches furent envoy\u00e9es du ciel sur la terre par la Providence (d\u2019o\u00f9 leur nom de \u00ab m\u00e9t\u00e9ores \u00bb) pour permettre \u00e0 des religieux particuli\u00e8rement pieux de se retirer et de prier, mais c&rsquo;est aussi un formidable terrain de jeu pour les grimpeurs. <\/p>\n\n\n\n<p><a href=\"https:\/\/progression-verticale.com\/index.php\/les-meteores-grece-2026\/\">En savoir plus<\/a><\/p>\n<\/div><\/div>\n\n\n\n<div class=\"wp-block-media-text alignwide is-stacked-on-mobile\" style=\"grid-template-columns:28% auto\"><figure class=\"wp-block-media-text__media\"><img decoding=\"async\" width=\"768\" height=\"1024\" src=\"https:\/\/progression-verticale.com\/wp-content\/uploads\/2025\/09\/20200919_164121-768x1024.jpg\" alt=\"Les gaillands\" class=\"wp-image-791 size-full\" srcset=\"https:\/\/progression-verticale.com\/wp-content\/uploads\/2025\/09\/20200919_164121-768x1024.jpg 768w, https:\/\/progression-verticale.com\/wp-content\/uploads\/2025\/09\/20200919_164121-225x300.jpg 225w, https:\/\/progression-verticale.com\/wp-content\/uploads\/2025\/09\/20200919_164121-1152x1536.jpg 1152w, https:\/\/progression-verticale.com\/wp-content\/uploads\/2025\/09\/20200919_164121-100x133.jpg 100w, https:\/\/progression-verticale.com\/wp-content\/uploads\/2025\/09\/20200919_164121-150x200.jpg 150w, https:\/\/progression-verticale.com\/wp-content\/uploads\/2025\/09\/20200919_164121-200x267.jpg 200w, https:\/\/progression-verticale.com\/wp-content\/uploads\/2025\/09\/20200919_164121-300x400.jpg 300w, https:\/\/progression-verticale.com\/wp-content\/uploads\/2025\/09\/20200919_164121-450x600.jpg 450w, https:\/\/progression-verticale.com\/wp-content\/uploads\/2025\/09\/20200919_164121-600x800.jpg 600w, https:\/\/progression-verticale.com\/wp-content\/uploads\/2025\/09\/20200919_164121-900x1200.jpg 900w, https:\/\/progression-verticale.com\/wp-content\/uploads\/2025\/09\/20200919_164121-rotated.jpg 1224w\" sizes=\"(max-width: 768px) 100vw, 768px\" \/><\/figure><div class=\"wp-block-media-text__content\">\n<p class=\"has-medium-font-size\"><a href=\"https:\/\/progression-verticale.com\/index.php\/initiation-grande-voie-du-8-au-10-mai\/\" target=\"_blank\" rel=\"noreferrer noopener\">Initiation Grande Voie Mai 2026<\/a><\/p>\n\n\n\n<p><strong>Dates <\/strong>: du 8 au 10 mai 2026<\/p>\n\n\n\n<p>Vous grimpez d\u00e9j\u00e0 un peu en couenne, et vous craignez de vous lancer dans des itin\u00e9raires de plusieurs longueurs&nbsp;? Alors ce stage intensif est fait pour vous&nbsp;! L\u2019objectif de ces trois jours est de d\u00e9couvrir les manips essentielles de la grimpe sur plusieurs longueurs (assurage, descente en rappel, r\u00e9chappe, etc.), d\u2019apprendre \u00e0 pr\u00e9parer une sortie, et de mettre tout ceci en pratique en grimpant une grande voie tout en \u00e9tant accompagn\u00e9. Les sorties auront lieu en Haute-Savoie.<\/p>\n\n\n\n<p><a href=\"https:\/\/progression-verticale.com\/index.php\/initiation-grande-voie-du-8-au-10-mai\/\" data-type=\"page\" data-id=\"786\">En savoir plus<\/a><\/p>\n<\/div><\/div>\n\n\n\n<div class=\"wp-block-media-text alignwide is-stacked-on-mobile\" style=\"grid-template-columns:28% auto\"><figure class=\"wp-block-media-text__media\"><img decoding=\"async\" width=\"1024\" height=\"671\" src=\"https:\/\/progression-verticale.com\/wp-content\/uploads\/2025\/12\/WhatsApp-Image-2025-12-10-a-10.10.40_93b645ac-1024x671.jpg\" alt=\"Bavella\" class=\"wp-image-815 size-full\" srcset=\"https:\/\/progression-verticale.com\/wp-content\/uploads\/2025\/12\/WhatsApp-Image-2025-12-10-a-10.10.40_93b645ac-1024x671.jpg 1024w, https:\/\/progression-verticale.com\/wp-content\/uploads\/2025\/12\/WhatsApp-Image-2025-12-10-a-10.10.40_93b645ac-300x197.jpg 300w, https:\/\/progression-verticale.com\/wp-content\/uploads\/2025\/12\/WhatsApp-Image-2025-12-10-a-10.10.40_93b645ac-768x503.jpg 768w, https:\/\/progression-verticale.com\/wp-content\/uploads\/2025\/12\/WhatsApp-Image-2025-12-10-a-10.10.40_93b645ac-100x66.jpg 100w, https:\/\/progression-verticale.com\/wp-content\/uploads\/2025\/12\/WhatsApp-Image-2025-12-10-a-10.10.40_93b645ac-150x98.jpg 150w, https:\/\/progression-verticale.com\/wp-content\/uploads\/2025\/12\/WhatsApp-Image-2025-12-10-a-10.10.40_93b645ac-200x131.jpg 200w, https:\/\/progression-verticale.com\/wp-content\/uploads\/2025\/12\/WhatsApp-Image-2025-12-10-a-10.10.40_93b645ac-450x295.jpg 450w, https:\/\/progression-verticale.com\/wp-content\/uploads\/2025\/12\/WhatsApp-Image-2025-12-10-a-10.10.40_93b645ac-600x393.jpg 600w, https:\/\/progression-verticale.com\/wp-content\/uploads\/2025\/12\/WhatsApp-Image-2025-12-10-a-10.10.40_93b645ac-900x590.jpg 900w, https:\/\/progression-verticale.com\/wp-content\/uploads\/2025\/12\/WhatsApp-Image-2025-12-10-a-10.10.40_93b645ac.jpg 1280w\" sizes=\"(max-width: 1024px) 100vw, 1024px\" \/><\/figure><div class=\"wp-block-media-text__content\">\n<p class=\"has-medium-font-size\"><a href=\"https:\/\/progression-verticale.com\/index.php\/corse-2026\/\" target=\"_blank\" rel=\"noreferrer noopener\">Corse 2026 (Bavella)<\/a><\/p>\n\n\n\n<p><strong>Dates <\/strong>: du 20 au 24 Octobre 2026<\/p>\n\n\n\n<p>Les&nbsp;<a href=\"https:\/\/fr.wikipedia.org\/wiki\/Aiguilles_de_Bavella\">aiguilles de Bavella<\/a>&nbsp;en Corse constituent un des plus beaux massifs de France (voir d\u2019Europe). C\u2019est un ensemble de pointes granitiques d\u00e9coup\u00e9es qui offrent de nombreux itin\u00e9raires d\u2019escalade, de randonn\u00e9e ou de canyoning. Pour la grimpe, le rocher offre des configurations tr\u00e8s vari\u00e9es telles que des dalles, fissures, ar\u00eates, piliers, etc. et surtout les fameux taffoni en forme de creux arrondis de quelques centim\u00e8tres \u00e0 plusieurs m\u00e8tres de diam\u00e8tre, creus\u00e9e par l\u2019\u00e9rosion sur des surfaces rocheuses plus ou moins verticales. Une grande partie des voies d\u2019escalade sont rest\u00e9es en terrain d\u2019aventure, et pour ce stage, il faudra donc sortir les friends et coinceurs.<\/p>\n\n\n\n<p><a href=\"https:\/\/progression-verticale.com\/index.php\/corse-2026\/\">En savoir plus<\/a><\/p>\n<\/div><\/div>\n\n\n\n<div class=\"wp-block-media-text alignwide is-stacked-on-mobile\" style=\"grid-template-columns:28% auto\"><figure class=\"wp-block-media-text__media\"><img loading=\"lazy\" decoding=\"async\" width=\"1024\" height=\"682\" src=\"https:\/\/progression-verticale.com\/wp-content\/uploads\/2025\/12\/WhatsApp-Image-2025-12-10-a-10.10.39_3a2b2a83-1024x682.jpg\" alt=\"Voie \u00e0  Bavella\" class=\"wp-image-818 size-full\" srcset=\"https:\/\/progression-verticale.com\/wp-content\/uploads\/2025\/12\/WhatsApp-Image-2025-12-10-a-10.10.39_3a2b2a83-1024x682.jpg 1024w, https:\/\/progression-verticale.com\/wp-content\/uploads\/2025\/12\/WhatsApp-Image-2025-12-10-a-10.10.39_3a2b2a83-300x200.jpg 300w, https:\/\/progression-verticale.com\/wp-content\/uploads\/2025\/12\/WhatsApp-Image-2025-12-10-a-10.10.39_3a2b2a83-768x512.jpg 768w, https:\/\/progression-verticale.com\/wp-content\/uploads\/2025\/12\/WhatsApp-Image-2025-12-10-a-10.10.39_3a2b2a83-1536x1023.jpg 1536w, https:\/\/progression-verticale.com\/wp-content\/uploads\/2025\/12\/WhatsApp-Image-2025-12-10-a-10.10.39_3a2b2a83-100x67.jpg 100w, https:\/\/progression-verticale.com\/wp-content\/uploads\/2025\/12\/WhatsApp-Image-2025-12-10-a-10.10.39_3a2b2a83-150x100.jpg 150w, https:\/\/progression-verticale.com\/wp-content\/uploads\/2025\/12\/WhatsApp-Image-2025-12-10-a-10.10.39_3a2b2a83-200x133.jpg 200w, https:\/\/progression-verticale.com\/wp-content\/uploads\/2025\/12\/WhatsApp-Image-2025-12-10-a-10.10.39_3a2b2a83-450x300.jpg 450w, https:\/\/progression-verticale.com\/wp-content\/uploads\/2025\/12\/WhatsApp-Image-2025-12-10-a-10.10.39_3a2b2a83-600x400.jpg 600w, https:\/\/progression-verticale.com\/wp-content\/uploads\/2025\/12\/WhatsApp-Image-2025-12-10-a-10.10.39_3a2b2a83-900x600.jpg 900w, https:\/\/progression-verticale.com\/wp-content\/uploads\/2025\/12\/WhatsApp-Image-2025-12-10-a-10.10.39_3a2b2a83.jpg 1600w\" sizes=\"(max-width: 1024px) 100vw, 1024px\" \/><\/figure><div class=\"wp-block-media-text__content\">\n<p class=\"has-medium-font-size\"><a href=\"https:\/\/progression-verticale.com\/index.php\/corse-2026-bis\/\" target=\"_blank\" rel=\"noreferrer noopener\">Corse 2026 bis (Bavella)<\/a> <\/p>\n\n\n\n<p><strong>Dates <\/strong>: du 26 au 28 Octobre 2026<\/p>\n\n\n\n<p>Ce stage se fera dans continuit\u00e9 du pr\u00e9c\u00e9dent, mais en ciblant des voies relativement bien \u00e9quip\u00e9es et plut\u00f4t orient\u00e9es plaisir. Nous sommes toujours dans les <a href=\"https:\/\/fr.wikipedia.org\/wiki\/Aiguilles_de_Bavella\" target=\"_blank\" rel=\"noreferrer noopener\">aiguilles de Bavella<\/a> en Corse un des plus beaux massifs de France (voir d\u2019Europe). C\u2019est un ensemble de pointes granitiques d\u00e9coup\u00e9es qui offrent de nombreux itin\u00e9raires d\u2019escalade, de randonn\u00e9e ou de canyoning. Pour la grimpe, le rocher offre des configurations tr\u00e8s vari\u00e9es telles que des dalles, fissures, ar\u00eates, piliers, etc. et surtout les fameux taffoni en forme de creux arrondis de quelques centim\u00e8tres \u00e0 plusieurs m\u00e8tres de diam\u00e8tre, creus\u00e9e par l&rsquo;\u00e9rosion sur des surfaces rocheuses plus ou moins verticales. <\/p>\n\n\n\n<p><a href=\"https:\/\/progression-verticale.com\/index.php\/corse-2026-bis\/\">En savoir plus<\/a><\/p>\n<\/div><\/div>\n\n\n\n<p><\/p>\n","protected":false},"excerpt":{"rendered":"<p>Gr\u00e8ce 2026 (M\u00e9t\u00e9ores) Dates : du 4 au 11 avril 2026 Les&nbsp;m\u00e9t\u00e9ores, situ\u00e9es dans le nord de la Gr\u00e8ce, sont constitu\u00e9es d\u2019un ensemble de pitons rocheux atypiques. D\u2019apr\u00e8s la mythologie locale, ces roches furent envoy\u00e9es du ciel sur la terre &hellip;<\/p>\n<p class=\"read-more\"> <a class=\"more-link\" href=\"https:\/\/progression-verticale.com\/index.php\/stages\/\"> <span class=\"screen-reader-text\">Stages<\/span> Read More &raquo;<\/a><\/p>\n","protected":false},"author":1,"featured_media":0,"parent":0,"menu_order":0,"comment_status":"closed","ping_status":"closed","template":"","meta":{"footnotes":""},"class_list":["post-77","page","type-page","status-publish","hentry"],"yoast_head":"<!-- This site is optimized with the Yoast SEO plugin v26.9 - https:\/\/yoast.com\/product\/yoast-seo-wordpress\/ -->\n<title>Stages - \u00a0Progression Verticale<\/title>\n<meta name=\"robots\" content=\"index, follow, max-snippet:-1, max-image-preview:large, max-video-preview:-1\" \/>\n<link rel=\"canonical\" href=\"https:\/\/progression-verticale.com\/index.php\/stages\/\" \/>\n<meta property=\"og:locale\" content=\"fr_FR\" \/>\n<meta property=\"og:type\" content=\"article\" \/>\n<meta property=\"og:title\" content=\"Stages - \u00a0Progression Verticale\" \/>\n<meta property=\"og:description\" content=\"Gr\u00e8ce 2026 (M\u00e9t\u00e9ores) Dates : du 4 au 11 avril 2026 Les&nbsp;m\u00e9t\u00e9ores, situ\u00e9es dans le nord de la Gr\u00e8ce, sont constitu\u00e9es d\u2019un ensemble de pitons rocheux atypiques. D\u2019apr\u00e8s la mythologie locale, ces roches furent envoy\u00e9es du ciel sur la terre &hellip; Stages Read More &raquo;\" \/>\n<meta property=\"og:url\" content=\"https:\/\/progression-verticale.com\/index.php\/stages\/\" \/>\n<meta property=\"og:site_name\" content=\"\u00a0Progression Verticale\" \/>\n<meta property=\"article:modified_time\" content=\"2026-02-11T07:07:48+00:00\" \/>\n<meta property=\"og:image\" content=\"https:\/\/progression-verticale.com\/wp-content\/uploads\/2025\/07\/Monasteres-1024x768.jpg\" \/>\n<meta name=\"twitter:card\" content=\"summary_large_image\" \/>\n<meta name=\"twitter:label1\" content=\"Dur\u00e9e de lecture estim\u00e9e\" \/>\n\t<meta name=\"twitter:data1\" content=\"2 minutes\" \/>\n<script type=\"application\/ld+json\" class=\"yoast-schema-graph\">{\"@context\":\"https:\/\/schema.org\",\"@graph\":[{\"@type\":\"WebPage\",\"@id\":\"https:\/\/progression-verticale.com\/index.php\/stages\/\",\"url\":\"https:\/\/progression-verticale.com\/index.php\/stages\/\",\"name\":\"Stages - \u00a0Progression Verticale\",\"isPartOf\":{\"@id\":\"https:\/\/progression-verticale.com\/#website\"},\"primaryImageOfPage\":{\"@id\":\"https:\/\/progression-verticale.com\/index.php\/stages\/#primaryimage\"},\"image\":{\"@id\":\"https:\/\/progression-verticale.com\/index.php\/stages\/#primaryimage\"},\"thumbnailUrl\":\"https:\/\/progression-verticale.com\/wp-content\/uploads\/2025\/07\/Monasteres-1024x768.jpg\",\"datePublished\":\"2021-08-09T15:08:26+00:00\",\"dateModified\":\"2026-02-11T07:07:48+00:00\",\"breadcrumb\":{\"@id\":\"https:\/\/progression-verticale.com\/index.php\/stages\/#breadcrumb\"},\"inLanguage\":\"fr-FR\",\"potentialAction\":[{\"@type\":\"ReadAction\",\"target\":[\"https:\/\/progression-verticale.com\/index.php\/stages\/\"]}]},{\"@type\":\"ImageObject\",\"inLanguage\":\"fr-FR\",\"@id\":\"https:\/\/progression-verticale.com\/index.php\/stages\/#primaryimage\",\"url\":\"https:\/\/progression-verticale.com\/wp-content\/uploads\/2025\/07\/Monasteres-scaled.jpg\",\"contentUrl\":\"https:\/\/progression-verticale.com\/wp-content\/uploads\/2025\/07\/Monasteres-scaled.jpg\",\"width\":2560,\"height\":1920},{\"@type\":\"BreadcrumbList\",\"@id\":\"https:\/\/progression-verticale.com\/index.php\/stages\/#breadcrumb\",\"itemListElement\":[{\"@type\":\"ListItem\",\"position\":1,\"name\":\"Accueil\",\"item\":\"https:\/\/progression-verticale.com\/\"},{\"@type\":\"ListItem\",\"position\":2,\"name\":\"Stages\"}]},{\"@type\":\"WebSite\",\"@id\":\"https:\/\/progression-verticale.com\/#website\",\"url\":\"https:\/\/progression-verticale.com\/\",\"name\":\"\u00a0Progression Verticale\",\"description\":\"Pr\u00e9parez votre aventure en escalade, canyoning, terrain d&#039;aventure et autres activit\u00e9s verticales\",\"publisher\":{\"@id\":\"https:\/\/progression-verticale.com\/#organization\"},\"potentialAction\":[{\"@type\":\"SearchAction\",\"target\":{\"@type\":\"EntryPoint\",\"urlTemplate\":\"https:\/\/progression-verticale.com\/?s={search_term_string}\"},\"query-input\":{\"@type\":\"PropertyValueSpecification\",\"valueRequired\":true,\"valueName\":\"search_term_string\"}}],\"inLanguage\":\"fr-FR\"},{\"@type\":\"Organization\",\"@id\":\"https:\/\/progression-verticale.com\/#organization\",\"name\":\"\u00a0Progression Verticale\",\"url\":\"https:\/\/progression-verticale.com\/\",\"logo\":{\"@type\":\"ImageObject\",\"inLanguage\":\"fr-FR\",\"@id\":\"https:\/\/progression-verticale.com\/#\/schema\/logo\/image\/\",\"url\":\"https:\/\/progression-verticale.com\/wp-content\/uploads\/2025\/12\/LogoPV-v2-50.png\",\"contentUrl\":\"https:\/\/progression-verticale.com\/wp-content\/uploads\/2025\/12\/LogoPV-v2-50.png\",\"width\":224,\"height\":221,\"caption\":\"\u00a0Progression Verticale\"},\"image\":{\"@id\":\"https:\/\/progression-verticale.com\/#\/schema\/logo\/image\/\"}}]}<\/script>\n<!-- \/ Yoast SEO plugin. -->","yoast_head_json":{"title":"Stages - \u00a0Progression Verticale","robots":{"index":"index","follow":"follow","max-snippet":"max-snippet:-1","max-image-preview":"max-image-preview:large","max-video-preview":"max-video-preview:-1"},"canonical":"https:\/\/progression-verticale.com\/index.php\/stages\/","og_locale":"fr_FR","og_type":"article","og_title":"Stages - \u00a0Progression Verticale","og_description":"Gr\u00e8ce 2026 (M\u00e9t\u00e9ores) Dates : du 4 au 11 avril 2026 Les&nbsp;m\u00e9t\u00e9ores, situ\u00e9es dans le nord de la Gr\u00e8ce, sont constitu\u00e9es d\u2019un ensemble de pitons rocheux atypiques. D\u2019apr\u00e8s la mythologie locale, ces roches furent envoy\u00e9es du ciel sur la terre &hellip; Stages Read More &raquo;","og_url":"https:\/\/progression-verticale.com\/index.php\/stages\/","og_site_name":"\u00a0Progression Verticale","article_modified_time":"2026-02-11T07:07:48+00:00","og_image":[{"url":"https:\/\/progression-verticale.com\/wp-content\/uploads\/2025\/07\/Monasteres-1024x768.jpg","type":"","width":"","height":""}],"twitter_card":"summary_large_image","twitter_misc":{"Dur\u00e9e de lecture estim\u00e9e":"2 minutes"},"schema":{"@context":"https:\/\/schema.org","@graph":[{"@type":"WebPage","@id":"https:\/\/progression-verticale.com\/index.php\/stages\/","url":"https:\/\/progression-verticale.com\/index.php\/stages\/","name":"Stages - \u00a0Progression Verticale","isPartOf":{"@id":"https:\/\/progression-verticale.com\/#website"},"primaryImageOfPage":{"@id":"https:\/\/progression-verticale.com\/index.php\/stages\/#primaryimage"},"image":{"@id":"https:\/\/progression-verticale.com\/index.php\/stages\/#primaryimage"},"thumbnailUrl":"https:\/\/progression-verticale.com\/wp-content\/uploads\/2025\/07\/Monasteres-1024x768.jpg","datePublished":"2021-08-09T15:08:26+00:00","dateModified":"2026-02-11T07:07:48+00:00","breadcrumb":{"@id":"https:\/\/progression-verticale.com\/index.php\/stages\/#breadcrumb"},"inLanguage":"fr-FR","potentialAction":[{"@type":"ReadAction","target":["https:\/\/progression-verticale.com\/index.php\/stages\/"]}]},{"@type":"ImageObject","inLanguage":"fr-FR","@id":"https:\/\/progression-verticale.com\/index.php\/stages\/#primaryimage","url":"https:\/\/progression-verticale.com\/wp-content\/uploads\/2025\/07\/Monasteres-scaled.jpg","contentUrl":"https:\/\/progression-verticale.com\/wp-content\/uploads\/2025\/07\/Monasteres-scaled.jpg","width":2560,"height":1920},{"@type":"BreadcrumbList","@id":"https:\/\/progression-verticale.com\/index.php\/stages\/#breadcrumb","itemListElement":[{"@type":"ListItem","position":1,"name":"Accueil","item":"https:\/\/progression-verticale.com\/"},{"@type":"ListItem","position":2,"name":"Stages"}]},{"@type":"WebSite","@id":"https:\/\/progression-verticale.com\/#website","url":"https:\/\/progression-verticale.com\/","name":"\u00a0Progression Verticale","description":"Pr\u00e9parez votre aventure en escalade, canyoning, terrain d&#039;aventure et autres activit\u00e9s verticales","publisher":{"@id":"https:\/\/progression-verticale.com\/#organization"},"potentialAction":[{"@type":"SearchAction","target":{"@type":"EntryPoint","urlTemplate":"https:\/\/progression-verticale.com\/?s={search_term_string}"},"query-input":{"@type":"PropertyValueSpecification","valueRequired":true,"valueName":"search_term_string"}}],"inLanguage":"fr-FR"},{"@type":"Organization","@id":"https:\/\/progression-verticale.com\/#organization","name":"\u00a0Progression Verticale","url":"https:\/\/progression-verticale.com\/","logo":{"@type":"ImageObject","inLanguage":"fr-FR","@id":"https:\/\/progression-verticale.com\/#\/schema\/logo\/image\/","url":"https:\/\/progression-verticale.com\/wp-content\/uploads\/2025\/12\/LogoPV-v2-50.png","contentUrl":"https:\/\/progression-verticale.com\/wp-content\/uploads\/2025\/12\/LogoPV-v2-50.png","width":224,"height":221,"caption":"\u00a0Progression Verticale"},"image":{"@id":"https:\/\/progression-verticale.com\/#\/schema\/logo\/image\/"}}]}},"featured_image_src":"","featured_image_src_square":false,"rbea_author_info":{"display_name":"admin1219","author_link":"https:\/\/progression-verticale.com\/index.php\/author\/admin1219\/"},"rbea_excerpt_info":"Gr\u00e8ce 2026 (M\u00e9t\u00e9ores) Dates : du 4 au 11 avril 2026 Les&nbsp;m\u00e9t\u00e9ores, situ\u00e9es dans le nord de la Gr\u00e8ce, sont constitu\u00e9es d\u2019un ensemble de pitons rocheux atypiques. D\u2019apr\u00e8s la mythologie locale, ces roches furent envoy\u00e9es du ciel sur la terre &hellip;<p class=\"read-more\"> <a class=\"more-link\" href=\"https:\/\/progression-verticale.com\/index.php\/stages\/\"> <span class=\"screen-reader-text\">Stages<\/span> Read More &raquo;<\/a><\/p>","jetpack_sharing_enabled":true,"_links":{"self":[{"href":"https:\/\/progression-verticale.com\/index.php\/wp-json\/wp\/v2\/pages\/77","targetHints":{"allow":["GET"]}}],"collection":[{"href":"https:\/\/progression-verticale.com\/index.php\/wp-json\/wp\/v2\/pages"}],"about":[{"href":"https:\/\/progression-verticale.com\/index.php\/wp-json\/wp\/v2\/types\/page"}],"author":[{"embeddable":true,"href":"https:\/\/progression-verticale.com\/index.php\/wp-json\/wp\/v2\/users\/1"}],"replies":[{"embeddable":true,"href":"https:\/\/progression-verticale.com\/index.php\/wp-json\/wp\/v2\/comments?post=77"}],"version-history":[{"count":54,"href":"https:\/\/progression-verticale.com\/index.php\/wp-json\/wp\/v2\/pages\/77\/revisions"}],"predecessor-version":[{"id":1018,"href":"https:\/\/progression-verticale.com\/index.php\/wp-json\/wp\/v2\/pages\/77\/revisions\/1018"}],"wp:attachment":[{"href":"https:\/\/progression-verticale.com\/index.php\/wp-json\/wp\/v2\/media?parent=77"}],"curies":[{"name":"wp","href":"https:\/\/api.w.org\/{rel}","templated":true}]}}