{"id":769,"date":"2025-07-24T08:55:17","date_gmt":"2025-07-24T06:55:17","guid":{"rendered":"https:\/\/progression-verticale.com\/?page_id=769"},"modified":"2026-02-12T13:43:43","modified_gmt":"2026-02-12T12:43:43","slug":"les-meteores-grece-2026","status":"publish","type":"page","link":"https:\/\/progression-verticale.com\/index.php\/les-meteores-grece-2026\/","title":{"rendered":"Les m\u00e9t\u00e9ores (Gr\u00e8ce) 2026"},"content":{"rendered":"\n<p><\/p>\n\n\n\n<p>Les <a href=\"https:\/\/fr.wikipedia.org\/wiki\/M%C3%A9t%C3%A9ores\">m\u00e9t\u00e9ores<\/a>, situ\u00e9es dans le nord de la Gr\u00e8ce, sont constitu\u00e9es d\u2019un ensemble de pitons rocheux atypiques. D\u2019apr\u00e8s la mythologie locale, ces roches furent envoy\u00e9es du ciel sur la terre par la Providence (d\u2019o\u00f9 leur nom de \u00ab m\u00e9t\u00e9ores \u00bb) pour permettre \u00e0 des religieux particuli\u00e8rement pieux de se retirer et de prier. Ainsi, divers monast\u00e8res ont \u00e9t\u00e9 \u00e9rig\u00e9s au sommet de ces colonnes de calcaire. Certains sont encore habit\u00e9s et peuvent \u00eatre visit\u00e9s.<\/p>\n\n\n\n<p>Mais, les grimpeurs ne sont en pas en reste, car un grand nombre de voies ont \u00e9t\u00e9 ouvertes, en particulier par nos amis germaniques, sur ces presque 170 monolithes. Le rocher est aussi atypique\u2026 Il s\u2019agit d\u2019une roche de conglom\u00e9rat o\u00f9 l\u2019on grimpe sur des galets incrust\u00e9s dans les parois. Un niveau 5c en second est pr\u00e9f\u00e9rable pour bien appr\u00e9cier la grimpe locale et pour ceux qui voudront grimper en t\u00eate il faudra sortir les coinceurs et les friends!<\/p>\n\n\n\n<p>Outre ce rocher inhabituel, le d\u00e9paysement total est assur\u00e9. Aux pieds des m\u00e9t\u00e9ores, le village de Kalambaka dispose de nombreuses tavernes o\u00f9 il sera bien agr\u00e9able de terminer la journ\u00e9e avec quelques sp\u00e9cialit\u00e9s grecques et d&rsquo;\u00e9changer avec les locaux qui sont particuli\u00e8rement accueillants.<\/p>\n\n\n\n<p>Dates du stage&nbsp;: du 4 au 11 avril 2026<\/p>\n\n\n\n<p>Voici typiquement l\u2019agenda de la semaine (qui sera ajust\u00e9 en fonction du niveau des participants et des conditions) :<\/p>\n\n\n\n<ul class=\"wp-block-list\">\n<li>Jour 1 : Vol de Gen\u00e8ve \u00e0 Ath\u00e8nes et transfert vers Kalambaka<\/li>\n\n\n\n<li>Jour 2 : D\u00e9couverte du rocher \u00e0 <a href=\"https:\/\/www.camptocamp.org\/waypoints\/345480\/fr\/meteores-doupiani\">Doupiani <\/a>&nbsp;<\/li>\n\n\n\n<li>Jour 3 : Grande voie \u00ab&nbsp;<a href=\"https:\/\/www.camptocamp.org\/routes\/1516558\/fr\/meteores-bantovas-swiss-cheese\">Swiss cheese&nbsp;<\/a>\u00bb sur Bantovas<\/li>\n\n\n\n<li>Jour 4 : Excursion sur la route des monast\u00e8res et un peu de couenne pour les plus acharn\u00e9s<\/li>\n\n\n\n<li>Jour 5 : Grande voie \u00ab&nbsp;<a href=\"https:\/\/www.camptocamp.org\/routes\/171592\/fr\/meteores-agion-pneuma-st-esprit-pilier-des-reves-traumpfeiler-\">Pilier des r\u00eaves (Traumpfeiler)&nbsp;<\/a>\u00bb sur &nbsp;Agion Pneuma (St-Esprit)<\/li>\n\n\n\n<li>Jour 6 : Grande voie \u00ab&nbsp;<a href=\"https:\/\/www.camptocamp.org\/routes\/1158410\/fr\/meteores-hauptgipfel-the-grail-egg-dance-eiertanz\">Egg Dance<\/a> \u00bb&nbsp;sur Hauptgipfel (the Grail)<\/li>\n\n\n\n<li>Jour 7 : Couenne et transfert vers Ath\u00e8nes<\/li>\n\n\n\n<li>Jour 8 : Vol vers Gen\u00e8ve<\/li>\n<\/ul>\n\n\n\n<p>Le prix estimatif par personne est de 2200 euros (avec un minimum de deux participants) et inclus :<\/p>\n\n\n\n<ul class=\"wp-block-list\">\n<li>L\u2019encadrement et le mat\u00e9riel collectif (cordes, d\u00e9gaines, coinceurs, friends)<\/li>\n\n\n\n<li>L\u2019h\u00f4tel pour 8 jours (7 nuits) en chambre double<\/li>\n\n\n\n<li>Le vol aller-retour Gen\u00e8ve-Ath\u00e8nes<\/li>\n\n\n\n<li>Les transfers \u00e0 l\u2019a\u00e9roport et Kalambaka<\/li>\n\n\n\n<li>La location d\u2019une voiture<\/li>\n<\/ul>\n\n\n\n<p>Voici quelques photos pour vous donner envie:<\/p>\n\n\n\n<figure class=\"wp-block-gallery has-nested-images columns-default is-cropped wp-block-gallery-1 is-layout-flex wp-block-gallery-is-layout-flex\">\n<figure class=\"wp-block-image size-large\"><img fetchpriority=\"high\" decoding=\"async\" width=\"1024\" height=\"683\" data-id=\"776\" src=\"https:\/\/progression-verticale.com\/wp-content\/uploads\/2025\/07\/Meteoras_monastery_2-1024x683.jpg\" alt=\"\" class=\"wp-image-776\" srcset=\"https:\/\/progression-verticale.com\/wp-content\/uploads\/2025\/07\/Meteoras_monastery_2-1024x683.jpg 1024w, https:\/\/progression-verticale.com\/wp-content\/uploads\/2025\/07\/Meteoras_monastery_2-300x200.jpg 300w, https:\/\/progression-verticale.com\/wp-content\/uploads\/2025\/07\/Meteoras_monastery_2-768x513.jpg 768w, https:\/\/progression-verticale.com\/wp-content\/uploads\/2025\/07\/Meteoras_monastery_2-1536x1025.jpg 1536w, https:\/\/progression-verticale.com\/wp-content\/uploads\/2025\/07\/Meteoras_monastery_2-2048x1367.jpg 2048w, https:\/\/progression-verticale.com\/wp-content\/uploads\/2025\/07\/Meteoras_monastery_2-100x67.jpg 100w, https:\/\/progression-verticale.com\/wp-content\/uploads\/2025\/07\/Meteoras_monastery_2-150x100.jpg 150w, https:\/\/progression-verticale.com\/wp-content\/uploads\/2025\/07\/Meteoras_monastery_2-200x133.jpg 200w, https:\/\/progression-verticale.com\/wp-content\/uploads\/2025\/07\/Meteoras_monastery_2-450x300.jpg 450w, https:\/\/progression-verticale.com\/wp-content\/uploads\/2025\/07\/Meteoras_monastery_2-600x400.jpg 600w, https:\/\/progression-verticale.com\/wp-content\/uploads\/2025\/07\/Meteoras_monastery_2-900x601.jpg 900w\" sizes=\"(max-width: 1024px) 100vw, 1024px\" \/><\/figure>\n\n\n\n<figure class=\"wp-block-image size-large\"><img decoding=\"async\" width=\"1024\" height=\"768\" data-id=\"774\" src=\"https:\/\/progression-verticale.com\/wp-content\/uploads\/2025\/07\/Regenpfeiler-1024x768.jpg\" alt=\"\" class=\"wp-image-774\" srcset=\"https:\/\/progression-verticale.com\/wp-content\/uploads\/2025\/07\/Regenpfeiler-1024x768.jpg 1024w, https:\/\/progression-verticale.com\/wp-content\/uploads\/2025\/07\/Regenpfeiler-300x225.jpg 300w, https:\/\/progression-verticale.com\/wp-content\/uploads\/2025\/07\/Regenpfeiler-768x576.jpg 768w, https:\/\/progression-verticale.com\/wp-content\/uploads\/2025\/07\/Regenpfeiler-1536x1152.jpg 1536w, https:\/\/progression-verticale.com\/wp-content\/uploads\/2025\/07\/Regenpfeiler-2048x1536.jpg 2048w, https:\/\/progression-verticale.com\/wp-content\/uploads\/2025\/07\/Regenpfeiler-100x75.jpg 100w, https:\/\/progression-verticale.com\/wp-content\/uploads\/2025\/07\/Regenpfeiler-150x113.jpg 150w, https:\/\/progression-verticale.com\/wp-content\/uploads\/2025\/07\/Regenpfeiler-200x150.jpg 200w, https:\/\/progression-verticale.com\/wp-content\/uploads\/2025\/07\/Regenpfeiler-450x338.jpg 450w, https:\/\/progression-verticale.com\/wp-content\/uploads\/2025\/07\/Regenpfeiler-600x450.jpg 600w, https:\/\/progression-verticale.com\/wp-content\/uploads\/2025\/07\/Regenpfeiler-900x675.jpg 900w\" sizes=\"(max-width: 1024px) 100vw, 1024px\" \/><\/figure>\n\n\n\n<figure class=\"wp-block-image size-large\"><img decoding=\"async\" width=\"1024\" height=\"768\" data-id=\"772\" src=\"https:\/\/progression-verticale.com\/wp-content\/uploads\/2025\/07\/Monasteres-1024x768.jpg\" alt=\"\" class=\"wp-image-772\" srcset=\"https:\/\/progression-verticale.com\/wp-content\/uploads\/2025\/07\/Monasteres-1024x768.jpg 1024w, https:\/\/progression-verticale.com\/wp-content\/uploads\/2025\/07\/Monasteres-300x225.jpg 300w, https:\/\/progression-verticale.com\/wp-content\/uploads\/2025\/07\/Monasteres-768x576.jpg 768w, https:\/\/progression-verticale.com\/wp-content\/uploads\/2025\/07\/Monasteres-1536x1152.jpg 1536w, https:\/\/progression-verticale.com\/wp-content\/uploads\/2025\/07\/Monasteres-2048x1536.jpg 2048w, https:\/\/progression-verticale.com\/wp-content\/uploads\/2025\/07\/Monasteres-100x75.jpg 100w, https:\/\/progression-verticale.com\/wp-content\/uploads\/2025\/07\/Monasteres-150x113.jpg 150w, https:\/\/progression-verticale.com\/wp-content\/uploads\/2025\/07\/Monasteres-200x150.jpg 200w, https:\/\/progression-verticale.com\/wp-content\/uploads\/2025\/07\/Monasteres-450x338.jpg 450w, https:\/\/progression-verticale.com\/wp-content\/uploads\/2025\/07\/Monasteres-600x450.jpg 600w, https:\/\/progression-verticale.com\/wp-content\/uploads\/2025\/07\/Monasteres-900x675.jpg 900w\" sizes=\"(max-width: 1024px) 100vw, 1024px\" \/><\/figure>\n\n\n\n<figure class=\"wp-block-image size-large\"><img loading=\"lazy\" decoding=\"async\" width=\"1024\" height=\"288\" data-id=\"773\" src=\"https:\/\/progression-verticale.com\/wp-content\/uploads\/2025\/07\/Pano-2-1-1024x288.jpg\" alt=\"\" class=\"wp-image-773\" srcset=\"https:\/\/progression-verticale.com\/wp-content\/uploads\/2025\/07\/Pano-2-1-1024x288.jpg 1024w, https:\/\/progression-verticale.com\/wp-content\/uploads\/2025\/07\/Pano-2-1-300x84.jpg 300w, https:\/\/progression-verticale.com\/wp-content\/uploads\/2025\/07\/Pano-2-1-768x216.jpg 768w, https:\/\/progression-verticale.com\/wp-content\/uploads\/2025\/07\/Pano-2-1-1536x432.jpg 1536w, https:\/\/progression-verticale.com\/wp-content\/uploads\/2025\/07\/Pano-2-1-2048x575.jpg 2048w, https:\/\/progression-verticale.com\/wp-content\/uploads\/2025\/07\/Pano-2-1-100x28.jpg 100w, https:\/\/progression-verticale.com\/wp-content\/uploads\/2025\/07\/Pano-2-1-150x42.jpg 150w, https:\/\/progression-verticale.com\/wp-content\/uploads\/2025\/07\/Pano-2-1-200x56.jpg 200w, https:\/\/progression-verticale.com\/wp-content\/uploads\/2025\/07\/Pano-2-1-450x126.jpg 450w, https:\/\/progression-verticale.com\/wp-content\/uploads\/2025\/07\/Pano-2-1-600x169.jpg 600w, https:\/\/progression-verticale.com\/wp-content\/uploads\/2025\/07\/Pano-2-1-900x253.jpg 900w\" sizes=\"(max-width: 1024px) 100vw, 1024px\" \/><\/figure>\n<\/figure>\n","protected":false},"excerpt":{"rendered":"<p>Les m\u00e9t\u00e9ores, situ\u00e9es dans le nord de la Gr\u00e8ce, sont constitu\u00e9es d\u2019un ensemble de pitons rocheux atypiques. D\u2019apr\u00e8s la mythologie locale, ces roches furent envoy\u00e9es du ciel sur la terre par la Providence (d\u2019o\u00f9 leur nom de \u00ab m\u00e9t\u00e9ores \u00bb) &hellip;<\/p>\n<p class=\"read-more\"> <a class=\"more-link\" href=\"https:\/\/progression-verticale.com\/index.php\/les-meteores-grece-2026\/\"> <span class=\"screen-reader-text\">Les m\u00e9t\u00e9ores (Gr\u00e8ce) 2026<\/span> Read More &raquo;<\/a><\/p>\n","protected":false},"author":1,"featured_media":0,"parent":0,"menu_order":0,"comment_status":"closed","ping_status":"closed","template":"","meta":{"footnotes":""},"class_list":["post-769","page","type-page","status-publish","hentry"],"yoast_head":"<!-- This site is optimized with the Yoast SEO plugin v26.9 - https:\/\/yoast.com\/product\/yoast-seo-wordpress\/ -->\n<title>Les m\u00e9t\u00e9ores (Gr\u00e8ce) 2026 - \u00a0Progression Verticale<\/title>\n<meta name=\"description\" content=\"Stage d&#039;escalade en Gr\u00e8ce dans les m\u00e9t\u00e9ores du 4 au 11 avril 2026 pour des grimpeurs de niveau 5c\/6a en second.\" \/>\n<meta name=\"robots\" content=\"index, follow, max-snippet:-1, max-image-preview:large, max-video-preview:-1\" \/>\n<link rel=\"canonical\" href=\"https:\/\/progression-verticale.com\/index.php\/les-meteores-grece-2026\/\" \/>\n<meta property=\"og:locale\" content=\"fr_FR\" \/>\n<meta property=\"og:type\" content=\"article\" \/>\n<meta property=\"og:title\" content=\"Les m\u00e9t\u00e9ores (Gr\u00e8ce) 2026 - \u00a0Progression Verticale\" \/>\n<meta property=\"og:description\" content=\"Stage d&#039;escalade en Gr\u00e8ce dans les m\u00e9t\u00e9ores du 4 au 11 avril 2026 pour des grimpeurs de niveau 5c\/6a en second.\" \/>\n<meta property=\"og:url\" content=\"https:\/\/progression-verticale.com\/index.php\/les-meteores-grece-2026\/\" \/>\n<meta property=\"og:site_name\" content=\"\u00a0Progression Verticale\" \/>\n<meta property=\"article:modified_time\" content=\"2026-02-12T12:43:43+00:00\" \/>\n<meta property=\"og:image\" content=\"https:\/\/progression-verticale.com\/wp-content\/uploads\/2025\/07\/Meteoras_monastery_2-1024x683.jpg\" \/>\n<meta name=\"twitter:card\" content=\"summary_large_image\" \/>\n<meta name=\"twitter:label1\" content=\"Dur\u00e9e de lecture estim\u00e9e\" \/>\n\t<meta name=\"twitter:data1\" content=\"3 minutes\" \/>\n<script type=\"application\/ld+json\" class=\"yoast-schema-graph\">{\"@context\":\"https:\/\/schema.org\",\"@graph\":[{\"@type\":\"WebPage\",\"@id\":\"https:\/\/progression-verticale.com\/index.php\/les-meteores-grece-2026\/\",\"url\":\"https:\/\/progression-verticale.com\/index.php\/les-meteores-grece-2026\/\",\"name\":\"Les m\u00e9t\u00e9ores (Gr\u00e8ce) 2026 - \u00a0Progression Verticale\",\"isPartOf\":{\"@id\":\"https:\/\/progression-verticale.com\/#website\"},\"primaryImageOfPage\":{\"@id\":\"https:\/\/progression-verticale.com\/index.php\/les-meteores-grece-2026\/#primaryimage\"},\"image\":{\"@id\":\"https:\/\/progression-verticale.com\/index.php\/les-meteores-grece-2026\/#primaryimage\"},\"thumbnailUrl\":\"https:\/\/progression-verticale.com\/wp-content\/uploads\/2025\/07\/Meteoras_monastery_2-1024x683.jpg\",\"datePublished\":\"2025-07-24T06:55:17+00:00\",\"dateModified\":\"2026-02-12T12:43:43+00:00\",\"description\":\"Stage d'escalade en Gr\u00e8ce dans les m\u00e9t\u00e9ores du 4 au 11 avril 2026 pour des grimpeurs de niveau 5c\/6a en second.\",\"breadcrumb\":{\"@id\":\"https:\/\/progression-verticale.com\/index.php\/les-meteores-grece-2026\/#breadcrumb\"},\"inLanguage\":\"fr-FR\",\"potentialAction\":[{\"@type\":\"ReadAction\",\"target\":[\"https:\/\/progression-verticale.com\/index.php\/les-meteores-grece-2026\/\"]}]},{\"@type\":\"ImageObject\",\"inLanguage\":\"fr-FR\",\"@id\":\"https:\/\/progression-verticale.com\/index.php\/les-meteores-grece-2026\/#primaryimage\",\"url\":\"https:\/\/progression-verticale.com\/wp-content\/uploads\/2025\/07\/Meteoras_monastery_2-scaled.jpg\",\"contentUrl\":\"https:\/\/progression-verticale.com\/wp-content\/uploads\/2025\/07\/Meteoras_monastery_2-scaled.jpg\",\"width\":2560,\"height\":1709},{\"@type\":\"BreadcrumbList\",\"@id\":\"https:\/\/progression-verticale.com\/index.php\/les-meteores-grece-2026\/#breadcrumb\",\"itemListElement\":[{\"@type\":\"ListItem\",\"position\":1,\"name\":\"Accueil\",\"item\":\"https:\/\/progression-verticale.com\/\"},{\"@type\":\"ListItem\",\"position\":2,\"name\":\"Les m\u00e9t\u00e9ores (Gr\u00e8ce) 2026\"}]},{\"@type\":\"WebSite\",\"@id\":\"https:\/\/progression-verticale.com\/#website\",\"url\":\"https:\/\/progression-verticale.com\/\",\"name\":\"\u00a0Progression Verticale\",\"description\":\"Pr\u00e9parez votre aventure en escalade, canyoning, terrain d&#039;aventure et autres activit\u00e9s verticales\",\"publisher\":{\"@id\":\"https:\/\/progression-verticale.com\/#organization\"},\"potentialAction\":[{\"@type\":\"SearchAction\",\"target\":{\"@type\":\"EntryPoint\",\"urlTemplate\":\"https:\/\/progression-verticale.com\/?s={search_term_string}\"},\"query-input\":{\"@type\":\"PropertyValueSpecification\",\"valueRequired\":true,\"valueName\":\"search_term_string\"}}],\"inLanguage\":\"fr-FR\"},{\"@type\":\"Organization\",\"@id\":\"https:\/\/progression-verticale.com\/#organization\",\"name\":\"\u00a0Progression Verticale\",\"url\":\"https:\/\/progression-verticale.com\/\",\"logo\":{\"@type\":\"ImageObject\",\"inLanguage\":\"fr-FR\",\"@id\":\"https:\/\/progression-verticale.com\/#\/schema\/logo\/image\/\",\"url\":\"https:\/\/progression-verticale.com\/wp-content\/uploads\/2025\/12\/LogoPV-v2-50.png\",\"contentUrl\":\"https:\/\/progression-verticale.com\/wp-content\/uploads\/2025\/12\/LogoPV-v2-50.png\",\"width\":224,\"height\":221,\"caption\":\"\u00a0Progression Verticale\"},\"image\":{\"@id\":\"https:\/\/progression-verticale.com\/#\/schema\/logo\/image\/\"}}]}<\/script>\n<!-- \/ Yoast SEO plugin. -->","yoast_head_json":{"title":"Les m\u00e9t\u00e9ores (Gr\u00e8ce) 2026 - \u00a0Progression Verticale","description":"Stage d'escalade en Gr\u00e8ce dans les m\u00e9t\u00e9ores du 4 au 11 avril 2026 pour des grimpeurs de niveau 5c\/6a en second.","robots":{"index":"index","follow":"follow","max-snippet":"max-snippet:-1","max-image-preview":"max-image-preview:large","max-video-preview":"max-video-preview:-1"},"canonical":"https:\/\/progression-verticale.com\/index.php\/les-meteores-grece-2026\/","og_locale":"fr_FR","og_type":"article","og_title":"Les m\u00e9t\u00e9ores (Gr\u00e8ce) 2026 - \u00a0Progression Verticale","og_description":"Stage d'escalade en Gr\u00e8ce dans les m\u00e9t\u00e9ores du 4 au 11 avril 2026 pour des grimpeurs de niveau 5c\/6a en second.","og_url":"https:\/\/progression-verticale.com\/index.php\/les-meteores-grece-2026\/","og_site_name":"\u00a0Progression Verticale","article_modified_time":"2026-02-12T12:43:43+00:00","og_image":[{"url":"https:\/\/progression-verticale.com\/wp-content\/uploads\/2025\/07\/Meteoras_monastery_2-1024x683.jpg","type":"","width":"","height":""}],"twitter_card":"summary_large_image","twitter_misc":{"Dur\u00e9e de lecture estim\u00e9e":"3 minutes"},"schema":{"@context":"https:\/\/schema.org","@graph":[{"@type":"WebPage","@id":"https:\/\/progression-verticale.com\/index.php\/les-meteores-grece-2026\/","url":"https:\/\/progression-verticale.com\/index.php\/les-meteores-grece-2026\/","name":"Les m\u00e9t\u00e9ores (Gr\u00e8ce) 2026 - \u00a0Progression Verticale","isPartOf":{"@id":"https:\/\/progression-verticale.com\/#website"},"primaryImageOfPage":{"@id":"https:\/\/progression-verticale.com\/index.php\/les-meteores-grece-2026\/#primaryimage"},"image":{"@id":"https:\/\/progression-verticale.com\/index.php\/les-meteores-grece-2026\/#primaryimage"},"thumbnailUrl":"https:\/\/progression-verticale.com\/wp-content\/uploads\/2025\/07\/Meteoras_monastery_2-1024x683.jpg","datePublished":"2025-07-24T06:55:17+00:00","dateModified":"2026-02-12T12:43:43+00:00","description":"Stage d'escalade en Gr\u00e8ce dans les m\u00e9t\u00e9ores du 4 au 11 avril 2026 pour des grimpeurs de niveau 5c\/6a en second.","breadcrumb":{"@id":"https:\/\/progression-verticale.com\/index.php\/les-meteores-grece-2026\/#breadcrumb"},"inLanguage":"fr-FR","potentialAction":[{"@type":"ReadAction","target":["https:\/\/progression-verticale.com\/index.php\/les-meteores-grece-2026\/"]}]},{"@type":"ImageObject","inLanguage":"fr-FR","@id":"https:\/\/progression-verticale.com\/index.php\/les-meteores-grece-2026\/#primaryimage","url":"https:\/\/progression-verticale.com\/wp-content\/uploads\/2025\/07\/Meteoras_monastery_2-scaled.jpg","contentUrl":"https:\/\/progression-verticale.com\/wp-content\/uploads\/2025\/07\/Meteoras_monastery_2-scaled.jpg","width":2560,"height":1709},{"@type":"BreadcrumbList","@id":"https:\/\/progression-verticale.com\/index.php\/les-meteores-grece-2026\/#breadcrumb","itemListElement":[{"@type":"ListItem","position":1,"name":"Accueil","item":"https:\/\/progression-verticale.com\/"},{"@type":"ListItem","position":2,"name":"Les m\u00e9t\u00e9ores (Gr\u00e8ce) 2026"}]},{"@type":"WebSite","@id":"https:\/\/progression-verticale.com\/#website","url":"https:\/\/progression-verticale.com\/","name":"\u00a0Progression Verticale","description":"Pr\u00e9parez votre aventure en escalade, canyoning, terrain d&#039;aventure et autres activit\u00e9s verticales","publisher":{"@id":"https:\/\/progression-verticale.com\/#organization"},"potentialAction":[{"@type":"SearchAction","target":{"@type":"EntryPoint","urlTemplate":"https:\/\/progression-verticale.com\/?s={search_term_string}"},"query-input":{"@type":"PropertyValueSpecification","valueRequired":true,"valueName":"search_term_string"}}],"inLanguage":"fr-FR"},{"@type":"Organization","@id":"https:\/\/progression-verticale.com\/#organization","name":"\u00a0Progression Verticale","url":"https:\/\/progression-verticale.com\/","logo":{"@type":"ImageObject","inLanguage":"fr-FR","@id":"https:\/\/progression-verticale.com\/#\/schema\/logo\/image\/","url":"https:\/\/progression-verticale.com\/wp-content\/uploads\/2025\/12\/LogoPV-v2-50.png","contentUrl":"https:\/\/progression-verticale.com\/wp-content\/uploads\/2025\/12\/LogoPV-v2-50.png","width":224,"height":221,"caption":"\u00a0Progression Verticale"},"image":{"@id":"https:\/\/progression-verticale.com\/#\/schema\/logo\/image\/"}}]}},"featured_image_src":"","featured_image_src_square":false,"rbea_author_info":{"display_name":"admin1219","author_link":"https:\/\/progression-verticale.com\/index.php\/author\/admin1219\/"},"rbea_excerpt_info":"Les m\u00e9t\u00e9ores, situ\u00e9es dans le nord de la Gr\u00e8ce, sont constitu\u00e9es d\u2019un ensemble de pitons rocheux atypiques. D\u2019apr\u00e8s la mythologie locale, ces roches furent envoy\u00e9es du ciel sur la terre par la Providence (d\u2019o\u00f9 leur nom de \u00ab m\u00e9t\u00e9ores \u00bb) &hellip;<p class=\"read-more\"> <a class=\"more-link\" href=\"https:\/\/progression-verticale.com\/index.php\/les-meteores-grece-2026\/\"> <span class=\"screen-reader-text\">Les m\u00e9t\u00e9ores (Gr\u00e8ce) 2026<\/span> Read More &raquo;<\/a><\/p>","jetpack_sharing_enabled":true,"_links":{"self":[{"href":"https:\/\/progression-verticale.com\/index.php\/wp-json\/wp\/v2\/pages\/769","targetHints":{"allow":["GET"]}}],"collection":[{"href":"https:\/\/progression-verticale.com\/index.php\/wp-json\/wp\/v2\/pages"}],"about":[{"href":"https:\/\/progression-verticale.com\/index.php\/wp-json\/wp\/v2\/types\/page"}],"author":[{"embeddable":true,"href":"https:\/\/progression-verticale.com\/index.php\/wp-json\/wp\/v2\/users\/1"}],"replies":[{"embeddable":true,"href":"https:\/\/progression-verticale.com\/index.php\/wp-json\/wp\/v2\/comments?post=769"}],"version-history":[{"count":8,"href":"https:\/\/progression-verticale.com\/index.php\/wp-json\/wp\/v2\/pages\/769\/revisions"}],"predecessor-version":[{"id":1007,"href":"https:\/\/progression-verticale.com\/index.php\/wp-json\/wp\/v2\/pages\/769\/revisions\/1007"}],"wp:attachment":[{"href":"https:\/\/progression-verticale.com\/index.php\/wp-json\/wp\/v2\/media?parent=769"}],"curies":[{"name":"wp","href":"https:\/\/api.w.org\/{rel}","templated":true}]}}