{"id":709,"date":"2025-01-27T17:33:41","date_gmt":"2025-01-27T16:33:41","guid":{"rendered":"https:\/\/progression-verticale.com\/?page_id=709"},"modified":"2025-03-20T14:13:34","modified_gmt":"2025-03-20T13:13:34","slug":"stage-multi-activites-aventures","status":"publish","type":"page","link":"https:\/\/progression-verticale.com\/index.php\/stage-multi-activites-aventures\/","title":{"rendered":"Stage multi-activit\u00e9s aventures"},"content":{"rendered":"\n<p><strong>Stage multi-activit\u00e9s aventures<\/strong><\/p>\n\n\n\n<p><strong>Date:<\/strong> 17 au 23 ao\u00fbt 2025<\/p>\n\n\n\n<p>Le camp de base de ce stage aventure est \u00e0 Villefort (Loz\u00e8re) situ\u00e9 dans le magnifique parc des C\u00e9vennes o\u00f9 diverses activit\u00e9s nous attendent : canyoning, escalade, via ferrata, baignade, balade etc. Il s&rsquo;adresse \u00e0 des jeunes entre 14 et 18 ans qui n&rsquo;ont pas peur du vide, qui savent nager et qui ont envie de s&rsquo;amuser. L&rsquo;h\u00e9bergement est au camping du lac de Villefort au bord du lac, permettant ainsi de se rafra\u00eechir d\u00e8s que cela devient indispensable, car il faut chaud en Loz\u00e8re&#8230; <\/p>\n\n\n\n<figure class=\"wp-block-gallery has-nested-images columns-4 is-cropped wp-block-gallery-1 is-layout-flex wp-block-gallery-is-layout-flex\">\n<figure class=\"wp-block-image size-large\"><img fetchpriority=\"high\" decoding=\"async\" width=\"768\" height=\"1024\" data-id=\"714\" src=\"https:\/\/progression-verticale.com\/wp-content\/uploads\/2025\/01\/20220613_123903-1-768x1024.jpg\" alt=\"\" class=\"wp-image-714\" srcset=\"https:\/\/progression-verticale.com\/wp-content\/uploads\/2025\/01\/20220613_123903-1-768x1024.jpg 768w, https:\/\/progression-verticale.com\/wp-content\/uploads\/2025\/01\/20220613_123903-1-225x300.jpg 225w, https:\/\/progression-verticale.com\/wp-content\/uploads\/2025\/01\/20220613_123903-1-1152x1536.jpg 1152w, https:\/\/progression-verticale.com\/wp-content\/uploads\/2025\/01\/20220613_123903-1-1536x2048.jpg 1536w, https:\/\/progression-verticale.com\/wp-content\/uploads\/2025\/01\/20220613_123903-1-100x133.jpg 100w, https:\/\/progression-verticale.com\/wp-content\/uploads\/2025\/01\/20220613_123903-1-150x200.jpg 150w, https:\/\/progression-verticale.com\/wp-content\/uploads\/2025\/01\/20220613_123903-1-200x267.jpg 200w, https:\/\/progression-verticale.com\/wp-content\/uploads\/2025\/01\/20220613_123903-1-300x400.jpg 300w, https:\/\/progression-verticale.com\/wp-content\/uploads\/2025\/01\/20220613_123903-1-450x600.jpg 450w, https:\/\/progression-verticale.com\/wp-content\/uploads\/2025\/01\/20220613_123903-1-600x800.jpg 600w, https:\/\/progression-verticale.com\/wp-content\/uploads\/2025\/01\/20220613_123903-1-900x1200.jpg 900w, https:\/\/progression-verticale.com\/wp-content\/uploads\/2025\/01\/20220613_123903-1-scaled.jpg 1920w\" sizes=\"(max-width: 768px) 100vw, 768px\" \/><\/figure>\n\n\n\n<figure class=\"wp-block-image size-large\"><img decoding=\"async\" width=\"768\" height=\"1024\" data-id=\"713\" src=\"https:\/\/progression-verticale.com\/wp-content\/uploads\/2025\/01\/20230916_113310-768x1024.jpg\" alt=\"\" class=\"wp-image-713\" srcset=\"https:\/\/progression-verticale.com\/wp-content\/uploads\/2025\/01\/20230916_113310-768x1024.jpg 768w, https:\/\/progression-verticale.com\/wp-content\/uploads\/2025\/01\/20230916_113310-225x300.jpg 225w, https:\/\/progression-verticale.com\/wp-content\/uploads\/2025\/01\/20230916_113310-1152x1536.jpg 1152w, https:\/\/progression-verticale.com\/wp-content\/uploads\/2025\/01\/20230916_113310-1536x2048.jpg 1536w, https:\/\/progression-verticale.com\/wp-content\/uploads\/2025\/01\/20230916_113310-100x133.jpg 100w, https:\/\/progression-verticale.com\/wp-content\/uploads\/2025\/01\/20230916_113310-150x200.jpg 150w, https:\/\/progression-verticale.com\/wp-content\/uploads\/2025\/01\/20230916_113310-200x267.jpg 200w, https:\/\/progression-verticale.com\/wp-content\/uploads\/2025\/01\/20230916_113310-300x400.jpg 300w, https:\/\/progression-verticale.com\/wp-content\/uploads\/2025\/01\/20230916_113310-450x600.jpg 450w, https:\/\/progression-verticale.com\/wp-content\/uploads\/2025\/01\/20230916_113310-600x800.jpg 600w, https:\/\/progression-verticale.com\/wp-content\/uploads\/2025\/01\/20230916_113310-900x1200.jpg 900w, https:\/\/progression-verticale.com\/wp-content\/uploads\/2025\/01\/20230916_113310-scaled.jpg 1920w\" sizes=\"(max-width: 768px) 100vw, 768px\" \/><\/figure>\n\n\n\n<figure class=\"wp-block-image size-large\"><img decoding=\"async\" width=\"768\" height=\"1024\" data-id=\"712\" src=\"https:\/\/progression-verticale.com\/wp-content\/uploads\/2025\/01\/20240420_120101-768x1024.jpg\" alt=\"\" class=\"wp-image-712\" srcset=\"https:\/\/progression-verticale.com\/wp-content\/uploads\/2025\/01\/20240420_120101-768x1024.jpg 768w, https:\/\/progression-verticale.com\/wp-content\/uploads\/2025\/01\/20240420_120101-225x300.jpg 225w, https:\/\/progression-verticale.com\/wp-content\/uploads\/2025\/01\/20240420_120101-1152x1536.jpg 1152w, https:\/\/progression-verticale.com\/wp-content\/uploads\/2025\/01\/20240420_120101-1536x2048.jpg 1536w, https:\/\/progression-verticale.com\/wp-content\/uploads\/2025\/01\/20240420_120101-100x133.jpg 100w, https:\/\/progression-verticale.com\/wp-content\/uploads\/2025\/01\/20240420_120101-150x200.jpg 150w, https:\/\/progression-verticale.com\/wp-content\/uploads\/2025\/01\/20240420_120101-200x267.jpg 200w, https:\/\/progression-verticale.com\/wp-content\/uploads\/2025\/01\/20240420_120101-300x400.jpg 300w, https:\/\/progression-verticale.com\/wp-content\/uploads\/2025\/01\/20240420_120101-450x600.jpg 450w, https:\/\/progression-verticale.com\/wp-content\/uploads\/2025\/01\/20240420_120101-600x800.jpg 600w, https:\/\/progression-verticale.com\/wp-content\/uploads\/2025\/01\/20240420_120101-900x1200.jpg 900w, https:\/\/progression-verticale.com\/wp-content\/uploads\/2025\/01\/20240420_120101-scaled.jpg 1920w\" sizes=\"(max-width: 768px) 100vw, 768px\" \/><\/figure>\n\n\n\n<figure class=\"wp-block-image size-large\"><img loading=\"lazy\" decoding=\"async\" width=\"1024\" height=\"768\" data-id=\"710\" src=\"https:\/\/progression-verticale.com\/wp-content\/uploads\/2025\/01\/France_Lozere_Villefort_Barrage_2-1024x768.jpg\" alt=\"\" class=\"wp-image-710\" srcset=\"https:\/\/progression-verticale.com\/wp-content\/uploads\/2025\/01\/France_Lozere_Villefort_Barrage_2-1024x768.jpg 1024w, https:\/\/progression-verticale.com\/wp-content\/uploads\/2025\/01\/France_Lozere_Villefort_Barrage_2-300x225.jpg 300w, https:\/\/progression-verticale.com\/wp-content\/uploads\/2025\/01\/France_Lozere_Villefort_Barrage_2-768x576.jpg 768w, https:\/\/progression-verticale.com\/wp-content\/uploads\/2025\/01\/France_Lozere_Villefort_Barrage_2-1536x1152.jpg 1536w, https:\/\/progression-verticale.com\/wp-content\/uploads\/2025\/01\/France_Lozere_Villefort_Barrage_2-100x75.jpg 100w, https:\/\/progression-verticale.com\/wp-content\/uploads\/2025\/01\/France_Lozere_Villefort_Barrage_2-150x113.jpg 150w, https:\/\/progression-verticale.com\/wp-content\/uploads\/2025\/01\/France_Lozere_Villefort_Barrage_2-200x150.jpg 200w, https:\/\/progression-verticale.com\/wp-content\/uploads\/2025\/01\/France_Lozere_Villefort_Barrage_2-450x338.jpg 450w, https:\/\/progression-verticale.com\/wp-content\/uploads\/2025\/01\/France_Lozere_Villefort_Barrage_2-600x450.jpg 600w, https:\/\/progression-verticale.com\/wp-content\/uploads\/2025\/01\/France_Lozere_Villefort_Barrage_2-900x675.jpg 900w, https:\/\/progression-verticale.com\/wp-content\/uploads\/2025\/01\/France_Lozere_Villefort_Barrage_2.jpg 1920w\" sizes=\"(max-width: 1024px) 100vw, 1024px\" \/><\/figure>\n<\/figure>\n\n\n\n<figure class=\"wp-block-embed is-type-video is-provider-youtube wp-block-embed-youtube wp-embed-aspect-16-9 wp-has-aspect-ratio\"><div class=\"wp-block-embed__wrapper\">\n<iframe title=\"Ecole d aventure meilleurs moments\" width=\"605\" height=\"340\" src=\"https:\/\/www.youtube.com\/embed\/Q4qSuUMQS9o?feature=oembed\" frameborder=\"0\" allow=\"accelerometer; autoplay; clipboard-write; encrypted-media; gyroscope; picture-in-picture; web-share\" referrerpolicy=\"strict-origin-when-cross-origin\" allowfullscreen><\/iframe>\n<\/div><\/figure>\n\n\n\n<p><strong>Proposition d\u2019agenda (activit\u00e9 principale de la journ\u00e9e):<\/strong><\/p>\n\n\n\n<ul class=\"wp-block-list\">\n<li>17 ao\u00fbt : D\u00e9part de Groisy en voiture pour rejoindre Villefort <\/li>\n\n\n\n<li>18 ao\u00fbt : Petite mise en jambe avec la <a href=\"https:\/\/lozere.fr\/la-ferrata-de-villefort.html\">via ferrata de Villefort<\/a> avec une vue surplombante sur le lac.<\/li>\n\n\n\n<li>19 ao\u00fbt : Descente du <a href=\"https:\/\/www.descente-canyon.com\/canyoning\/canyon\/2212\/Haut-Chassezac.html\">Canyoning du Chassezac<\/a>, un des plus beaux de France! La remont\u00e9e laissera quelques souvenirs&#8230;<\/li>\n\n\n\n<li>20 ao\u00fbt : Escalade en couenne et grande voie \u00e0 la <a href=\"https:\/\/www.camptocamp.org\/waypoints\/1530941\/fr\/tour-regordane\">Tour R\u00e9gordane<\/a>, heureusement il est possible de grimper \u00e0 l&rsquo;onmbre.<\/li>\n\n\n\n<li>21 ao\u00fbt : Parcours du <a href=\"https:\/\/www.descente-canyon.com\/canyoning\/canyon\/2219\/Roujanel.html\">canyon de Roujanel<\/a>, o\u00f9 le th\u00e8me principal sera de \u00ab\u00a0sauter, sauter, sauter\u00a0\u00bb (mais pas trop haut).<\/li>\n\n\n\n<li>22 ao\u00fbt : Escalade \u00e0 la <a href=\"https:\/\/www.camptocamp.org\/waypoints\/1530941\/fr\/tour-regordane\">Tour R\u00e9gordane<\/a> ou <a href=\"https:\/\/www.descente-canyon.com\/canyoning\/canyon\/2220\/Fustugere.html\">canyoning de Fustug\u00e8re<\/a> selon les souhaits du groupe.<\/li>\n\n\n\n<li>23 ao\u00fbt : Retour \u00e0 Groisy <\/li>\n<\/ul>\n\n\n\n<p>A noter, il sera possible de grimper en couenne d\u00e8s qu&rsquo;un groupe est assez motiv\u00e9 et que le temps le permet. <\/p>\n\n\n\n<p id=\"block-1c7416a5-8367-4b9a-9e9c-3a365aff79d5\"><strong>Nombre de participants :<\/strong><\/p>\n\n\n\n<ul id=\"block-dce2f61f-ad98-4ccc-a92a-bd21e05de232\" class=\"wp-block-list\">\n<li>Groupe limit\u00e9 \u00e0 8 aventuriers <\/li>\n<\/ul>\n\n\n\n<p id=\"block-1e226aa7-0f1c-49e5-93fa-f48d0d9e4095\"><strong>Tarifs :<\/strong> 500 Euros par aventurier<\/p>\n\n\n\n<p id=\"block-88abfe9d-0b43-40f4-8eb0-854e58ef54ec\"><strong>Niveau<\/strong>&nbsp;:<\/p>\n\n\n\n<ul id=\"block-6fdf256b-1c5a-44fa-a7b6-335191439477\" class=\"wp-block-list\">\n<li>Niveau minimum : 5c en second <\/li>\n\n\n\n<li>Exp\u00e9rience en grande voie souhait\u00e9e, mais absolument pas obligatoire<\/li>\n\n\n\n<li>Savoir nager<\/li>\n<\/ul>\n\n\n\n<p id=\"block-1fa19d6f-c68c-47ee-8407-f2720c89c245\"><strong>H\u00e9bergement<\/strong>&nbsp;: Camping du <a href=\"https:\/\/camping-lac-cevennes.com\/\">Lac de Villefort<\/a><\/p>\n\n\n\n<p id=\"block-1f03bc77-fa4f-4551-a23b-9c99c5b0b38a\"><strong>Le prix inclus:<\/strong><\/p>\n\n\n\n<ul id=\"block-dae48d67-85d8-4378-8407-0753dc1eeb2b\" class=\"wp-block-list\">\n<li>L&rsquo;encadrement escalade, canyoning, et via ferrata <\/li>\n\n\n\n<li>Le mat\u00e9riel suppl\u00e9mentaire \u00e0 la pratique de la grande voie (harnais, casques, cordes, d\u00e9gaines, &#8230;)<\/li>\n\n\n\n<li>Le mat\u00e9riel de canyoning et via ferrata<\/li>\n\n\n\n<li>Le transport aller-retour entre Groisy et Villefort<\/li>\n\n\n\n<li>L\u2019h\u00e9bergement<\/li>\n\n\n\n<li>Les repas<\/li>\n<\/ul>\n\n\n\n<p id=\"block-f67a8405-f9dd-4e65-9e63-7f5297bf089f\"><strong>Le prix ne comprend pas :<\/strong><\/p>\n\n\n\n<ul id=\"block-f7a4a2f5-9c1e-49d0-a352-71eea8c26a11\" class=\"wp-block-list\">\n<li>Le mat\u00e9riel personnel d\u2019escalade (chaussons, magn\u00e9sie)<\/li>\n\n\n\n<li>Le mat\u00e9riel personnel pour le camping (duvet, tapis de sol, oreiller)<\/li>\n<\/ul>\n\n\n\n<p><\/p>\n","protected":false},"excerpt":{"rendered":"<p>Stage multi-activit\u00e9s aventures Date: 17 au 23 ao\u00fbt 2025 Le camp de base de ce stage aventure est \u00e0 Villefort (Loz\u00e8re) situ\u00e9 dans le magnifique parc des C\u00e9vennes o\u00f9 diverses activit\u00e9s nous attendent : canyoning, escalade, via ferrata, baignade, balade &hellip;<\/p>\n<p class=\"read-more\"> <a class=\"more-link\" href=\"https:\/\/progression-verticale.com\/index.php\/stage-multi-activites-aventures\/\"> <span class=\"screen-reader-text\">Stage multi-activit\u00e9s aventures<\/span> Read More &raquo;<\/a><\/p>\n","protected":false},"author":1,"featured_media":0,"parent":0,"menu_order":0,"comment_status":"closed","ping_status":"closed","template":"","meta":{"footnotes":""},"class_list":["post-709","page","type-page","status-publish","hentry"],"yoast_head":"<!-- This site is optimized with the Yoast SEO plugin v26.9 - https:\/\/yoast.com\/product\/yoast-seo-wordpress\/ -->\n<title>Stage multi-activit\u00e9s aventures - \u00a0Progression Verticale<\/title>\n<meta name=\"robots\" content=\"index, follow, max-snippet:-1, max-image-preview:large, max-video-preview:-1\" \/>\n<link rel=\"canonical\" href=\"https:\/\/progression-verticale.com\/index.php\/stage-multi-activites-aventures\/\" \/>\n<meta property=\"og:locale\" content=\"fr_FR\" \/>\n<meta property=\"og:type\" content=\"article\" \/>\n<meta property=\"og:title\" content=\"Stage multi-activit\u00e9s aventures - \u00a0Progression Verticale\" \/>\n<meta property=\"og:description\" content=\"Stage multi-activit\u00e9s aventures Date: 17 au 23 ao\u00fbt 2025 Le camp de base de ce stage aventure est \u00e0 Villefort (Loz\u00e8re) situ\u00e9 dans le magnifique parc des C\u00e9vennes o\u00f9 diverses activit\u00e9s nous attendent : canyoning, escalade, via ferrata, baignade, balade &hellip; Stage multi-activit\u00e9s aventures Read More &raquo;\" \/>\n<meta property=\"og:url\" content=\"https:\/\/progression-verticale.com\/index.php\/stage-multi-activites-aventures\/\" \/>\n<meta property=\"og:site_name\" content=\"\u00a0Progression Verticale\" \/>\n<meta property=\"article:modified_time\" content=\"2025-03-20T13:13:34+00:00\" \/>\n<meta property=\"og:image\" content=\"https:\/\/progression-verticale.com\/wp-content\/uploads\/2025\/01\/20220613_123903-1-768x1024.jpg\" \/>\n<meta name=\"twitter:card\" content=\"summary_large_image\" \/>\n<meta name=\"twitter:label1\" content=\"Dur\u00e9e de lecture estim\u00e9e\" \/>\n\t<meta name=\"twitter:data1\" content=\"2 minutes\" \/>\n<script type=\"application\/ld+json\" class=\"yoast-schema-graph\">{\"@context\":\"https:\/\/schema.org\",\"@graph\":[{\"@type\":\"WebPage\",\"@id\":\"https:\/\/progression-verticale.com\/index.php\/stage-multi-activites-aventures\/\",\"url\":\"https:\/\/progression-verticale.com\/index.php\/stage-multi-activites-aventures\/\",\"name\":\"Stage multi-activit\u00e9s aventures - \u00a0Progression Verticale\",\"isPartOf\":{\"@id\":\"https:\/\/progression-verticale.com\/#website\"},\"primaryImageOfPage\":{\"@id\":\"https:\/\/progression-verticale.com\/index.php\/stage-multi-activites-aventures\/#primaryimage\"},\"image\":{\"@id\":\"https:\/\/progression-verticale.com\/index.php\/stage-multi-activites-aventures\/#primaryimage\"},\"thumbnailUrl\":\"https:\/\/progression-verticale.com\/wp-content\/uploads\/2025\/01\/20220613_123903-1-768x1024.jpg\",\"datePublished\":\"2025-01-27T16:33:41+00:00\",\"dateModified\":\"2025-03-20T13:13:34+00:00\",\"breadcrumb\":{\"@id\":\"https:\/\/progression-verticale.com\/index.php\/stage-multi-activites-aventures\/#breadcrumb\"},\"inLanguage\":\"fr-FR\",\"potentialAction\":[{\"@type\":\"ReadAction\",\"target\":[\"https:\/\/progression-verticale.com\/index.php\/stage-multi-activites-aventures\/\"]}]},{\"@type\":\"ImageObject\",\"inLanguage\":\"fr-FR\",\"@id\":\"https:\/\/progression-verticale.com\/index.php\/stage-multi-activites-aventures\/#primaryimage\",\"url\":\"https:\/\/progression-verticale.com\/wp-content\/uploads\/2025\/01\/20220613_123903-1-scaled.jpg\",\"contentUrl\":\"https:\/\/progression-verticale.com\/wp-content\/uploads\/2025\/01\/20220613_123903-1-scaled.jpg\",\"width\":1920,\"height\":2560},{\"@type\":\"BreadcrumbList\",\"@id\":\"https:\/\/progression-verticale.com\/index.php\/stage-multi-activites-aventures\/#breadcrumb\",\"itemListElement\":[{\"@type\":\"ListItem\",\"position\":1,\"name\":\"Accueil\",\"item\":\"https:\/\/progression-verticale.com\/\"},{\"@type\":\"ListItem\",\"position\":2,\"name\":\"Stage multi-activit\u00e9s aventures\"}]},{\"@type\":\"WebSite\",\"@id\":\"https:\/\/progression-verticale.com\/#website\",\"url\":\"https:\/\/progression-verticale.com\/\",\"name\":\"\u00a0Progression Verticale\",\"description\":\"Pr\u00e9parez votre aventure en escalade, canyoning, terrain d&#039;aventure et autres activit\u00e9s verticales\",\"publisher\":{\"@id\":\"https:\/\/progression-verticale.com\/#organization\"},\"potentialAction\":[{\"@type\":\"SearchAction\",\"target\":{\"@type\":\"EntryPoint\",\"urlTemplate\":\"https:\/\/progression-verticale.com\/?s={search_term_string}\"},\"query-input\":{\"@type\":\"PropertyValueSpecification\",\"valueRequired\":true,\"valueName\":\"search_term_string\"}}],\"inLanguage\":\"fr-FR\"},{\"@type\":\"Organization\",\"@id\":\"https:\/\/progression-verticale.com\/#organization\",\"name\":\"\u00a0Progression Verticale\",\"url\":\"https:\/\/progression-verticale.com\/\",\"logo\":{\"@type\":\"ImageObject\",\"inLanguage\":\"fr-FR\",\"@id\":\"https:\/\/progression-verticale.com\/#\/schema\/logo\/image\/\",\"url\":\"https:\/\/progression-verticale.com\/wp-content\/uploads\/2025\/12\/LogoPV-v2-50.png\",\"contentUrl\":\"https:\/\/progression-verticale.com\/wp-content\/uploads\/2025\/12\/LogoPV-v2-50.png\",\"width\":224,\"height\":221,\"caption\":\"\u00a0Progression Verticale\"},\"image\":{\"@id\":\"https:\/\/progression-verticale.com\/#\/schema\/logo\/image\/\"}}]}<\/script>\n<!-- \/ Yoast SEO plugin. -->","yoast_head_json":{"title":"Stage multi-activit\u00e9s aventures - \u00a0Progression Verticale","robots":{"index":"index","follow":"follow","max-snippet":"max-snippet:-1","max-image-preview":"max-image-preview:large","max-video-preview":"max-video-preview:-1"},"canonical":"https:\/\/progression-verticale.com\/index.php\/stage-multi-activites-aventures\/","og_locale":"fr_FR","og_type":"article","og_title":"Stage multi-activit\u00e9s aventures - \u00a0Progression Verticale","og_description":"Stage multi-activit\u00e9s aventures Date: 17 au 23 ao\u00fbt 2025 Le camp de base de ce stage aventure est \u00e0 Villefort (Loz\u00e8re) situ\u00e9 dans le magnifique parc des C\u00e9vennes o\u00f9 diverses activit\u00e9s nous attendent : canyoning, escalade, via ferrata, baignade, balade &hellip; Stage multi-activit\u00e9s aventures Read More &raquo;","og_url":"https:\/\/progression-verticale.com\/index.php\/stage-multi-activites-aventures\/","og_site_name":"\u00a0Progression Verticale","article_modified_time":"2025-03-20T13:13:34+00:00","og_image":[{"url":"https:\/\/progression-verticale.com\/wp-content\/uploads\/2025\/01\/20220613_123903-1-768x1024.jpg","type":"","width":"","height":""}],"twitter_card":"summary_large_image","twitter_misc":{"Dur\u00e9e de lecture estim\u00e9e":"2 minutes"},"schema":{"@context":"https:\/\/schema.org","@graph":[{"@type":"WebPage","@id":"https:\/\/progression-verticale.com\/index.php\/stage-multi-activites-aventures\/","url":"https:\/\/progression-verticale.com\/index.php\/stage-multi-activites-aventures\/","name":"Stage multi-activit\u00e9s aventures - \u00a0Progression Verticale","isPartOf":{"@id":"https:\/\/progression-verticale.com\/#website"},"primaryImageOfPage":{"@id":"https:\/\/progression-verticale.com\/index.php\/stage-multi-activites-aventures\/#primaryimage"},"image":{"@id":"https:\/\/progression-verticale.com\/index.php\/stage-multi-activites-aventures\/#primaryimage"},"thumbnailUrl":"https:\/\/progression-verticale.com\/wp-content\/uploads\/2025\/01\/20220613_123903-1-768x1024.jpg","datePublished":"2025-01-27T16:33:41+00:00","dateModified":"2025-03-20T13:13:34+00:00","breadcrumb":{"@id":"https:\/\/progression-verticale.com\/index.php\/stage-multi-activites-aventures\/#breadcrumb"},"inLanguage":"fr-FR","potentialAction":[{"@type":"ReadAction","target":["https:\/\/progression-verticale.com\/index.php\/stage-multi-activites-aventures\/"]}]},{"@type":"ImageObject","inLanguage":"fr-FR","@id":"https:\/\/progression-verticale.com\/index.php\/stage-multi-activites-aventures\/#primaryimage","url":"https:\/\/progression-verticale.com\/wp-content\/uploads\/2025\/01\/20220613_123903-1-scaled.jpg","contentUrl":"https:\/\/progression-verticale.com\/wp-content\/uploads\/2025\/01\/20220613_123903-1-scaled.jpg","width":1920,"height":2560},{"@type":"BreadcrumbList","@id":"https:\/\/progression-verticale.com\/index.php\/stage-multi-activites-aventures\/#breadcrumb","itemListElement":[{"@type":"ListItem","position":1,"name":"Accueil","item":"https:\/\/progression-verticale.com\/"},{"@type":"ListItem","position":2,"name":"Stage multi-activit\u00e9s aventures"}]},{"@type":"WebSite","@id":"https:\/\/progression-verticale.com\/#website","url":"https:\/\/progression-verticale.com\/","name":"\u00a0Progression Verticale","description":"Pr\u00e9parez votre aventure en escalade, canyoning, terrain d&#039;aventure et autres activit\u00e9s verticales","publisher":{"@id":"https:\/\/progression-verticale.com\/#organization"},"potentialAction":[{"@type":"SearchAction","target":{"@type":"EntryPoint","urlTemplate":"https:\/\/progression-verticale.com\/?s={search_term_string}"},"query-input":{"@type":"PropertyValueSpecification","valueRequired":true,"valueName":"search_term_string"}}],"inLanguage":"fr-FR"},{"@type":"Organization","@id":"https:\/\/progression-verticale.com\/#organization","name":"\u00a0Progression Verticale","url":"https:\/\/progression-verticale.com\/","logo":{"@type":"ImageObject","inLanguage":"fr-FR","@id":"https:\/\/progression-verticale.com\/#\/schema\/logo\/image\/","url":"https:\/\/progression-verticale.com\/wp-content\/uploads\/2025\/12\/LogoPV-v2-50.png","contentUrl":"https:\/\/progression-verticale.com\/wp-content\/uploads\/2025\/12\/LogoPV-v2-50.png","width":224,"height":221,"caption":"\u00a0Progression Verticale"},"image":{"@id":"https:\/\/progression-verticale.com\/#\/schema\/logo\/image\/"}}]}},"featured_image_src":"","featured_image_src_square":false,"rbea_author_info":{"display_name":"admin1219","author_link":"https:\/\/progression-verticale.com\/index.php\/author\/admin1219\/"},"rbea_excerpt_info":"Stage multi-activit\u00e9s aventures Date: 17 au 23 ao\u00fbt 2025 Le camp de base de ce stage aventure est \u00e0 Villefort (Loz\u00e8re) situ\u00e9 dans le magnifique parc des C\u00e9vennes o\u00f9 diverses activit\u00e9s nous attendent : canyoning, escalade, via ferrata, baignade, balade &hellip;<p class=\"read-more\"> <a class=\"more-link\" href=\"https:\/\/progression-verticale.com\/index.php\/stage-multi-activites-aventures\/\"> <span class=\"screen-reader-text\">Stage multi-activit\u00e9s aventures<\/span> Read More &raquo;<\/a><\/p>","jetpack_sharing_enabled":true,"_links":{"self":[{"href":"https:\/\/progression-verticale.com\/index.php\/wp-json\/wp\/v2\/pages\/709","targetHints":{"allow":["GET"]}}],"collection":[{"href":"https:\/\/progression-verticale.com\/index.php\/wp-json\/wp\/v2\/pages"}],"about":[{"href":"https:\/\/progression-verticale.com\/index.php\/wp-json\/wp\/v2\/types\/page"}],"author":[{"embeddable":true,"href":"https:\/\/progression-verticale.com\/index.php\/wp-json\/wp\/v2\/users\/1"}],"replies":[{"embeddable":true,"href":"https:\/\/progression-verticale.com\/index.php\/wp-json\/wp\/v2\/comments?post=709"}],"version-history":[{"count":9,"href":"https:\/\/progression-verticale.com\/index.php\/wp-json\/wp\/v2\/pages\/709\/revisions"}],"predecessor-version":[{"id":740,"href":"https:\/\/progression-verticale.com\/index.php\/wp-json\/wp\/v2\/pages\/709\/revisions\/740"}],"wp:attachment":[{"href":"https:\/\/progression-verticale.com\/index.php\/wp-json\/wp\/v2\/media?parent=709"}],"curies":[{"name":"wp","href":"https:\/\/api.w.org\/{rel}","templated":true}]}}