{"id":602,"date":"2023-10-05T13:24:36","date_gmt":"2023-10-05T11:24:36","guid":{"rendered":"https:\/\/progression-verticale.com\/?page_id=602"},"modified":"2024-03-01T14:13:13","modified_gmt":"2024-03-01T13:13:13","slug":"terrain-daventure-2024","status":"publish","type":"page","link":"https:\/\/progression-verticale.com\/index.php\/terrain-daventure-2024\/","title":{"rendered":"Terrain d&rsquo;aventure 2024"},"content":{"rendered":"\n<p class=\"has-large-font-size\">Terrain d\u2019aventure mai 2024 (Caroux)<\/p>\n\n\n\n<p><strong>Dates\u00a0<\/strong>: du 9 au 12 mai 2024<\/p>\n\n\n\n<p>Ce stage terrain d\u2019aventure s\u2019adresse aux grimpeurs ayant un niveau 6a en falaise et qui sont autonomes en grandes voies sportives. L\u2019objectif est de d\u00e9couvrir tout le mat\u00e9riel n\u00e9cessaire \u00e0 l&rsquo;escalade en terrain d\u2019aventure (coinceurs, friends, pitons, crochets, etc.) et d\u2019apprendre \u00e0 les placer pour assurer votre s\u00e9curit\u00e9 quand vous grimpez des voies non-\u00e9quip\u00e9es. Le stage \u00e0 lieu dans le masif du <a href=\"https:\/\/fr.wikipedia.org\/wiki\/Mont_Caroux\">Caroux<\/a>. C\u2019est l\u2019endroit id\u00e9al pour apprendre \u00e0 poser des coinceurs et des friends, car la nature du rocher (le&nbsp;<a href=\"https:\/\/fr.wikipedia.org\/wiki\/Gneiss\">gneiss<\/a>) se pr\u00eate facilement \u00e0 ce petit jeu. Le nombre de participants est volontairement r\u00e9duit pour que chacun ait l\u2019occasion de pratiquer un maximum&nbsp;! &nbsp;<\/p>\n\n\n\n<figure class=\"wp-block-gallery has-nested-images columns-default is-cropped wp-block-gallery-1 is-layout-flex wp-block-gallery-is-layout-flex\">\n<figure class=\"wp-block-image size-large\"><img fetchpriority=\"high\" decoding=\"async\" width=\"1024\" height=\"768\" data-id=\"490\" src=\"https:\/\/progression-verticale.com\/wp-content\/uploads\/2022\/08\/DSC00170-1024x768.jpg\" alt=\"\" class=\"wp-image-490\" srcset=\"https:\/\/progression-verticale.com\/wp-content\/uploads\/2022\/08\/DSC00170-1024x768.jpg 1024w, https:\/\/progression-verticale.com\/wp-content\/uploads\/2022\/08\/DSC00170-300x225.jpg 300w, https:\/\/progression-verticale.com\/wp-content\/uploads\/2022\/08\/DSC00170-768x576.jpg 768w, https:\/\/progression-verticale.com\/wp-content\/uploads\/2022\/08\/DSC00170-1536x1152.jpg 1536w, https:\/\/progression-verticale.com\/wp-content\/uploads\/2022\/08\/DSC00170-2048x1536.jpg 2048w\" sizes=\"(max-width: 1024px) 100vw, 1024px\" \/><\/figure>\n\n\n\n<figure class=\"wp-block-image size-large\"><img decoding=\"async\" width=\"1024\" height=\"768\" data-id=\"491\" src=\"https:\/\/progression-verticale.com\/wp-content\/uploads\/2022\/08\/DSC00230-1024x768.jpg\" alt=\"\" class=\"wp-image-491\" srcset=\"https:\/\/progression-verticale.com\/wp-content\/uploads\/2022\/08\/DSC00230-1024x768.jpg 1024w, https:\/\/progression-verticale.com\/wp-content\/uploads\/2022\/08\/DSC00230-300x225.jpg 300w, https:\/\/progression-verticale.com\/wp-content\/uploads\/2022\/08\/DSC00230-768x576.jpg 768w, https:\/\/progression-verticale.com\/wp-content\/uploads\/2022\/08\/DSC00230-1536x1152.jpg 1536w, https:\/\/progression-verticale.com\/wp-content\/uploads\/2022\/08\/DSC00230-2048x1536.jpg 2048w\" sizes=\"(max-width: 1024px) 100vw, 1024px\" \/><\/figure>\n\n\n\n<figure class=\"wp-block-image size-large\"><img decoding=\"async\" width=\"1024\" height=\"768\" data-id=\"492\" src=\"https:\/\/progression-verticale.com\/wp-content\/uploads\/2022\/08\/DSC00234-1024x768.jpg\" alt=\"\" class=\"wp-image-492\" srcset=\"https:\/\/progression-verticale.com\/wp-content\/uploads\/2022\/08\/DSC00234-1024x768.jpg 1024w, https:\/\/progression-verticale.com\/wp-content\/uploads\/2022\/08\/DSC00234-300x225.jpg 300w, https:\/\/progression-verticale.com\/wp-content\/uploads\/2022\/08\/DSC00234-768x576.jpg 768w, https:\/\/progression-verticale.com\/wp-content\/uploads\/2022\/08\/DSC00234-1536x1152.jpg 1536w, https:\/\/progression-verticale.com\/wp-content\/uploads\/2022\/08\/DSC00234-2048x1536.jpg 2048w\" sizes=\"(max-width: 1024px) 100vw, 1024px\" \/><\/figure>\n<\/figure>\n\n\n\n<p><strong>Proposition d\u2019agenda :<\/strong><\/p>\n\n\n\n<p>Notez que le choix des voies sera adapt\u00e9 en fonction du niveau des participants.<\/p>\n\n\n\n<ul class=\"wp-block-list\">\n<li>9 mai : Mise en jambe dans une voie \u00e0 la demi-journ\u00e9e au <a href=\"https:\/\/www.camptocamp.org\/waypoints\/41422\/fr\/caroux-le-minaret\">Minaret<\/a>.<\/li>\n\n\n\n<li>10 mai : Voie \u00e0 la journ\u00e9e \u00e0 l&rsquo;<a href=\"https:\/\/www.camptocamp.org\/waypoints\/43029\/fr\/caroux-aiguille-viallat\">Aiguille Viallat<\/a>.<\/li>\n\n\n\n<li>11 mai : Voie \u00e0 la journ\u00e9e \u00e0 l&rsquo;<a href=\"https:\/\/www.camptocamp.org\/waypoints\/43566\/fr\/caroux-aiguille-godefroy\">Aiguille Godefroy<\/a>.<\/li>\n\n\n\n<li>12 mai : Voie \u00e0 la demi-journ\u00e9e \u00e0 la <a href=\"https:\/\/www.camptocamp.org\/waypoints\/42128\/fr\/caroux-tete-de-braque\">T\u00eate de Braque<\/a>.<\/li>\n<\/ul>\n\n\n\n<p><strong>Nombre de participants :<\/strong><\/p>\n\n\n\n<ul class=\"wp-block-list\">\n<li>Stage garanti \u00e0 partir 2 personnes<\/li>\n\n\n\n<li>Groupe limit\u00e9 \u00e0 4 personnes (en fonction de l&rsquo;exp\u00e9rience)<\/li>\n<\/ul>\n\n\n\n<p><strong>Tarifs :<\/strong><\/p>\n\n\n\n<ul class=\"wp-block-list\">\n<li>Groupe de 2 personnes : 550 \u20ac\/pers.<\/li>\n\n\n\n<li>Groupe de 3 ou 4 personnes : 500 \u20ac\/pers.<\/li>\n<\/ul>\n\n\n\n<p><strong>Niveau<\/strong>&nbsp;:<\/p>\n\n\n\n<ul class=\"wp-block-list\">\n<li>Niveau minimum : 6a en t\u00eate en falaise.<\/li>\n\n\n\n<li>\u00catre autonome en grandes voies sportives.<\/li>\n<\/ul>\n\n\n\n<p><strong>H\u00e9bergement<\/strong>&nbsp;:<\/p>\n\n\n\n<ul class=\"wp-block-list\">\n<li>A la charge des participants: g\u00eetes ou <a href=\"https:\/\/www.campingducaroux.com\/\">camping du Caroux<\/a>.<\/li>\n<\/ul>\n\n\n\n<p><strong>Rendez-vous :<\/strong><\/p>\n\n\n\n<ul class=\"wp-block-list\">\n<li>La localisation exacte et l\u2019heure de rendez-vous seront fix\u00e9s quelques jours avant le d\u00e9part.&nbsp;<\/li>\n<\/ul>\n\n\n\n<p><strong>Le prix inclus:<\/strong><\/p>\n\n\n\n<ul class=\"wp-block-list\">\n<li>Le moniteur d\u2019escalade<\/li>\n\n\n\n<li>Le mat\u00e9riel suppl\u00e9mentaire \u00e0 la pratique de la grande voie (cordes, d\u00e9gaines, mousquetons suppl\u00e9mentaires, les coinceurs, friends, pitons, etc.)<\/li>\n<\/ul>\n\n\n\n<p><strong>Le prix ne comprend pas :<\/strong><\/p>\n\n\n\n<ul class=\"wp-block-list\">\n<li>Le transport jusqu\u2019au site de pratique<\/li>\n\n\n\n<li>L\u2019h\u00e9bergement<\/li>\n\n\n\n<li>Le d\u00e9placement en v\u00e9hicule entre les sites d\u2019escalade<\/li>\n\n\n\n<li>Le mat\u00e9riel personnel d\u2019escalade (chaussons, baudrier, syst\u00e8me d\u2019assurage, magn\u00e9sie, casque, etc.)<\/li>\n\n\n\n<li>La nourriture et les boissons (nous vous conseillons de pr\u00e9voir des sandwichs le midi ; le repas du soir peut \u00eatre pris ensemble en mettant en commun les plats et aliments)<\/li>\n<\/ul>\n\n\n\n<p><a href=\"http:\/\/www.progression-verticale.com\/index.php\/contact\">Renseignements<\/a><\/p>\n","protected":false},"excerpt":{"rendered":"<p>Terrain d\u2019aventure mai 2024 (Caroux) Dates\u00a0: du 9 au 12 mai 2024 Ce stage terrain d\u2019aventure s\u2019adresse aux grimpeurs ayant un niveau 6a en falaise et qui sont autonomes en grandes voies sportives. L\u2019objectif est de d\u00e9couvrir tout le mat\u00e9riel &hellip;<\/p>\n<p class=\"read-more\"> <a class=\"more-link\" href=\"https:\/\/progression-verticale.com\/index.php\/terrain-daventure-2024\/\"> <span class=\"screen-reader-text\">Terrain d&rsquo;aventure 2024<\/span> Read More &raquo;<\/a><\/p>\n","protected":false},"author":1,"featured_media":0,"parent":0,"menu_order":0,"comment_status":"closed","ping_status":"closed","template":"","meta":{"footnotes":""},"class_list":["post-602","page","type-page","status-publish","hentry"],"yoast_head":"<!-- This site is optimized with the Yoast SEO plugin v26.9 - https:\/\/yoast.com\/product\/yoast-seo-wordpress\/ -->\n<title>Terrain d&#039;aventure 2024 - \u00a0Progression Verticale<\/title>\n<meta name=\"robots\" content=\"index, follow, max-snippet:-1, max-image-preview:large, max-video-preview:-1\" \/>\n<link rel=\"canonical\" href=\"https:\/\/progression-verticale.com\/index.php\/terrain-daventure-2024\/\" \/>\n<meta property=\"og:locale\" content=\"fr_FR\" \/>\n<meta property=\"og:type\" content=\"article\" \/>\n<meta property=\"og:title\" content=\"Terrain d&#039;aventure 2024 - \u00a0Progression Verticale\" \/>\n<meta property=\"og:description\" content=\"Terrain d\u2019aventure mai 2024 (Caroux) Dates\u00a0: du 9 au 12 mai 2024 Ce stage terrain d\u2019aventure s\u2019adresse aux grimpeurs ayant un niveau 6a en falaise et qui sont autonomes en grandes voies sportives. L\u2019objectif est de d\u00e9couvrir tout le mat\u00e9riel &hellip; Terrain d&rsquo;aventure 2024 Read More &raquo;\" \/>\n<meta property=\"og:url\" content=\"https:\/\/progression-verticale.com\/index.php\/terrain-daventure-2024\/\" \/>\n<meta property=\"og:site_name\" content=\"\u00a0Progression Verticale\" \/>\n<meta property=\"article:modified_time\" content=\"2024-03-01T13:13:13+00:00\" \/>\n<meta property=\"og:image\" content=\"https:\/\/progression-verticale.com\/wp-content\/uploads\/2022\/08\/DSC00170-1024x768.jpg\" \/>\n<meta name=\"twitter:card\" content=\"summary_large_image\" \/>\n<meta name=\"twitter:label1\" content=\"Dur\u00e9e de lecture estim\u00e9e\" \/>\n\t<meta name=\"twitter:data1\" content=\"2 minutes\" \/>\n<script type=\"application\/ld+json\" class=\"yoast-schema-graph\">{\"@context\":\"https:\/\/schema.org\",\"@graph\":[{\"@type\":\"WebPage\",\"@id\":\"https:\/\/progression-verticale.com\/index.php\/terrain-daventure-2024\/\",\"url\":\"https:\/\/progression-verticale.com\/index.php\/terrain-daventure-2024\/\",\"name\":\"Terrain d'aventure 2024 - \u00a0Progression Verticale\",\"isPartOf\":{\"@id\":\"https:\/\/progression-verticale.com\/#website\"},\"primaryImageOfPage\":{\"@id\":\"https:\/\/progression-verticale.com\/index.php\/terrain-daventure-2024\/#primaryimage\"},\"image\":{\"@id\":\"https:\/\/progression-verticale.com\/index.php\/terrain-daventure-2024\/#primaryimage\"},\"thumbnailUrl\":\"https:\/\/progression-verticale.com\/wp-content\/uploads\/2022\/08\/DSC00170-1024x768.jpg\",\"datePublished\":\"2023-10-05T11:24:36+00:00\",\"dateModified\":\"2024-03-01T13:13:13+00:00\",\"breadcrumb\":{\"@id\":\"https:\/\/progression-verticale.com\/index.php\/terrain-daventure-2024\/#breadcrumb\"},\"inLanguage\":\"fr-FR\",\"potentialAction\":[{\"@type\":\"ReadAction\",\"target\":[\"https:\/\/progression-verticale.com\/index.php\/terrain-daventure-2024\/\"]}]},{\"@type\":\"ImageObject\",\"inLanguage\":\"fr-FR\",\"@id\":\"https:\/\/progression-verticale.com\/index.php\/terrain-daventure-2024\/#primaryimage\",\"url\":\"https:\/\/progression-verticale.com\/wp-content\/uploads\/2022\/08\/DSC00170-scaled.jpg\",\"contentUrl\":\"https:\/\/progression-verticale.com\/wp-content\/uploads\/2022\/08\/DSC00170-scaled.jpg\",\"width\":2560,\"height\":1920},{\"@type\":\"BreadcrumbList\",\"@id\":\"https:\/\/progression-verticale.com\/index.php\/terrain-daventure-2024\/#breadcrumb\",\"itemListElement\":[{\"@type\":\"ListItem\",\"position\":1,\"name\":\"Accueil\",\"item\":\"https:\/\/progression-verticale.com\/\"},{\"@type\":\"ListItem\",\"position\":2,\"name\":\"Terrain d&rsquo;aventure 2024\"}]},{\"@type\":\"WebSite\",\"@id\":\"https:\/\/progression-verticale.com\/#website\",\"url\":\"https:\/\/progression-verticale.com\/\",\"name\":\"\u00a0Progression Verticale\",\"description\":\"Pr\u00e9parez votre aventure en escalade, canyoning, terrain d&#039;aventure et autres activit\u00e9s verticales\",\"publisher\":{\"@id\":\"https:\/\/progression-verticale.com\/#organization\"},\"potentialAction\":[{\"@type\":\"SearchAction\",\"target\":{\"@type\":\"EntryPoint\",\"urlTemplate\":\"https:\/\/progression-verticale.com\/?s={search_term_string}\"},\"query-input\":{\"@type\":\"PropertyValueSpecification\",\"valueRequired\":true,\"valueName\":\"search_term_string\"}}],\"inLanguage\":\"fr-FR\"},{\"@type\":\"Organization\",\"@id\":\"https:\/\/progression-verticale.com\/#organization\",\"name\":\"\u00a0Progression Verticale\",\"url\":\"https:\/\/progression-verticale.com\/\",\"logo\":{\"@type\":\"ImageObject\",\"inLanguage\":\"fr-FR\",\"@id\":\"https:\/\/progression-verticale.com\/#\/schema\/logo\/image\/\",\"url\":\"https:\/\/progression-verticale.com\/wp-content\/uploads\/2025\/12\/LogoPV-v2-50.png\",\"contentUrl\":\"https:\/\/progression-verticale.com\/wp-content\/uploads\/2025\/12\/LogoPV-v2-50.png\",\"width\":224,\"height\":221,\"caption\":\"\u00a0Progression Verticale\"},\"image\":{\"@id\":\"https:\/\/progression-verticale.com\/#\/schema\/logo\/image\/\"}}]}<\/script>\n<!-- \/ Yoast SEO plugin. -->","yoast_head_json":{"title":"Terrain d'aventure 2024 - \u00a0Progression Verticale","robots":{"index":"index","follow":"follow","max-snippet":"max-snippet:-1","max-image-preview":"max-image-preview:large","max-video-preview":"max-video-preview:-1"},"canonical":"https:\/\/progression-verticale.com\/index.php\/terrain-daventure-2024\/","og_locale":"fr_FR","og_type":"article","og_title":"Terrain d'aventure 2024 - \u00a0Progression Verticale","og_description":"Terrain d\u2019aventure mai 2024 (Caroux) Dates\u00a0: du 9 au 12 mai 2024 Ce stage terrain d\u2019aventure s\u2019adresse aux grimpeurs ayant un niveau 6a en falaise et qui sont autonomes en grandes voies sportives. L\u2019objectif est de d\u00e9couvrir tout le mat\u00e9riel &hellip; Terrain d&rsquo;aventure 2024 Read More &raquo;","og_url":"https:\/\/progression-verticale.com\/index.php\/terrain-daventure-2024\/","og_site_name":"\u00a0Progression Verticale","article_modified_time":"2024-03-01T13:13:13+00:00","og_image":[{"url":"https:\/\/progression-verticale.com\/wp-content\/uploads\/2022\/08\/DSC00170-1024x768.jpg","type":"","width":"","height":""}],"twitter_card":"summary_large_image","twitter_misc":{"Dur\u00e9e de lecture estim\u00e9e":"2 minutes"},"schema":{"@context":"https:\/\/schema.org","@graph":[{"@type":"WebPage","@id":"https:\/\/progression-verticale.com\/index.php\/terrain-daventure-2024\/","url":"https:\/\/progression-verticale.com\/index.php\/terrain-daventure-2024\/","name":"Terrain d'aventure 2024 - \u00a0Progression Verticale","isPartOf":{"@id":"https:\/\/progression-verticale.com\/#website"},"primaryImageOfPage":{"@id":"https:\/\/progression-verticale.com\/index.php\/terrain-daventure-2024\/#primaryimage"},"image":{"@id":"https:\/\/progression-verticale.com\/index.php\/terrain-daventure-2024\/#primaryimage"},"thumbnailUrl":"https:\/\/progression-verticale.com\/wp-content\/uploads\/2022\/08\/DSC00170-1024x768.jpg","datePublished":"2023-10-05T11:24:36+00:00","dateModified":"2024-03-01T13:13:13+00:00","breadcrumb":{"@id":"https:\/\/progression-verticale.com\/index.php\/terrain-daventure-2024\/#breadcrumb"},"inLanguage":"fr-FR","potentialAction":[{"@type":"ReadAction","target":["https:\/\/progression-verticale.com\/index.php\/terrain-daventure-2024\/"]}]},{"@type":"ImageObject","inLanguage":"fr-FR","@id":"https:\/\/progression-verticale.com\/index.php\/terrain-daventure-2024\/#primaryimage","url":"https:\/\/progression-verticale.com\/wp-content\/uploads\/2022\/08\/DSC00170-scaled.jpg","contentUrl":"https:\/\/progression-verticale.com\/wp-content\/uploads\/2022\/08\/DSC00170-scaled.jpg","width":2560,"height":1920},{"@type":"BreadcrumbList","@id":"https:\/\/progression-verticale.com\/index.php\/terrain-daventure-2024\/#breadcrumb","itemListElement":[{"@type":"ListItem","position":1,"name":"Accueil","item":"https:\/\/progression-verticale.com\/"},{"@type":"ListItem","position":2,"name":"Terrain d&rsquo;aventure 2024"}]},{"@type":"WebSite","@id":"https:\/\/progression-verticale.com\/#website","url":"https:\/\/progression-verticale.com\/","name":"\u00a0Progression Verticale","description":"Pr\u00e9parez votre aventure en escalade, canyoning, terrain d&#039;aventure et autres activit\u00e9s verticales","publisher":{"@id":"https:\/\/progression-verticale.com\/#organization"},"potentialAction":[{"@type":"SearchAction","target":{"@type":"EntryPoint","urlTemplate":"https:\/\/progression-verticale.com\/?s={search_term_string}"},"query-input":{"@type":"PropertyValueSpecification","valueRequired":true,"valueName":"search_term_string"}}],"inLanguage":"fr-FR"},{"@type":"Organization","@id":"https:\/\/progression-verticale.com\/#organization","name":"\u00a0Progression Verticale","url":"https:\/\/progression-verticale.com\/","logo":{"@type":"ImageObject","inLanguage":"fr-FR","@id":"https:\/\/progression-verticale.com\/#\/schema\/logo\/image\/","url":"https:\/\/progression-verticale.com\/wp-content\/uploads\/2025\/12\/LogoPV-v2-50.png","contentUrl":"https:\/\/progression-verticale.com\/wp-content\/uploads\/2025\/12\/LogoPV-v2-50.png","width":224,"height":221,"caption":"\u00a0Progression Verticale"},"image":{"@id":"https:\/\/progression-verticale.com\/#\/schema\/logo\/image\/"}}]}},"featured_image_src":"","featured_image_src_square":false,"rbea_author_info":{"display_name":"admin1219","author_link":"https:\/\/progression-verticale.com\/index.php\/author\/admin1219\/"},"rbea_excerpt_info":"Terrain d\u2019aventure mai 2024 (Caroux) Dates\u00a0: du 9 au 12 mai 2024 Ce stage terrain d\u2019aventure s\u2019adresse aux grimpeurs ayant un niveau 6a en falaise et qui sont autonomes en grandes voies sportives. L\u2019objectif est de d\u00e9couvrir tout le mat\u00e9riel &hellip;<p class=\"read-more\"> <a class=\"more-link\" href=\"https:\/\/progression-verticale.com\/index.php\/terrain-daventure-2024\/\"> <span class=\"screen-reader-text\">Terrain d&rsquo;aventure 2024<\/span> Read More &raquo;<\/a><\/p>","jetpack_sharing_enabled":true,"_links":{"self":[{"href":"https:\/\/progression-verticale.com\/index.php\/wp-json\/wp\/v2\/pages\/602","targetHints":{"allow":["GET"]}}],"collection":[{"href":"https:\/\/progression-verticale.com\/index.php\/wp-json\/wp\/v2\/pages"}],"about":[{"href":"https:\/\/progression-verticale.com\/index.php\/wp-json\/wp\/v2\/types\/page"}],"author":[{"embeddable":true,"href":"https:\/\/progression-verticale.com\/index.php\/wp-json\/wp\/v2\/users\/1"}],"replies":[{"embeddable":true,"href":"https:\/\/progression-verticale.com\/index.php\/wp-json\/wp\/v2\/comments?post=602"}],"version-history":[{"count":8,"href":"https:\/\/progression-verticale.com\/index.php\/wp-json\/wp\/v2\/pages\/602\/revisions"}],"predecessor-version":[{"id":808,"href":"https:\/\/progression-verticale.com\/index.php\/wp-json\/wp\/v2\/pages\/602\/revisions\/808"}],"wp:attachment":[{"href":"https:\/\/progression-verticale.com\/index.php\/wp-json\/wp\/v2\/media?parent=602"}],"curies":[{"name":"wp","href":"https:\/\/api.w.org\/{rel}","templated":true}]}}