{"id":194,"date":"2022-03-25T18:28:57","date_gmt":"2022-03-25T17:28:57","guid":{"rendered":"http:\/\/progrew.cluster024.hosting.ovh.net\/?page_id=194"},"modified":"2026-02-11T18:42:22","modified_gmt":"2026-02-11T17:42:22","slug":"terrain-daventure-2","status":"publish","type":"page","link":"https:\/\/progression-verticale.com\/index.php\/terrain-daventure-2\/","title":{"rendered":"Terrain d&rsquo;aventure"},"content":{"rendered":"\n<div class=\"wp-block-media-text alignwide is-stacked-on-mobile\" style=\"grid-template-columns:34% auto\"><figure class=\"wp-block-media-text__media\"><img fetchpriority=\"high\" decoding=\"async\" width=\"768\" height=\"1024\" src=\"http:\/\/progrew.cluster024.hosting.ovh.net\/wp-content\/uploads\/2022\/03\/P1010857-768x1024.jpg\" alt=\"Voie Muir Wall\" class=\"wp-image-166 size-full\" srcset=\"https:\/\/progression-verticale.com\/wp-content\/uploads\/2022\/03\/P1010857-768x1024.jpg 768w, https:\/\/progression-verticale.com\/wp-content\/uploads\/2022\/03\/P1010857-225x300.jpg 225w, https:\/\/progression-verticale.com\/wp-content\/uploads\/2022\/03\/P1010857-1152x1536.jpg 1152w, https:\/\/progression-verticale.com\/wp-content\/uploads\/2022\/03\/P1010857-1536x2048.jpg 1536w, https:\/\/progression-verticale.com\/wp-content\/uploads\/2022\/03\/P1010857-scaled.jpg 1920w\" sizes=\"(max-width: 768px) 100vw, 768px\" \/><\/figure><div class=\"wp-block-media-text__content\">\n<p class=\"has-text-align-center has-large-font-size\"><\/p>\n\n\n\n<p class=\"has-normal-font-size\">Vous \u00eates autonome en grande voie mais n\u2019avez pas d\u2019exp\u00e9rience en terrain d\u2019aventure. Cette initiation vous permettra de d\u00e9couvrir tout le mat\u00e9riel utilis\u00e9 pour le terrain d\u2019aventure (pitons, coinceurs, friends) ainsi que le mat\u00e9riel d\u2019escalade artificielle (crochets, fifi, plombs, copperheads, cam hooks, bird beaks, etc&#8230;), de construire un relais, d&rsquo;apprendre le hissage de sacs, etc&#8230; En quelques s\u00e9ances vous aurez toutes les armes en main pour vous attaquer \u00e0 de grandes parois vierges d\u2019\u00e9quipement. &nbsp;&nbsp;<\/p>\n\n\n\n<p class=\"has-normal-font-size\">Niveau minimum requis&nbsp;: \u00eatre autonome en grande voie dans le 6a.<\/p>\n\n\n\n<p class=\"has-normal-font-size\">Tarif&nbsp;: \u00e0 partir de 150 euros par personne et par s\u00e9ance pour un maximum de 2 personnes. &nbsp;<\/p>\n\n\n\n<p class=\"has-normal-font-size\">Le prix comprend le mat\u00e9riel (hors les chaussons d\u2019escalade). Le transport sur les sites est \u00e0 la charge des participants.<\/p>\n<\/div><\/div>\n\n\n\n<figure class=\"wp-block-gallery has-nested-images columns-default is-cropped wp-block-gallery-1 is-layout-flex wp-block-gallery-is-layout-flex\">\n<figure class=\"wp-block-image size-large\"><img decoding=\"async\" width=\"1024\" height=\"768\" data-id=\"260\" src=\"https:\/\/progression-verticale.com\/wp-content\/uploads\/2022\/04\/DSC00075-1024x768.jpg\" alt=\"Hissage de sac\" class=\"wp-image-260\" srcset=\"https:\/\/progression-verticale.com\/wp-content\/uploads\/2022\/04\/DSC00075-1024x768.jpg 1024w, https:\/\/progression-verticale.com\/wp-content\/uploads\/2022\/04\/DSC00075-300x225.jpg 300w, https:\/\/progression-verticale.com\/wp-content\/uploads\/2022\/04\/DSC00075-768x576.jpg 768w, https:\/\/progression-verticale.com\/wp-content\/uploads\/2022\/04\/DSC00075-1536x1152.jpg 1536w, https:\/\/progression-verticale.com\/wp-content\/uploads\/2022\/04\/DSC00075-2048x1536.jpg 2048w\" sizes=\"(max-width: 1024px) 100vw, 1024px\" \/><\/figure>\n\n\n\n<figure class=\"wp-block-image size-large\"><img decoding=\"async\" width=\"1024\" height=\"768\" data-id=\"261\" src=\"https:\/\/progression-verticale.com\/wp-content\/uploads\/2022\/04\/DSC00170-1024x768.jpg\" alt=\"Voie Washington Column\" class=\"wp-image-261\" srcset=\"https:\/\/progression-verticale.com\/wp-content\/uploads\/2022\/04\/DSC00170-1024x768.jpg 1024w, https:\/\/progression-verticale.com\/wp-content\/uploads\/2022\/04\/DSC00170-300x225.jpg 300w, https:\/\/progression-verticale.com\/wp-content\/uploads\/2022\/04\/DSC00170-768x576.jpg 768w, https:\/\/progression-verticale.com\/wp-content\/uploads\/2022\/04\/DSC00170-1536x1152.jpg 1536w, https:\/\/progression-verticale.com\/wp-content\/uploads\/2022\/04\/DSC00170-2048x1536.jpg 2048w\" sizes=\"(max-width: 1024px) 100vw, 1024px\" \/><\/figure>\n\n\n\n<figure class=\"wp-block-image size-large\"><img loading=\"lazy\" decoding=\"async\" width=\"1024\" height=\"768\" data-id=\"266\" src=\"https:\/\/progression-verticale.com\/wp-content\/uploads\/2022\/04\/DSC00207-1024x768.jpg\" alt=\"Bivouac\" class=\"wp-image-266\" srcset=\"https:\/\/progression-verticale.com\/wp-content\/uploads\/2022\/04\/DSC00207-1024x768.jpg 1024w, https:\/\/progression-verticale.com\/wp-content\/uploads\/2022\/04\/DSC00207-300x225.jpg 300w, https:\/\/progression-verticale.com\/wp-content\/uploads\/2022\/04\/DSC00207-768x576.jpg 768w, https:\/\/progression-verticale.com\/wp-content\/uploads\/2022\/04\/DSC00207-1536x1152.jpg 1536w, https:\/\/progression-verticale.com\/wp-content\/uploads\/2022\/04\/DSC00207-2048x1536.jpg 2048w\" sizes=\"(max-width: 1024px) 100vw, 1024px\" \/><\/figure>\n\n\n\n<figure class=\"wp-block-image size-large\"><img loading=\"lazy\" decoding=\"async\" width=\"1024\" height=\"768\" data-id=\"264\" src=\"https:\/\/progression-verticale.com\/wp-content\/uploads\/2022\/04\/DSC00234-1024x768.jpg\" alt=\"Terrain d'aventure \" class=\"wp-image-264\" srcset=\"https:\/\/progression-verticale.com\/wp-content\/uploads\/2022\/04\/DSC00234-1024x768.jpg 1024w, https:\/\/progression-verticale.com\/wp-content\/uploads\/2022\/04\/DSC00234-300x225.jpg 300w, https:\/\/progression-verticale.com\/wp-content\/uploads\/2022\/04\/DSC00234-768x576.jpg 768w, https:\/\/progression-verticale.com\/wp-content\/uploads\/2022\/04\/DSC00234-1536x1152.jpg 1536w, https:\/\/progression-verticale.com\/wp-content\/uploads\/2022\/04\/DSC00234-2048x1536.jpg 2048w\" sizes=\"(max-width: 1024px) 100vw, 1024px\" \/><\/figure>\n<\/figure>\n","protected":false},"excerpt":{"rendered":"<p>Vous \u00eates autonome en grande voie mais n\u2019avez pas d\u2019exp\u00e9rience en terrain d\u2019aventure. Cette initiation vous permettra de d\u00e9couvrir tout le mat\u00e9riel utilis\u00e9 pour le terrain d\u2019aventure (pitons, coinceurs, friends) ainsi que le mat\u00e9riel d\u2019escalade artificielle (crochets, fifi, plombs, copperheads, &hellip;<\/p>\n<p class=\"read-more\"> <a class=\"more-link\" href=\"https:\/\/progression-verticale.com\/index.php\/terrain-daventure-2\/\"> <span class=\"screen-reader-text\">Terrain d&rsquo;aventure<\/span> Read More &raquo;<\/a><\/p>\n","protected":false},"author":1,"featured_media":0,"parent":0,"menu_order":0,"comment_status":"closed","ping_status":"closed","template":"","meta":{"footnotes":""},"class_list":["post-194","page","type-page","status-publish","hentry"],"yoast_head":"<!-- This site is optimized with the Yoast SEO plugin v26.9 - https:\/\/yoast.com\/product\/yoast-seo-wordpress\/ -->\n<title>Terrain d&#039;aventure - \u00a0Progression Verticale<\/title>\n<meta name=\"robots\" content=\"index, follow, max-snippet:-1, max-image-preview:large, max-video-preview:-1\" \/>\n<link rel=\"canonical\" href=\"https:\/\/progression-verticale.com\/index.php\/terrain-daventure-2\/\" \/>\n<meta property=\"og:locale\" content=\"fr_FR\" \/>\n<meta property=\"og:type\" content=\"article\" \/>\n<meta property=\"og:title\" content=\"Terrain d&#039;aventure - \u00a0Progression Verticale\" \/>\n<meta property=\"og:description\" content=\"Vous \u00eates autonome en grande voie mais n\u2019avez pas d\u2019exp\u00e9rience en terrain d\u2019aventure. Cette initiation vous permettra de d\u00e9couvrir tout le mat\u00e9riel utilis\u00e9 pour le terrain d\u2019aventure (pitons, coinceurs, friends) ainsi que le mat\u00e9riel d\u2019escalade artificielle (crochets, fifi, plombs, copperheads, &hellip; Terrain d&rsquo;aventure Read More &raquo;\" \/>\n<meta property=\"og:url\" content=\"https:\/\/progression-verticale.com\/index.php\/terrain-daventure-2\/\" \/>\n<meta property=\"og:site_name\" content=\"\u00a0Progression Verticale\" \/>\n<meta property=\"article:modified_time\" content=\"2026-02-11T17:42:22+00:00\" \/>\n<meta property=\"og:image\" content=\"http:\/\/progrew.cluster024.hosting.ovh.net\/wp-content\/uploads\/2022\/03\/P1010857-768x1024.jpg\" \/>\n<meta name=\"twitter:card\" content=\"summary_large_image\" \/>\n<meta name=\"twitter:label1\" content=\"Dur\u00e9e de lecture estim\u00e9e\" \/>\n\t<meta name=\"twitter:data1\" content=\"1 minute\" \/>\n<script type=\"application\/ld+json\" class=\"yoast-schema-graph\">{\"@context\":\"https:\/\/schema.org\",\"@graph\":[{\"@type\":\"WebPage\",\"@id\":\"https:\/\/progression-verticale.com\/index.php\/terrain-daventure-2\/\",\"url\":\"https:\/\/progression-verticale.com\/index.php\/terrain-daventure-2\/\",\"name\":\"Terrain d'aventure - \u00a0Progression Verticale\",\"isPartOf\":{\"@id\":\"https:\/\/progression-verticale.com\/#website\"},\"primaryImageOfPage\":{\"@id\":\"https:\/\/progression-verticale.com\/index.php\/terrain-daventure-2\/#primaryimage\"},\"image\":{\"@id\":\"https:\/\/progression-verticale.com\/index.php\/terrain-daventure-2\/#primaryimage\"},\"thumbnailUrl\":\"http:\/\/progrew.cluster024.hosting.ovh.net\/wp-content\/uploads\/2022\/03\/P1010857-768x1024.jpg\",\"datePublished\":\"2022-03-25T17:28:57+00:00\",\"dateModified\":\"2026-02-11T17:42:22+00:00\",\"breadcrumb\":{\"@id\":\"https:\/\/progression-verticale.com\/index.php\/terrain-daventure-2\/#breadcrumb\"},\"inLanguage\":\"fr-FR\",\"potentialAction\":[{\"@type\":\"ReadAction\",\"target\":[\"https:\/\/progression-verticale.com\/index.php\/terrain-daventure-2\/\"]}]},{\"@type\":\"ImageObject\",\"inLanguage\":\"fr-FR\",\"@id\":\"https:\/\/progression-verticale.com\/index.php\/terrain-daventure-2\/#primaryimage\",\"url\":\"http:\/\/progrew.cluster024.hosting.ovh.net\/wp-content\/uploads\/2022\/03\/P1010857-768x1024.jpg\",\"contentUrl\":\"http:\/\/progrew.cluster024.hosting.ovh.net\/wp-content\/uploads\/2022\/03\/P1010857-768x1024.jpg\"},{\"@type\":\"BreadcrumbList\",\"@id\":\"https:\/\/progression-verticale.com\/index.php\/terrain-daventure-2\/#breadcrumb\",\"itemListElement\":[{\"@type\":\"ListItem\",\"position\":1,\"name\":\"Accueil\",\"item\":\"https:\/\/progression-verticale.com\/\"},{\"@type\":\"ListItem\",\"position\":2,\"name\":\"Terrain d&rsquo;aventure\"}]},{\"@type\":\"WebSite\",\"@id\":\"https:\/\/progression-verticale.com\/#website\",\"url\":\"https:\/\/progression-verticale.com\/\",\"name\":\"\u00a0Progression Verticale\",\"description\":\"Pr\u00e9parez votre aventure en escalade, canyoning, terrain d&#039;aventure et autres activit\u00e9s verticales\",\"publisher\":{\"@id\":\"https:\/\/progression-verticale.com\/#organization\"},\"potentialAction\":[{\"@type\":\"SearchAction\",\"target\":{\"@type\":\"EntryPoint\",\"urlTemplate\":\"https:\/\/progression-verticale.com\/?s={search_term_string}\"},\"query-input\":{\"@type\":\"PropertyValueSpecification\",\"valueRequired\":true,\"valueName\":\"search_term_string\"}}],\"inLanguage\":\"fr-FR\"},{\"@type\":\"Organization\",\"@id\":\"https:\/\/progression-verticale.com\/#organization\",\"name\":\"\u00a0Progression Verticale\",\"url\":\"https:\/\/progression-verticale.com\/\",\"logo\":{\"@type\":\"ImageObject\",\"inLanguage\":\"fr-FR\",\"@id\":\"https:\/\/progression-verticale.com\/#\/schema\/logo\/image\/\",\"url\":\"https:\/\/progression-verticale.com\/wp-content\/uploads\/2025\/12\/LogoPV-v2-50.png\",\"contentUrl\":\"https:\/\/progression-verticale.com\/wp-content\/uploads\/2025\/12\/LogoPV-v2-50.png\",\"width\":224,\"height\":221,\"caption\":\"\u00a0Progression Verticale\"},\"image\":{\"@id\":\"https:\/\/progression-verticale.com\/#\/schema\/logo\/image\/\"}}]}<\/script>\n<!-- \/ Yoast SEO plugin. -->","yoast_head_json":{"title":"Terrain d'aventure - \u00a0Progression Verticale","robots":{"index":"index","follow":"follow","max-snippet":"max-snippet:-1","max-image-preview":"max-image-preview:large","max-video-preview":"max-video-preview:-1"},"canonical":"https:\/\/progression-verticale.com\/index.php\/terrain-daventure-2\/","og_locale":"fr_FR","og_type":"article","og_title":"Terrain d'aventure - \u00a0Progression Verticale","og_description":"Vous \u00eates autonome en grande voie mais n\u2019avez pas d\u2019exp\u00e9rience en terrain d\u2019aventure. Cette initiation vous permettra de d\u00e9couvrir tout le mat\u00e9riel utilis\u00e9 pour le terrain d\u2019aventure (pitons, coinceurs, friends) ainsi que le mat\u00e9riel d\u2019escalade artificielle (crochets, fifi, plombs, copperheads, &hellip; Terrain d&rsquo;aventure Read More &raquo;","og_url":"https:\/\/progression-verticale.com\/index.php\/terrain-daventure-2\/","og_site_name":"\u00a0Progression Verticale","article_modified_time":"2026-02-11T17:42:22+00:00","og_image":[{"url":"http:\/\/progrew.cluster024.hosting.ovh.net\/wp-content\/uploads\/2022\/03\/P1010857-768x1024.jpg","type":"","width":"","height":""}],"twitter_card":"summary_large_image","twitter_misc":{"Dur\u00e9e de lecture estim\u00e9e":"1 minute"},"schema":{"@context":"https:\/\/schema.org","@graph":[{"@type":"WebPage","@id":"https:\/\/progression-verticale.com\/index.php\/terrain-daventure-2\/","url":"https:\/\/progression-verticale.com\/index.php\/terrain-daventure-2\/","name":"Terrain d'aventure - \u00a0Progression Verticale","isPartOf":{"@id":"https:\/\/progression-verticale.com\/#website"},"primaryImageOfPage":{"@id":"https:\/\/progression-verticale.com\/index.php\/terrain-daventure-2\/#primaryimage"},"image":{"@id":"https:\/\/progression-verticale.com\/index.php\/terrain-daventure-2\/#primaryimage"},"thumbnailUrl":"http:\/\/progrew.cluster024.hosting.ovh.net\/wp-content\/uploads\/2022\/03\/P1010857-768x1024.jpg","datePublished":"2022-03-25T17:28:57+00:00","dateModified":"2026-02-11T17:42:22+00:00","breadcrumb":{"@id":"https:\/\/progression-verticale.com\/index.php\/terrain-daventure-2\/#breadcrumb"},"inLanguage":"fr-FR","potentialAction":[{"@type":"ReadAction","target":["https:\/\/progression-verticale.com\/index.php\/terrain-daventure-2\/"]}]},{"@type":"ImageObject","inLanguage":"fr-FR","@id":"https:\/\/progression-verticale.com\/index.php\/terrain-daventure-2\/#primaryimage","url":"http:\/\/progrew.cluster024.hosting.ovh.net\/wp-content\/uploads\/2022\/03\/P1010857-768x1024.jpg","contentUrl":"http:\/\/progrew.cluster024.hosting.ovh.net\/wp-content\/uploads\/2022\/03\/P1010857-768x1024.jpg"},{"@type":"BreadcrumbList","@id":"https:\/\/progression-verticale.com\/index.php\/terrain-daventure-2\/#breadcrumb","itemListElement":[{"@type":"ListItem","position":1,"name":"Accueil","item":"https:\/\/progression-verticale.com\/"},{"@type":"ListItem","position":2,"name":"Terrain d&rsquo;aventure"}]},{"@type":"WebSite","@id":"https:\/\/progression-verticale.com\/#website","url":"https:\/\/progression-verticale.com\/","name":"\u00a0Progression Verticale","description":"Pr\u00e9parez votre aventure en escalade, canyoning, terrain d&#039;aventure et autres activit\u00e9s verticales","publisher":{"@id":"https:\/\/progression-verticale.com\/#organization"},"potentialAction":[{"@type":"SearchAction","target":{"@type":"EntryPoint","urlTemplate":"https:\/\/progression-verticale.com\/?s={search_term_string}"},"query-input":{"@type":"PropertyValueSpecification","valueRequired":true,"valueName":"search_term_string"}}],"inLanguage":"fr-FR"},{"@type":"Organization","@id":"https:\/\/progression-verticale.com\/#organization","name":"\u00a0Progression Verticale","url":"https:\/\/progression-verticale.com\/","logo":{"@type":"ImageObject","inLanguage":"fr-FR","@id":"https:\/\/progression-verticale.com\/#\/schema\/logo\/image\/","url":"https:\/\/progression-verticale.com\/wp-content\/uploads\/2025\/12\/LogoPV-v2-50.png","contentUrl":"https:\/\/progression-verticale.com\/wp-content\/uploads\/2025\/12\/LogoPV-v2-50.png","width":224,"height":221,"caption":"\u00a0Progression Verticale"},"image":{"@id":"https:\/\/progression-verticale.com\/#\/schema\/logo\/image\/"}}]}},"featured_image_src":"","featured_image_src_square":false,"rbea_author_info":{"display_name":"admin1219","author_link":"https:\/\/progression-verticale.com\/index.php\/author\/admin1219\/"},"rbea_excerpt_info":"Vous \u00eates autonome en grande voie mais n\u2019avez pas d\u2019exp\u00e9rience en terrain d\u2019aventure. Cette initiation vous permettra de d\u00e9couvrir tout le mat\u00e9riel utilis\u00e9 pour le terrain d\u2019aventure (pitons, coinceurs, friends) ainsi que le mat\u00e9riel d\u2019escalade artificielle (crochets, fifi, plombs, copperheads, &hellip;<p class=\"read-more\"> <a class=\"more-link\" href=\"https:\/\/progression-verticale.com\/index.php\/terrain-daventure-2\/\"> <span class=\"screen-reader-text\">Terrain d&rsquo;aventure<\/span> Read More &raquo;<\/a><\/p>","jetpack_sharing_enabled":true,"_links":{"self":[{"href":"https:\/\/progression-verticale.com\/index.php\/wp-json\/wp\/v2\/pages\/194","targetHints":{"allow":["GET"]}}],"collection":[{"href":"https:\/\/progression-verticale.com\/index.php\/wp-json\/wp\/v2\/pages"}],"about":[{"href":"https:\/\/progression-verticale.com\/index.php\/wp-json\/wp\/v2\/types\/page"}],"author":[{"embeddable":true,"href":"https:\/\/progression-verticale.com\/index.php\/wp-json\/wp\/v2\/users\/1"}],"replies":[{"embeddable":true,"href":"https:\/\/progression-verticale.com\/index.php\/wp-json\/wp\/v2\/comments?post=194"}],"version-history":[{"count":12,"href":"https:\/\/progression-verticale.com\/index.php\/wp-json\/wp\/v2\/pages\/194\/revisions"}],"predecessor-version":[{"id":1027,"href":"https:\/\/progression-verticale.com\/index.php\/wp-json\/wp\/v2\/pages\/194\/revisions\/1027"}],"wp:attachment":[{"href":"https:\/\/progression-verticale.com\/index.php\/wp-json\/wp\/v2\/media?parent=194"}],"curies":[{"name":"wp","href":"https:\/\/api.w.org\/{rel}","templated":true}]}}