{"id":193,"date":"2022-03-25T18:28:57","date_gmt":"2022-03-25T17:28:57","guid":{"rendered":"http:\/\/progrew.cluster024.hosting.ovh.net\/?page_id=193"},"modified":"2026-02-12T15:24:16","modified_gmt":"2026-02-12T14:24:16","slug":"grandes-voies","status":"publish","type":"page","link":"https:\/\/progression-verticale.com\/index.php\/grandes-voies\/","title":{"rendered":"Grandes Voies"},"content":{"rendered":"\n<div class=\"wp-block-media-text alignwide is-stacked-on-mobile\" style=\"grid-template-columns:30% auto\"><figure class=\"wp-block-media-text__media\"><img fetchpriority=\"high\" decoding=\"async\" width=\"768\" height=\"1024\" src=\"https:\/\/progression-verticale.com\/wp-content\/uploads\/2022\/03\/20191013_094553-768x1024.jpg\" alt=\"\" class=\"wp-image-115 size-full\" srcset=\"https:\/\/progression-verticale.com\/wp-content\/uploads\/2022\/03\/20191013_094553-768x1024.jpg 768w, https:\/\/progression-verticale.com\/wp-content\/uploads\/2022\/03\/20191013_094553-225x300.jpg 225w, https:\/\/progression-verticale.com\/wp-content\/uploads\/2022\/03\/20191013_094553-1152x1536.jpg 1152w, https:\/\/progression-verticale.com\/wp-content\/uploads\/2022\/03\/20191013_094553-1536x2048.jpg 1536w, https:\/\/progression-verticale.com\/wp-content\/uploads\/2022\/03\/20191013_094553-scaled.jpg 1920w\" sizes=\"(max-width: 768px) 100vw, 768px\" \/><\/figure><div class=\"wp-block-media-text__content\">\n<p class=\"has-normal-font-size\">Vous savez grimper sur des sites d\u2019escalade d\u2019une longueur et aimeriez vous lancer dans une grande voie. Cette initiation vous permettra de d\u00e9couvrir en quelques s\u00e9ances l\u2019essentiel des comp\u00e9tences n\u00e9cessaires \u00e0 la grimpe en grande voie&nbsp;: assurage du haut, descente en rappel, mise en place de relais, techniques de progression, etc\u2026 Les sorties ont lieu sur diff\u00e9rentes falaises de Savoie et Haute-Savoie avec \u00e9galement l\u2019objectif de d\u00e9couvrir diff\u00e9rents types de rocher (calcaire, gneiss, granit).<\/p>\n\n\n\n<p class=\"has-normal-font-size\">Niveau minimum requis&nbsp;: 5b en t\u00eate en ext\u00e9rieur.<\/p>\n\n\n\n<p class=\"has-normal-font-size\">Tarif&nbsp;: \u00e0 partir de 100 euros par personne et par s\u00e9ance pour un minimum 2 personnes.<\/p>\n\n\n\n<p class=\"has-normal-font-size\">Le prix comprend le mat\u00e9riel (hors les chaussons d\u2019escalade). Le transport sur les sites est \u00e0 la charge des participants.<\/p>\n<\/div><\/div>\n\n\n\n<figure class=\"wp-block-gallery has-nested-images columns-default is-cropped wp-block-gallery-1 is-layout-flex wp-block-gallery-is-layout-flex\">\n<figure class=\"wp-block-image size-large\"><img decoding=\"async\" width=\"768\" height=\"1024\" data-id=\"276\" src=\"https:\/\/progression-verticale.com\/wp-content\/uploads\/2022\/04\/20190525_115109-768x1024.jpg\" alt=\"Sur les traces de Gaston\" class=\"wp-image-276\" srcset=\"https:\/\/progression-verticale.com\/wp-content\/uploads\/2022\/04\/20190525_115109-768x1024.jpg 768w, https:\/\/progression-verticale.com\/wp-content\/uploads\/2022\/04\/20190525_115109-225x300.jpg 225w, https:\/\/progression-verticale.com\/wp-content\/uploads\/2022\/04\/20190525_115109-1152x1536.jpg 1152w, https:\/\/progression-verticale.com\/wp-content\/uploads\/2022\/04\/20190525_115109-1536x2048.jpg 1536w, https:\/\/progression-verticale.com\/wp-content\/uploads\/2022\/04\/20190525_115109-scaled.jpg 1920w\" sizes=\"(max-width: 768px) 100vw, 768px\" \/><\/figure>\n\n\n\n<figure class=\"wp-block-image size-large\"><img decoding=\"async\" width=\"576\" height=\"1024\" data-id=\"279\" src=\"https:\/\/progression-verticale.com\/wp-content\/uploads\/2022\/04\/20210523_151847-576x1024.jpg\" alt=\"Chlorochose\" class=\"wp-image-279\" srcset=\"https:\/\/progression-verticale.com\/wp-content\/uploads\/2022\/04\/20210523_151847-576x1024.jpg 576w, https:\/\/progression-verticale.com\/wp-content\/uploads\/2022\/04\/20210523_151847-169x300.jpg 169w, https:\/\/progression-verticale.com\/wp-content\/uploads\/2022\/04\/20210523_151847-768x1365.jpg 768w, https:\/\/progression-verticale.com\/wp-content\/uploads\/2022\/04\/20210523_151847-864x1536.jpg 864w, https:\/\/progression-verticale.com\/wp-content\/uploads\/2022\/04\/20210523_151847-1152x2048.jpg 1152w, https:\/\/progression-verticale.com\/wp-content\/uploads\/2022\/04\/20210523_151847-scaled.jpg 1440w\" sizes=\"(max-width: 576px) 100vw, 576px\" \/><\/figure>\n\n\n\n<figure class=\"wp-block-image size-large\"><img loading=\"lazy\" decoding=\"async\" width=\"768\" height=\"1024\" data-id=\"281\" src=\"https:\/\/progression-verticale.com\/wp-content\/uploads\/2022\/04\/20211014_122635-768x1024.jpg\" alt=\"Pilier du couchant\" class=\"wp-image-281\" srcset=\"https:\/\/progression-verticale.com\/wp-content\/uploads\/2022\/04\/20211014_122635-768x1024.jpg 768w, https:\/\/progression-verticale.com\/wp-content\/uploads\/2022\/04\/20211014_122635-225x300.jpg 225w, https:\/\/progression-verticale.com\/wp-content\/uploads\/2022\/04\/20211014_122635-1152x1536.jpg 1152w, https:\/\/progression-verticale.com\/wp-content\/uploads\/2022\/04\/20211014_122635-1536x2048.jpg 1536w, https:\/\/progression-verticale.com\/wp-content\/uploads\/2022\/04\/20211014_122635-scaled.jpg 1920w\" sizes=\"(max-width: 768px) 100vw, 768px\" \/><\/figure>\n<\/figure>\n","protected":false},"excerpt":{"rendered":"<p>Vous savez grimper sur des sites d\u2019escalade d\u2019une longueur et aimeriez vous lancer dans une grande voie. Cette initiation vous permettra de d\u00e9couvrir en quelques s\u00e9ances l\u2019essentiel des comp\u00e9tences n\u00e9cessaires \u00e0 la grimpe en grande voie&nbsp;: assurage du haut, descente &hellip;<\/p>\n<p class=\"read-more\"> <a class=\"more-link\" href=\"https:\/\/progression-verticale.com\/index.php\/grandes-voies\/\"> <span class=\"screen-reader-text\">Grandes Voies<\/span> Read More &raquo;<\/a><\/p>\n","protected":false},"author":1,"featured_media":0,"parent":0,"menu_order":0,"comment_status":"closed","ping_status":"closed","template":"","meta":{"footnotes":""},"class_list":["post-193","page","type-page","status-publish","hentry"],"yoast_head":"<!-- This site is optimized with the Yoast SEO plugin v26.9 - https:\/\/yoast.com\/product\/yoast-seo-wordpress\/ -->\n<title>Grandes Voies - \u00a0Progression Verticale<\/title>\n<meta name=\"description\" content=\"Initiation et perfectionnement d&#039;escalade en grandes voies sportives. Les stages sont adapt\u00e9s au niveau des participants.\" \/>\n<meta name=\"robots\" content=\"index, follow, max-snippet:-1, max-image-preview:large, max-video-preview:-1\" \/>\n<link rel=\"canonical\" href=\"https:\/\/progression-verticale.com\/index.php\/grandes-voies\/\" \/>\n<meta property=\"og:locale\" content=\"fr_FR\" \/>\n<meta property=\"og:type\" content=\"article\" \/>\n<meta property=\"og:title\" content=\"Grandes Voies - \u00a0Progression Verticale\" \/>\n<meta property=\"og:description\" content=\"Initiation et perfectionnement d&#039;escalade en grandes voies sportives. Les stages sont adapt\u00e9s au niveau des participants.\" \/>\n<meta property=\"og:url\" content=\"https:\/\/progression-verticale.com\/index.php\/grandes-voies\/\" \/>\n<meta property=\"og:site_name\" content=\"\u00a0Progression Verticale\" \/>\n<meta property=\"article:modified_time\" content=\"2026-02-12T14:24:16+00:00\" \/>\n<meta property=\"og:image\" content=\"https:\/\/progression-verticale.com\/wp-content\/uploads\/2022\/03\/20191013_094553-768x1024.jpg\" \/>\n<meta name=\"twitter:card\" content=\"summary_large_image\" \/>\n<meta name=\"twitter:label1\" content=\"Dur\u00e9e de lecture estim\u00e9e\" \/>\n\t<meta name=\"twitter:data1\" content=\"2 minutes\" \/>\n<script type=\"application\/ld+json\" class=\"yoast-schema-graph\">{\"@context\":\"https:\/\/schema.org\",\"@graph\":[{\"@type\":\"WebPage\",\"@id\":\"https:\/\/progression-verticale.com\/index.php\/grandes-voies\/\",\"url\":\"https:\/\/progression-verticale.com\/index.php\/grandes-voies\/\",\"name\":\"Grandes Voies - \u00a0Progression Verticale\",\"isPartOf\":{\"@id\":\"https:\/\/progression-verticale.com\/#website\"},\"primaryImageOfPage\":{\"@id\":\"https:\/\/progression-verticale.com\/index.php\/grandes-voies\/#primaryimage\"},\"image\":{\"@id\":\"https:\/\/progression-verticale.com\/index.php\/grandes-voies\/#primaryimage\"},\"thumbnailUrl\":\"https:\/\/progression-verticale.com\/wp-content\/uploads\/2022\/03\/20191013_094553-768x1024.jpg\",\"datePublished\":\"2022-03-25T17:28:57+00:00\",\"dateModified\":\"2026-02-12T14:24:16+00:00\",\"description\":\"Initiation et perfectionnement d'escalade en grandes voies sportives. Les stages sont adapt\u00e9s au niveau des participants.\",\"breadcrumb\":{\"@id\":\"https:\/\/progression-verticale.com\/index.php\/grandes-voies\/#breadcrumb\"},\"inLanguage\":\"fr-FR\",\"potentialAction\":[{\"@type\":\"ReadAction\",\"target\":[\"https:\/\/progression-verticale.com\/index.php\/grandes-voies\/\"]}]},{\"@type\":\"ImageObject\",\"inLanguage\":\"fr-FR\",\"@id\":\"https:\/\/progression-verticale.com\/index.php\/grandes-voies\/#primaryimage\",\"url\":\"https:\/\/progression-verticale.com\/wp-content\/uploads\/2022\/03\/20191013_094553-scaled.jpg\",\"contentUrl\":\"https:\/\/progression-verticale.com\/wp-content\/uploads\/2022\/03\/20191013_094553-scaled.jpg\",\"width\":1920,\"height\":2560},{\"@type\":\"BreadcrumbList\",\"@id\":\"https:\/\/progression-verticale.com\/index.php\/grandes-voies\/#breadcrumb\",\"itemListElement\":[{\"@type\":\"ListItem\",\"position\":1,\"name\":\"Accueil\",\"item\":\"https:\/\/progression-verticale.com\/\"},{\"@type\":\"ListItem\",\"position\":2,\"name\":\"Grandes Voies\"}]},{\"@type\":\"WebSite\",\"@id\":\"https:\/\/progression-verticale.com\/#website\",\"url\":\"https:\/\/progression-verticale.com\/\",\"name\":\"\u00a0Progression Verticale\",\"description\":\"Pr\u00e9parez votre aventure en escalade, canyoning, terrain d&#039;aventure et autres activit\u00e9s verticales\",\"publisher\":{\"@id\":\"https:\/\/progression-verticale.com\/#organization\"},\"potentialAction\":[{\"@type\":\"SearchAction\",\"target\":{\"@type\":\"EntryPoint\",\"urlTemplate\":\"https:\/\/progression-verticale.com\/?s={search_term_string}\"},\"query-input\":{\"@type\":\"PropertyValueSpecification\",\"valueRequired\":true,\"valueName\":\"search_term_string\"}}],\"inLanguage\":\"fr-FR\"},{\"@type\":\"Organization\",\"@id\":\"https:\/\/progression-verticale.com\/#organization\",\"name\":\"\u00a0Progression Verticale\",\"url\":\"https:\/\/progression-verticale.com\/\",\"logo\":{\"@type\":\"ImageObject\",\"inLanguage\":\"fr-FR\",\"@id\":\"https:\/\/progression-verticale.com\/#\/schema\/logo\/image\/\",\"url\":\"https:\/\/progression-verticale.com\/wp-content\/uploads\/2025\/12\/LogoPV-v2-50.png\",\"contentUrl\":\"https:\/\/progression-verticale.com\/wp-content\/uploads\/2025\/12\/LogoPV-v2-50.png\",\"width\":224,\"height\":221,\"caption\":\"\u00a0Progression Verticale\"},\"image\":{\"@id\":\"https:\/\/progression-verticale.com\/#\/schema\/logo\/image\/\"}}]}<\/script>\n<!-- \/ Yoast SEO plugin. -->","yoast_head_json":{"title":"Grandes Voies - \u00a0Progression Verticale","description":"Initiation et perfectionnement d'escalade en grandes voies sportives. Les stages sont adapt\u00e9s au niveau des participants.","robots":{"index":"index","follow":"follow","max-snippet":"max-snippet:-1","max-image-preview":"max-image-preview:large","max-video-preview":"max-video-preview:-1"},"canonical":"https:\/\/progression-verticale.com\/index.php\/grandes-voies\/","og_locale":"fr_FR","og_type":"article","og_title":"Grandes Voies - \u00a0Progression Verticale","og_description":"Initiation et perfectionnement d'escalade en grandes voies sportives. Les stages sont adapt\u00e9s au niveau des participants.","og_url":"https:\/\/progression-verticale.com\/index.php\/grandes-voies\/","og_site_name":"\u00a0Progression Verticale","article_modified_time":"2026-02-12T14:24:16+00:00","og_image":[{"url":"https:\/\/progression-verticale.com\/wp-content\/uploads\/2022\/03\/20191013_094553-768x1024.jpg","type":"","width":"","height":""}],"twitter_card":"summary_large_image","twitter_misc":{"Dur\u00e9e de lecture estim\u00e9e":"2 minutes"},"schema":{"@context":"https:\/\/schema.org","@graph":[{"@type":"WebPage","@id":"https:\/\/progression-verticale.com\/index.php\/grandes-voies\/","url":"https:\/\/progression-verticale.com\/index.php\/grandes-voies\/","name":"Grandes Voies - \u00a0Progression Verticale","isPartOf":{"@id":"https:\/\/progression-verticale.com\/#website"},"primaryImageOfPage":{"@id":"https:\/\/progression-verticale.com\/index.php\/grandes-voies\/#primaryimage"},"image":{"@id":"https:\/\/progression-verticale.com\/index.php\/grandes-voies\/#primaryimage"},"thumbnailUrl":"https:\/\/progression-verticale.com\/wp-content\/uploads\/2022\/03\/20191013_094553-768x1024.jpg","datePublished":"2022-03-25T17:28:57+00:00","dateModified":"2026-02-12T14:24:16+00:00","description":"Initiation et perfectionnement d'escalade en grandes voies sportives. Les stages sont adapt\u00e9s au niveau des participants.","breadcrumb":{"@id":"https:\/\/progression-verticale.com\/index.php\/grandes-voies\/#breadcrumb"},"inLanguage":"fr-FR","potentialAction":[{"@type":"ReadAction","target":["https:\/\/progression-verticale.com\/index.php\/grandes-voies\/"]}]},{"@type":"ImageObject","inLanguage":"fr-FR","@id":"https:\/\/progression-verticale.com\/index.php\/grandes-voies\/#primaryimage","url":"https:\/\/progression-verticale.com\/wp-content\/uploads\/2022\/03\/20191013_094553-scaled.jpg","contentUrl":"https:\/\/progression-verticale.com\/wp-content\/uploads\/2022\/03\/20191013_094553-scaled.jpg","width":1920,"height":2560},{"@type":"BreadcrumbList","@id":"https:\/\/progression-verticale.com\/index.php\/grandes-voies\/#breadcrumb","itemListElement":[{"@type":"ListItem","position":1,"name":"Accueil","item":"https:\/\/progression-verticale.com\/"},{"@type":"ListItem","position":2,"name":"Grandes Voies"}]},{"@type":"WebSite","@id":"https:\/\/progression-verticale.com\/#website","url":"https:\/\/progression-verticale.com\/","name":"\u00a0Progression Verticale","description":"Pr\u00e9parez votre aventure en escalade, canyoning, terrain d&#039;aventure et autres activit\u00e9s verticales","publisher":{"@id":"https:\/\/progression-verticale.com\/#organization"},"potentialAction":[{"@type":"SearchAction","target":{"@type":"EntryPoint","urlTemplate":"https:\/\/progression-verticale.com\/?s={search_term_string}"},"query-input":{"@type":"PropertyValueSpecification","valueRequired":true,"valueName":"search_term_string"}}],"inLanguage":"fr-FR"},{"@type":"Organization","@id":"https:\/\/progression-verticale.com\/#organization","name":"\u00a0Progression Verticale","url":"https:\/\/progression-verticale.com\/","logo":{"@type":"ImageObject","inLanguage":"fr-FR","@id":"https:\/\/progression-verticale.com\/#\/schema\/logo\/image\/","url":"https:\/\/progression-verticale.com\/wp-content\/uploads\/2025\/12\/LogoPV-v2-50.png","contentUrl":"https:\/\/progression-verticale.com\/wp-content\/uploads\/2025\/12\/LogoPV-v2-50.png","width":224,"height":221,"caption":"\u00a0Progression Verticale"},"image":{"@id":"https:\/\/progression-verticale.com\/#\/schema\/logo\/image\/"}}]}},"featured_image_src":"","featured_image_src_square":false,"rbea_author_info":{"display_name":"admin1219","author_link":"https:\/\/progression-verticale.com\/index.php\/author\/admin1219\/"},"rbea_excerpt_info":"Vous savez grimper sur des sites d\u2019escalade d\u2019une longueur et aimeriez vous lancer dans une grande voie. Cette initiation vous permettra de d\u00e9couvrir en quelques s\u00e9ances l\u2019essentiel des comp\u00e9tences n\u00e9cessaires \u00e0 la grimpe en grande voie&nbsp;: assurage du haut, descente &hellip;<p class=\"read-more\"> <a class=\"more-link\" href=\"https:\/\/progression-verticale.com\/index.php\/grandes-voies\/\"> <span class=\"screen-reader-text\">Grandes Voies<\/span> Read More &raquo;<\/a><\/p>","jetpack_sharing_enabled":true,"_links":{"self":[{"href":"https:\/\/progression-verticale.com\/index.php\/wp-json\/wp\/v2\/pages\/193","targetHints":{"allow":["GET"]}}],"collection":[{"href":"https:\/\/progression-verticale.com\/index.php\/wp-json\/wp\/v2\/pages"}],"about":[{"href":"https:\/\/progression-verticale.com\/index.php\/wp-json\/wp\/v2\/types\/page"}],"author":[{"embeddable":true,"href":"https:\/\/progression-verticale.com\/index.php\/wp-json\/wp\/v2\/users\/1"}],"replies":[{"embeddable":true,"href":"https:\/\/progression-verticale.com\/index.php\/wp-json\/wp\/v2\/comments?post=193"}],"version-history":[{"count":12,"href":"https:\/\/progression-verticale.com\/index.php\/wp-json\/wp\/v2\/pages\/193\/revisions"}],"predecessor-version":[{"id":1029,"href":"https:\/\/progression-verticale.com\/index.php\/wp-json\/wp\/v2\/pages\/193\/revisions\/1029"}],"wp:attachment":[{"href":"https:\/\/progression-verticale.com\/index.php\/wp-json\/wp\/v2\/media?parent=193"}],"curies":[{"name":"wp","href":"https:\/\/api.w.org\/{rel}","templated":true}]}}