{"id":1010,"date":"2026-02-06T16:17:21","date_gmt":"2026-02-06T15:17:21","guid":{"rendered":"https:\/\/progression-verticale.com\/?page_id=1010"},"modified":"2026-02-12T13:50:43","modified_gmt":"2026-02-12T12:50:43","slug":"corse-2026-bis","status":"publish","type":"page","link":"https:\/\/progression-verticale.com\/index.php\/corse-2026-bis\/","title":{"rendered":"Corse 2026 bis"},"content":{"rendered":"\n<p><\/p>\n\n\n\n<p>Du 26 au 28 Octobre 2026<\/p>\n\n\n\n<p>Ce stage se fera dans continuit\u00e9 du pr\u00e9c\u00e9dent, mais en ciblant des voies relativement bien \u00e9quip\u00e9es et plut\u00f4t orient\u00e9es plaisir. Nous sommes toujours dans les <a href=\"https:\/\/fr.wikipedia.org\/wiki\/Aiguilles_de_Bavella\" target=\"_blank\" rel=\"noreferrer noopener\">aiguilles de Bavella<\/a> en Corse un des plus beaux massifs de France (voir d\u2019Europe). C\u2019est un ensemble de pointes granitiques d\u00e9coup\u00e9es qui offrent de nombreux itin\u00e9raires d\u2019escalade, de randonn\u00e9e ou de canyoning. Pour la grimpe, le rocher offre des configurations tr\u00e8s vari\u00e9es telles que des dalles, fissures, ar\u00eates, piliers, etc. et surtout les fameux taffoni en forme de creux arrondis de quelques centim\u00e8tres \u00e0 plusieurs m\u00e8tres de diam\u00e8tre, creus\u00e9e par l&rsquo;\u00e9rosion sur des surfaces rocheuses plus ou moins verticales. <\/p>\n\n\n\n<p>Proposition d\u2019agenda :<\/p>\n\n\n\n<p>Notez que le choix des voies sera adapt\u00e9 en fonction du niveau des participants&nbsp;:<\/p>\n\n\n\n<ul class=\"wp-block-list\">\n<li>26 octobre\u00a0: Petite mise en jambe dans la voie <a href=\"https:\/\/www.camptocamp.org\/routes\/359375\/fr\/punta-macao-occitanista\">Occitanista <\/a>\u00e0 la Punta Macao (TD-\u00a0\/ 6a>5c \/ 100m) pour revoir toutes les manips de grande voie et si vous avez encore de l&rsquo;\u00e9nergie nous pourrons faire un peu de couenne ou une autre voie <a href=\"https:\/\/www.camptocamp.org\/routes\/557446\/fr\/punta-macao-aioli-bar\" target=\"_blank\" rel=\"noreferrer noopener\">A\u00efoli bar<\/a>  (TD- 6a>6a \/ 100m).<\/li>\n\n\n\n<li>27 octobre\u00a0: Une autre voie classique facilement accessible du col de Bavella au Rempart, <a href=\"https:\/\/www.camptocamp.org\/outings\/552541\/fr\/le-rempart-arete-w\" target=\"_blank\" rel=\"noreferrer noopener\">L&rsquo;Umo di Petra<\/a> (D 5c>5a \/ P2 \/ 150m ) o\u00f9 l&rsquo;\u00e9quipement est beaucoup plus a\u00e9r\u00e9.  <\/li>\n\n\n\n<li>28 octobre\u00a0: Grosse journ\u00e9e en perspective avec la voie <a href=\"https:\/\/www.camptocamp.org\/routes\/55387\/fr\/bavella-pointe-1051-des-ferriates-u-companieru\" target=\"_blank\" rel=\"noreferrer noopener\">U Companieru<\/a> (D+ 6a>6a \/ 350m), \u00e0 la pointe 1051 des Ferriates <\/li>\n<\/ul>\n\n\n\n<p>&nbsp;Nombre de participants :<\/p>\n\n\n\n<ul class=\"wp-block-list\">\n<li>Stage garanti \u00e0 partir 2 personnes<\/li>\n\n\n\n<li>Groupe limit\u00e9 \u00e0 4 personnes (en fonction de l&rsquo;exp\u00e9rience)<\/li>\n<\/ul>\n\n\n\n<p>Tarifs :<\/p>\n\n\n\n<ul class=\"wp-block-list\">\n<li>Groupe de 2 personnes : 400 \u20ac\/pers.<\/li>\n\n\n\n<li>Groupe de 3 ou 4 personnes : 350 \u20ac\/pers.<\/li>\n<\/ul>\n\n\n\n<p>Niveau&nbsp;:<\/p>\n\n\n\n<ul class=\"wp-block-list\">\n<li>Niveau minimum : 5b\/c en falaise.<\/li>\n<\/ul>\n\n\n\n<p>H\u00e9bergement&nbsp;: A la charge des participants: g\u00eetes ou camping autour du col de Bavella.<\/p>\n\n\n\n<p>Rendez-vous : Au col de Bavella le 26 octobre \u00e0 9h00.\u00a0<\/p>\n\n\n\n<p>Le prix inclus :<\/p>\n\n\n\n<ul class=\"wp-block-list\">\n<li>L\u2019encadrement par un moniteur d\u2019escalade<\/li>\n\n\n\n<li>Le mat\u00e9riel suppl\u00e9mentaire \u00e0 la pratique de la grande voie (cordes, d\u00e9gaines, mousquetons suppl\u00e9mentaires, les coinceurs, friends, pitons, etc.)<\/li>\n<\/ul>\n\n\n\n<p>Le prix ne comprend pas :<\/p>\n\n\n\n<ul class=\"wp-block-list\">\n<li>Le transport jusqu\u2019au site de pratique<\/li>\n\n\n\n<li>L\u2019h\u00e9bergement<\/li>\n\n\n\n<li>Le d\u00e9placement en v\u00e9hicule entre les sites d\u2019escalade<\/li>\n\n\n\n<li>Le mat\u00e9riel personnel d\u2019escalade (chaussons, baudrier, syst\u00e8me d\u2019assurage, magn\u00e9sie, casque, etc.)<\/li>\n\n\n\n<li>La nourriture et les boissons (nous vous conseillons de pr\u00e9voir des sandwichs le midi ; le repas du soir peut \u00eatre pris ensemble en mettant en commun les plats et aliments)<\/li>\n<\/ul>\n\n\n\n<p>Voici quelques photos pour vous donner envie:<\/p>\n\n\n\n<figure class=\"wp-block-gallery has-nested-images columns-default is-cropped wp-block-gallery-1 is-layout-flex wp-block-gallery-is-layout-flex\">\n<figure class=\"wp-block-image size-large\"><img fetchpriority=\"high\" decoding=\"async\" width=\"1024\" height=\"682\" data-id=\"818\" src=\"https:\/\/progression-verticale.com\/wp-content\/uploads\/2025\/12\/WhatsApp-Image-2025-12-10-a-10.10.39_3a2b2a83-1024x682.jpg\" alt=\"\" class=\"wp-image-818\" srcset=\"https:\/\/progression-verticale.com\/wp-content\/uploads\/2025\/12\/WhatsApp-Image-2025-12-10-a-10.10.39_3a2b2a83-1024x682.jpg 1024w, https:\/\/progression-verticale.com\/wp-content\/uploads\/2025\/12\/WhatsApp-Image-2025-12-10-a-10.10.39_3a2b2a83-300x200.jpg 300w, https:\/\/progression-verticale.com\/wp-content\/uploads\/2025\/12\/WhatsApp-Image-2025-12-10-a-10.10.39_3a2b2a83-768x512.jpg 768w, https:\/\/progression-verticale.com\/wp-content\/uploads\/2025\/12\/WhatsApp-Image-2025-12-10-a-10.10.39_3a2b2a83-1536x1023.jpg 1536w, https:\/\/progression-verticale.com\/wp-content\/uploads\/2025\/12\/WhatsApp-Image-2025-12-10-a-10.10.39_3a2b2a83-100x67.jpg 100w, https:\/\/progression-verticale.com\/wp-content\/uploads\/2025\/12\/WhatsApp-Image-2025-12-10-a-10.10.39_3a2b2a83-150x100.jpg 150w, https:\/\/progression-verticale.com\/wp-content\/uploads\/2025\/12\/WhatsApp-Image-2025-12-10-a-10.10.39_3a2b2a83-200x133.jpg 200w, https:\/\/progression-verticale.com\/wp-content\/uploads\/2025\/12\/WhatsApp-Image-2025-12-10-a-10.10.39_3a2b2a83-450x300.jpg 450w, https:\/\/progression-verticale.com\/wp-content\/uploads\/2025\/12\/WhatsApp-Image-2025-12-10-a-10.10.39_3a2b2a83-600x400.jpg 600w, https:\/\/progression-verticale.com\/wp-content\/uploads\/2025\/12\/WhatsApp-Image-2025-12-10-a-10.10.39_3a2b2a83-900x600.jpg 900w, https:\/\/progression-verticale.com\/wp-content\/uploads\/2025\/12\/WhatsApp-Image-2025-12-10-a-10.10.39_3a2b2a83.jpg 1600w\" sizes=\"(max-width: 1024px) 100vw, 1024px\" \/><\/figure>\n\n\n\n<figure class=\"wp-block-image size-large\"><img decoding=\"async\" width=\"1024\" height=\"683\" data-id=\"816\" src=\"https:\/\/progression-verticale.com\/wp-content\/uploads\/2025\/12\/WhatsApp-Image-2025-12-10-a-10.10.40_1b0416dd-1024x683.jpg\" alt=\"\" class=\"wp-image-816\" srcset=\"https:\/\/progression-verticale.com\/wp-content\/uploads\/2025\/12\/WhatsApp-Image-2025-12-10-a-10.10.40_1b0416dd-1024x683.jpg 1024w, https:\/\/progression-verticale.com\/wp-content\/uploads\/2025\/12\/WhatsApp-Image-2025-12-10-a-10.10.40_1b0416dd-300x200.jpg 300w, https:\/\/progression-verticale.com\/wp-content\/uploads\/2025\/12\/WhatsApp-Image-2025-12-10-a-10.10.40_1b0416dd-768x512.jpg 768w, https:\/\/progression-verticale.com\/wp-content\/uploads\/2025\/12\/WhatsApp-Image-2025-12-10-a-10.10.40_1b0416dd-100x67.jpg 100w, https:\/\/progression-verticale.com\/wp-content\/uploads\/2025\/12\/WhatsApp-Image-2025-12-10-a-10.10.40_1b0416dd-150x100.jpg 150w, https:\/\/progression-verticale.com\/wp-content\/uploads\/2025\/12\/WhatsApp-Image-2025-12-10-a-10.10.40_1b0416dd-200x133.jpg 200w, https:\/\/progression-verticale.com\/wp-content\/uploads\/2025\/12\/WhatsApp-Image-2025-12-10-a-10.10.40_1b0416dd-450x300.jpg 450w, https:\/\/progression-verticale.com\/wp-content\/uploads\/2025\/12\/WhatsApp-Image-2025-12-10-a-10.10.40_1b0416dd-600x400.jpg 600w, https:\/\/progression-verticale.com\/wp-content\/uploads\/2025\/12\/WhatsApp-Image-2025-12-10-a-10.10.40_1b0416dd-900x600.jpg 900w, https:\/\/progression-verticale.com\/wp-content\/uploads\/2025\/12\/WhatsApp-Image-2025-12-10-a-10.10.40_1b0416dd.jpg 1368w\" sizes=\"(max-width: 1024px) 100vw, 1024px\" \/><\/figure>\n\n\n\n<figure class=\"wp-block-image size-large\"><img decoding=\"async\" width=\"1024\" height=\"671\" data-id=\"815\" src=\"https:\/\/progression-verticale.com\/wp-content\/uploads\/2025\/12\/WhatsApp-Image-2025-12-10-a-10.10.40_93b645ac-1024x671.jpg\" alt=\"\" class=\"wp-image-815\" srcset=\"https:\/\/progression-verticale.com\/wp-content\/uploads\/2025\/12\/WhatsApp-Image-2025-12-10-a-10.10.40_93b645ac-1024x671.jpg 1024w, https:\/\/progression-verticale.com\/wp-content\/uploads\/2025\/12\/WhatsApp-Image-2025-12-10-a-10.10.40_93b645ac-300x197.jpg 300w, https:\/\/progression-verticale.com\/wp-content\/uploads\/2025\/12\/WhatsApp-Image-2025-12-10-a-10.10.40_93b645ac-768x503.jpg 768w, https:\/\/progression-verticale.com\/wp-content\/uploads\/2025\/12\/WhatsApp-Image-2025-12-10-a-10.10.40_93b645ac-100x66.jpg 100w, https:\/\/progression-verticale.com\/wp-content\/uploads\/2025\/12\/WhatsApp-Image-2025-12-10-a-10.10.40_93b645ac-150x98.jpg 150w, https:\/\/progression-verticale.com\/wp-content\/uploads\/2025\/12\/WhatsApp-Image-2025-12-10-a-10.10.40_93b645ac-200x131.jpg 200w, https:\/\/progression-verticale.com\/wp-content\/uploads\/2025\/12\/WhatsApp-Image-2025-12-10-a-10.10.40_93b645ac-450x295.jpg 450w, https:\/\/progression-verticale.com\/wp-content\/uploads\/2025\/12\/WhatsApp-Image-2025-12-10-a-10.10.40_93b645ac-600x393.jpg 600w, https:\/\/progression-verticale.com\/wp-content\/uploads\/2025\/12\/WhatsApp-Image-2025-12-10-a-10.10.40_93b645ac-900x590.jpg 900w, https:\/\/progression-verticale.com\/wp-content\/uploads\/2025\/12\/WhatsApp-Image-2025-12-10-a-10.10.40_93b645ac.jpg 1280w\" sizes=\"(max-width: 1024px) 100vw, 1024px\" \/><\/figure>\n\n\n\n<figure class=\"wp-block-image size-large\"><img loading=\"lazy\" decoding=\"async\" width=\"1024\" height=\"768\" data-id=\"817\" src=\"https:\/\/progression-verticale.com\/wp-content\/uploads\/2025\/12\/WhatsApp-Image-2025-12-10-a-10.10.40_2245d12e-1024x768.jpg\" alt=\"\" class=\"wp-image-817\" srcset=\"https:\/\/progression-verticale.com\/wp-content\/uploads\/2025\/12\/WhatsApp-Image-2025-12-10-a-10.10.40_2245d12e-1024x768.jpg 1024w, https:\/\/progression-verticale.com\/wp-content\/uploads\/2025\/12\/WhatsApp-Image-2025-12-10-a-10.10.40_2245d12e-300x225.jpg 300w, https:\/\/progression-verticale.com\/wp-content\/uploads\/2025\/12\/WhatsApp-Image-2025-12-10-a-10.10.40_2245d12e-768x576.jpg 768w, https:\/\/progression-verticale.com\/wp-content\/uploads\/2025\/12\/WhatsApp-Image-2025-12-10-a-10.10.40_2245d12e-100x75.jpg 100w, https:\/\/progression-verticale.com\/wp-content\/uploads\/2025\/12\/WhatsApp-Image-2025-12-10-a-10.10.40_2245d12e-150x113.jpg 150w, https:\/\/progression-verticale.com\/wp-content\/uploads\/2025\/12\/WhatsApp-Image-2025-12-10-a-10.10.40_2245d12e-200x150.jpg 200w, https:\/\/progression-verticale.com\/wp-content\/uploads\/2025\/12\/WhatsApp-Image-2025-12-10-a-10.10.40_2245d12e-450x338.jpg 450w, https:\/\/progression-verticale.com\/wp-content\/uploads\/2025\/12\/WhatsApp-Image-2025-12-10-a-10.10.40_2245d12e-600x450.jpg 600w, https:\/\/progression-verticale.com\/wp-content\/uploads\/2025\/12\/WhatsApp-Image-2025-12-10-a-10.10.40_2245d12e-900x675.jpg 900w, https:\/\/progression-verticale.com\/wp-content\/uploads\/2025\/12\/WhatsApp-Image-2025-12-10-a-10.10.40_2245d12e.jpg 1500w\" sizes=\"(max-width: 1024px) 100vw, 1024px\" \/><\/figure>\n\n\n\n<figure class=\"wp-block-image size-large\"><img loading=\"lazy\" decoding=\"async\" width=\"1024\" height=\"683\" data-id=\"814\" src=\"https:\/\/progression-verticale.com\/wp-content\/uploads\/2025\/12\/WhatsApp-Image-2025-12-10-a-10.12.57_9e500a52-1024x683.jpg\" alt=\"\" class=\"wp-image-814\" srcset=\"https:\/\/progression-verticale.com\/wp-content\/uploads\/2025\/12\/WhatsApp-Image-2025-12-10-a-10.12.57_9e500a52-1024x683.jpg 1024w, https:\/\/progression-verticale.com\/wp-content\/uploads\/2025\/12\/WhatsApp-Image-2025-12-10-a-10.12.57_9e500a52-300x200.jpg 300w, https:\/\/progression-verticale.com\/wp-content\/uploads\/2025\/12\/WhatsApp-Image-2025-12-10-a-10.12.57_9e500a52-768x512.jpg 768w, https:\/\/progression-verticale.com\/wp-content\/uploads\/2025\/12\/WhatsApp-Image-2025-12-10-a-10.12.57_9e500a52-100x67.jpg 100w, https:\/\/progression-verticale.com\/wp-content\/uploads\/2025\/12\/WhatsApp-Image-2025-12-10-a-10.12.57_9e500a52-150x100.jpg 150w, https:\/\/progression-verticale.com\/wp-content\/uploads\/2025\/12\/WhatsApp-Image-2025-12-10-a-10.12.57_9e500a52-200x133.jpg 200w, https:\/\/progression-verticale.com\/wp-content\/uploads\/2025\/12\/WhatsApp-Image-2025-12-10-a-10.12.57_9e500a52-450x300.jpg 450w, https:\/\/progression-verticale.com\/wp-content\/uploads\/2025\/12\/WhatsApp-Image-2025-12-10-a-10.12.57_9e500a52-600x400.jpg 600w, https:\/\/progression-verticale.com\/wp-content\/uploads\/2025\/12\/WhatsApp-Image-2025-12-10-a-10.12.57_9e500a52-900x600.jpg 900w, https:\/\/progression-verticale.com\/wp-content\/uploads\/2025\/12\/WhatsApp-Image-2025-12-10-a-10.12.57_9e500a52.jpg 1368w\" sizes=\"(max-width: 1024px) 100vw, 1024px\" \/><\/figure>\n\n\n\n<figure class=\"wp-block-image size-large\"><img loading=\"lazy\" decoding=\"async\" width=\"1024\" height=\"683\" data-id=\"813\" src=\"https:\/\/progression-verticale.com\/wp-content\/uploads\/2025\/12\/WhatsApp-Image-2025-12-10-a-10.12.57_e4ce9e2e-1024x683.jpg\" alt=\"\" class=\"wp-image-813\" srcset=\"https:\/\/progression-verticale.com\/wp-content\/uploads\/2025\/12\/WhatsApp-Image-2025-12-10-a-10.12.57_e4ce9e2e-1024x683.jpg 1024w, https:\/\/progression-verticale.com\/wp-content\/uploads\/2025\/12\/WhatsApp-Image-2025-12-10-a-10.12.57_e4ce9e2e-300x200.jpg 300w, https:\/\/progression-verticale.com\/wp-content\/uploads\/2025\/12\/WhatsApp-Image-2025-12-10-a-10.12.57_e4ce9e2e-768x512.jpg 768w, https:\/\/progression-verticale.com\/wp-content\/uploads\/2025\/12\/WhatsApp-Image-2025-12-10-a-10.12.57_e4ce9e2e-100x67.jpg 100w, https:\/\/progression-verticale.com\/wp-content\/uploads\/2025\/12\/WhatsApp-Image-2025-12-10-a-10.12.57_e4ce9e2e-150x100.jpg 150w, https:\/\/progression-verticale.com\/wp-content\/uploads\/2025\/12\/WhatsApp-Image-2025-12-10-a-10.12.57_e4ce9e2e-200x133.jpg 200w, https:\/\/progression-verticale.com\/wp-content\/uploads\/2025\/12\/WhatsApp-Image-2025-12-10-a-10.12.57_e4ce9e2e-450x300.jpg 450w, https:\/\/progression-verticale.com\/wp-content\/uploads\/2025\/12\/WhatsApp-Image-2025-12-10-a-10.12.57_e4ce9e2e-600x400.jpg 600w, https:\/\/progression-verticale.com\/wp-content\/uploads\/2025\/12\/WhatsApp-Image-2025-12-10-a-10.12.57_e4ce9e2e-900x600.jpg 900w, https:\/\/progression-verticale.com\/wp-content\/uploads\/2025\/12\/WhatsApp-Image-2025-12-10-a-10.12.57_e4ce9e2e.jpg 1458w\" sizes=\"(max-width: 1024px) 100vw, 1024px\" \/><\/figure>\n<\/figure>\n\n\n\n<p><a href=\"http:\/\/www.progression-verticale.com\/index.php\/contact\">Renseignements<\/a><\/p>\n\n\n\n<p><\/p>\n","protected":false},"excerpt":{"rendered":"<p>Du 26 au 28 Octobre 2026 Ce stage se fera dans continuit\u00e9 du pr\u00e9c\u00e9dent, mais en ciblant des voies relativement bien \u00e9quip\u00e9es et plut\u00f4t orient\u00e9es plaisir. Nous sommes toujours dans les aiguilles de Bavella en Corse un des plus beaux &hellip;<\/p>\n<p class=\"read-more\"> <a class=\"more-link\" href=\"https:\/\/progression-verticale.com\/index.php\/corse-2026-bis\/\"> <span class=\"screen-reader-text\">Corse 2026 bis<\/span> Read More &raquo;<\/a><\/p>\n","protected":false},"author":1,"featured_media":0,"parent":0,"menu_order":0,"comment_status":"closed","ping_status":"closed","template":"","meta":{"footnotes":""},"class_list":["post-1010","page","type-page","status-publish","hentry"],"yoast_head":"<!-- This site is optimized with the Yoast SEO plugin v26.9 - https:\/\/yoast.com\/product\/yoast-seo-wordpress\/ -->\n<title>Corse 2026 bis - \u00a0Progression Verticale<\/title>\n<meta name=\"description\" content=\"Stage escalade en Corse \u00e0 Bavella en octobre 2026. Les voies sont des voies sportives et pour des grimpeurs niveau 5c\/6a.\" \/>\n<meta name=\"robots\" content=\"index, follow, max-snippet:-1, max-image-preview:large, max-video-preview:-1\" \/>\n<link rel=\"canonical\" href=\"https:\/\/progression-verticale.com\/index.php\/corse-2026-bis\/\" \/>\n<meta property=\"og:locale\" content=\"fr_FR\" \/>\n<meta property=\"og:type\" content=\"article\" \/>\n<meta property=\"og:title\" content=\"Corse 2026 bis - \u00a0Progression Verticale\" \/>\n<meta property=\"og:description\" content=\"Stage escalade en Corse \u00e0 Bavella en octobre 2026. Les voies sont des voies sportives et pour des grimpeurs niveau 5c\/6a.\" \/>\n<meta property=\"og:url\" content=\"https:\/\/progression-verticale.com\/index.php\/corse-2026-bis\/\" \/>\n<meta property=\"og:site_name\" content=\"\u00a0Progression Verticale\" \/>\n<meta property=\"article:modified_time\" content=\"2026-02-12T12:50:43+00:00\" \/>\n<meta property=\"og:image\" content=\"https:\/\/progression-verticale.com\/wp-content\/uploads\/2025\/12\/WhatsApp-Image-2025-12-10-a-10.10.39_3a2b2a83-1024x682.jpg\" \/>\n<meta name=\"twitter:card\" content=\"summary_large_image\" \/>\n<meta name=\"twitter:label1\" content=\"Dur\u00e9e de lecture estim\u00e9e\" \/>\n\t<meta name=\"twitter:data1\" content=\"4 minutes\" \/>\n<script type=\"application\/ld+json\" class=\"yoast-schema-graph\">{\"@context\":\"https:\/\/schema.org\",\"@graph\":[{\"@type\":\"WebPage\",\"@id\":\"https:\/\/progression-verticale.com\/index.php\/corse-2026-bis\/\",\"url\":\"https:\/\/progression-verticale.com\/index.php\/corse-2026-bis\/\",\"name\":\"Corse 2026 bis - \u00a0Progression Verticale\",\"isPartOf\":{\"@id\":\"https:\/\/progression-verticale.com\/#website\"},\"primaryImageOfPage\":{\"@id\":\"https:\/\/progression-verticale.com\/index.php\/corse-2026-bis\/#primaryimage\"},\"image\":{\"@id\":\"https:\/\/progression-verticale.com\/index.php\/corse-2026-bis\/#primaryimage\"},\"thumbnailUrl\":\"https:\/\/progression-verticale.com\/wp-content\/uploads\/2025\/12\/WhatsApp-Image-2025-12-10-a-10.10.39_3a2b2a83-1024x682.jpg\",\"datePublished\":\"2026-02-06T15:17:21+00:00\",\"dateModified\":\"2026-02-12T12:50:43+00:00\",\"description\":\"Stage escalade en Corse \u00e0 Bavella en octobre 2026. Les voies sont des voies sportives et pour des grimpeurs niveau 5c\/6a.\",\"breadcrumb\":{\"@id\":\"https:\/\/progression-verticale.com\/index.php\/corse-2026-bis\/#breadcrumb\"},\"inLanguage\":\"fr-FR\",\"potentialAction\":[{\"@type\":\"ReadAction\",\"target\":[\"https:\/\/progression-verticale.com\/index.php\/corse-2026-bis\/\"]}]},{\"@type\":\"ImageObject\",\"inLanguage\":\"fr-FR\",\"@id\":\"https:\/\/progression-verticale.com\/index.php\/corse-2026-bis\/#primaryimage\",\"url\":\"https:\/\/progression-verticale.com\/wp-content\/uploads\/2025\/12\/WhatsApp-Image-2025-12-10-a-10.10.39_3a2b2a83.jpg\",\"contentUrl\":\"https:\/\/progression-verticale.com\/wp-content\/uploads\/2025\/12\/WhatsApp-Image-2025-12-10-a-10.10.39_3a2b2a83.jpg\",\"width\":1600,\"height\":1066},{\"@type\":\"BreadcrumbList\",\"@id\":\"https:\/\/progression-verticale.com\/index.php\/corse-2026-bis\/#breadcrumb\",\"itemListElement\":[{\"@type\":\"ListItem\",\"position\":1,\"name\":\"Accueil\",\"item\":\"https:\/\/progression-verticale.com\/\"},{\"@type\":\"ListItem\",\"position\":2,\"name\":\"Corse 2026 bis\"}]},{\"@type\":\"WebSite\",\"@id\":\"https:\/\/progression-verticale.com\/#website\",\"url\":\"https:\/\/progression-verticale.com\/\",\"name\":\"\u00a0Progression Verticale\",\"description\":\"Pr\u00e9parez votre aventure en escalade, canyoning, terrain d&#039;aventure et autres activit\u00e9s verticales\",\"publisher\":{\"@id\":\"https:\/\/progression-verticale.com\/#organization\"},\"potentialAction\":[{\"@type\":\"SearchAction\",\"target\":{\"@type\":\"EntryPoint\",\"urlTemplate\":\"https:\/\/progression-verticale.com\/?s={search_term_string}\"},\"query-input\":{\"@type\":\"PropertyValueSpecification\",\"valueRequired\":true,\"valueName\":\"search_term_string\"}}],\"inLanguage\":\"fr-FR\"},{\"@type\":\"Organization\",\"@id\":\"https:\/\/progression-verticale.com\/#organization\",\"name\":\"\u00a0Progression Verticale\",\"url\":\"https:\/\/progression-verticale.com\/\",\"logo\":{\"@type\":\"ImageObject\",\"inLanguage\":\"fr-FR\",\"@id\":\"https:\/\/progression-verticale.com\/#\/schema\/logo\/image\/\",\"url\":\"https:\/\/progression-verticale.com\/wp-content\/uploads\/2025\/12\/LogoPV-v2-50.png\",\"contentUrl\":\"https:\/\/progression-verticale.com\/wp-content\/uploads\/2025\/12\/LogoPV-v2-50.png\",\"width\":224,\"height\":221,\"caption\":\"\u00a0Progression Verticale\"},\"image\":{\"@id\":\"https:\/\/progression-verticale.com\/#\/schema\/logo\/image\/\"}}]}<\/script>\n<!-- \/ Yoast SEO plugin. -->","yoast_head_json":{"title":"Corse 2026 bis - \u00a0Progression Verticale","description":"Stage escalade en Corse \u00e0 Bavella en octobre 2026. Les voies sont des voies sportives et pour des grimpeurs niveau 5c\/6a.","robots":{"index":"index","follow":"follow","max-snippet":"max-snippet:-1","max-image-preview":"max-image-preview:large","max-video-preview":"max-video-preview:-1"},"canonical":"https:\/\/progression-verticale.com\/index.php\/corse-2026-bis\/","og_locale":"fr_FR","og_type":"article","og_title":"Corse 2026 bis - \u00a0Progression Verticale","og_description":"Stage escalade en Corse \u00e0 Bavella en octobre 2026. Les voies sont des voies sportives et pour des grimpeurs niveau 5c\/6a.","og_url":"https:\/\/progression-verticale.com\/index.php\/corse-2026-bis\/","og_site_name":"\u00a0Progression Verticale","article_modified_time":"2026-02-12T12:50:43+00:00","og_image":[{"url":"https:\/\/progression-verticale.com\/wp-content\/uploads\/2025\/12\/WhatsApp-Image-2025-12-10-a-10.10.39_3a2b2a83-1024x682.jpg","type":"","width":"","height":""}],"twitter_card":"summary_large_image","twitter_misc":{"Dur\u00e9e de lecture estim\u00e9e":"4 minutes"},"schema":{"@context":"https:\/\/schema.org","@graph":[{"@type":"WebPage","@id":"https:\/\/progression-verticale.com\/index.php\/corse-2026-bis\/","url":"https:\/\/progression-verticale.com\/index.php\/corse-2026-bis\/","name":"Corse 2026 bis - \u00a0Progression Verticale","isPartOf":{"@id":"https:\/\/progression-verticale.com\/#website"},"primaryImageOfPage":{"@id":"https:\/\/progression-verticale.com\/index.php\/corse-2026-bis\/#primaryimage"},"image":{"@id":"https:\/\/progression-verticale.com\/index.php\/corse-2026-bis\/#primaryimage"},"thumbnailUrl":"https:\/\/progression-verticale.com\/wp-content\/uploads\/2025\/12\/WhatsApp-Image-2025-12-10-a-10.10.39_3a2b2a83-1024x682.jpg","datePublished":"2026-02-06T15:17:21+00:00","dateModified":"2026-02-12T12:50:43+00:00","description":"Stage escalade en Corse \u00e0 Bavella en octobre 2026. Les voies sont des voies sportives et pour des grimpeurs niveau 5c\/6a.","breadcrumb":{"@id":"https:\/\/progression-verticale.com\/index.php\/corse-2026-bis\/#breadcrumb"},"inLanguage":"fr-FR","potentialAction":[{"@type":"ReadAction","target":["https:\/\/progression-verticale.com\/index.php\/corse-2026-bis\/"]}]},{"@type":"ImageObject","inLanguage":"fr-FR","@id":"https:\/\/progression-verticale.com\/index.php\/corse-2026-bis\/#primaryimage","url":"https:\/\/progression-verticale.com\/wp-content\/uploads\/2025\/12\/WhatsApp-Image-2025-12-10-a-10.10.39_3a2b2a83.jpg","contentUrl":"https:\/\/progression-verticale.com\/wp-content\/uploads\/2025\/12\/WhatsApp-Image-2025-12-10-a-10.10.39_3a2b2a83.jpg","width":1600,"height":1066},{"@type":"BreadcrumbList","@id":"https:\/\/progression-verticale.com\/index.php\/corse-2026-bis\/#breadcrumb","itemListElement":[{"@type":"ListItem","position":1,"name":"Accueil","item":"https:\/\/progression-verticale.com\/"},{"@type":"ListItem","position":2,"name":"Corse 2026 bis"}]},{"@type":"WebSite","@id":"https:\/\/progression-verticale.com\/#website","url":"https:\/\/progression-verticale.com\/","name":"\u00a0Progression Verticale","description":"Pr\u00e9parez votre aventure en escalade, canyoning, terrain d&#039;aventure et autres activit\u00e9s verticales","publisher":{"@id":"https:\/\/progression-verticale.com\/#organization"},"potentialAction":[{"@type":"SearchAction","target":{"@type":"EntryPoint","urlTemplate":"https:\/\/progression-verticale.com\/?s={search_term_string}"},"query-input":{"@type":"PropertyValueSpecification","valueRequired":true,"valueName":"search_term_string"}}],"inLanguage":"fr-FR"},{"@type":"Organization","@id":"https:\/\/progression-verticale.com\/#organization","name":"\u00a0Progression Verticale","url":"https:\/\/progression-verticale.com\/","logo":{"@type":"ImageObject","inLanguage":"fr-FR","@id":"https:\/\/progression-verticale.com\/#\/schema\/logo\/image\/","url":"https:\/\/progression-verticale.com\/wp-content\/uploads\/2025\/12\/LogoPV-v2-50.png","contentUrl":"https:\/\/progression-verticale.com\/wp-content\/uploads\/2025\/12\/LogoPV-v2-50.png","width":224,"height":221,"caption":"\u00a0Progression Verticale"},"image":{"@id":"https:\/\/progression-verticale.com\/#\/schema\/logo\/image\/"}}]}},"featured_image_src":"","featured_image_src_square":false,"rbea_author_info":{"display_name":"admin1219","author_link":"https:\/\/progression-verticale.com\/index.php\/author\/admin1219\/"},"rbea_excerpt_info":"Du 26 au 28 Octobre 2026 Ce stage se fera dans continuit\u00e9 du pr\u00e9c\u00e9dent, mais en ciblant des voies relativement bien \u00e9quip\u00e9es et plut\u00f4t orient\u00e9es plaisir. Nous sommes toujours dans les aiguilles de Bavella en Corse un des plus beaux &hellip;<p class=\"read-more\"> <a class=\"more-link\" href=\"https:\/\/progression-verticale.com\/index.php\/corse-2026-bis\/\"> <span class=\"screen-reader-text\">Corse 2026 bis<\/span> Read More &raquo;<\/a><\/p>","jetpack_sharing_enabled":true,"_links":{"self":[{"href":"https:\/\/progression-verticale.com\/index.php\/wp-json\/wp\/v2\/pages\/1010","targetHints":{"allow":["GET"]}}],"collection":[{"href":"https:\/\/progression-verticale.com\/index.php\/wp-json\/wp\/v2\/pages"}],"about":[{"href":"https:\/\/progression-verticale.com\/index.php\/wp-json\/wp\/v2\/types\/page"}],"author":[{"embeddable":true,"href":"https:\/\/progression-verticale.com\/index.php\/wp-json\/wp\/v2\/users\/1"}],"replies":[{"embeddable":true,"href":"https:\/\/progression-verticale.com\/index.php\/wp-json\/wp\/v2\/comments?post=1010"}],"version-history":[{"count":1,"href":"https:\/\/progression-verticale.com\/index.php\/wp-json\/wp\/v2\/pages\/1010\/revisions"}],"predecessor-version":[{"id":1011,"href":"https:\/\/progression-verticale.com\/index.php\/wp-json\/wp\/v2\/pages\/1010\/revisions\/1011"}],"wp:attachment":[{"href":"https:\/\/progression-verticale.com\/index.php\/wp-json\/wp\/v2\/media?parent=1010"}],"curies":[{"name":"wp","href":"https:\/\/api.w.org\/{rel}","templated":true}]}}